{"id":89,"date":"2019-01-13T12:38:21","date_gmt":"2019-01-13T12:38:21","guid":{"rendered":"http:\/\/mit-musik-geht-reha-besser.de\/?page_id=89"},"modified":"2019-06-22T03:33:17","modified_gmt":"2019-06-22T03:33:17","slug":"anwendung","status":"publish","type":"page","link":"https:\/\/mit-musik-geht-reha-besser.de\/es\/anwendung\/","title":{"rendered":"Solicitud"},"content":{"rendered":"<p>Las aplicaciones de la musicoterapia en rehabilitaci\u00f3n son incre\u00edblemente diversas. La m\u00fasica puede influir positivamente en una amplia gama de s\u00edntomas. Existen estudios cient\u00edficos que documentan su eficacia duradera en muchas de sus aplicaciones. <\/p>\n\n\n\n<p><strong><a href=\"http:\/\/mit-musik-geht-reha-besser.de\/es\/wachkoma-2\/\">Musicoterapia para pacientes en estado vegetativo<\/a><\/strong> Se lleva a cabo al lado de la cama del paciente en estado vegetativo.<\/p>\n\n\n\n<p><strong><a href=\"http:\/\/mit-musik-geht-reha-besser.de\/es\/neurologische-musiktherapie\/\">Musicoterapia neurol\u00f3gica <\/a><\/strong>Incluye aplicaciones cient\u00edficamente s\u00f3lidas para <a href=\"http:\/\/mit-musik-geht-reha-besser.de\/es\/neurologische-musiktherapie-motoriktraining\/\">sensoriomotor<\/a> (Entrenamiento de la marcha, entrenamiento de brazos y manos, etc.), <a href=\"http:\/\/mit-musik-geht-reha-besser.de\/es\/neurologische-musiktherapie-sprach-sprech-und-stimmtraining\/\">relacionados con el lenguaje y la voz<\/a> (<a href=\"http:\/\/mit-musik-geht-reha-besser.de\/es\/aphasie\/\">afasia<\/a> ua) y <a href=\"http:\/\/mit-musik-geht-reha-besser.de\/es\/neurologische-musiktherapie-hirnleistungstraining\/\">t\u00e9cnicas de entrenamiento cognitivo<\/a>.<\/p>\n\n\n\n<p><a href=\"file:\/\/\/G:\/web%20site\/WEB%20SPACE%201&amp;1\/Mit-Musik-geht-Reha-besser\/html\/psyche.html\"><strong>Psicoterapia con musicoterapia<\/strong><\/a>\nEsto representa otra \u00e1rea de aplicaci\u00f3n de la musicoterapia en la rehabilitaci\u00f3n. Crear y experimentar m\u00fasica en el marco de un programa terap\u00e9utico orientado a las relaciones contribuye significativamente al \u00e9xito de la rehabilitaci\u00f3n.<a href=\"http:\/\/mit-musik-geht-reha-besser.de\/es\/neurologische-musiktherapie\/\">I<\/a><\/p>\n\n\n\n<p><\/p>","protected":false},"excerpt":{"rendered":"<p>Die Anwendungsm\u00f6glichkeiten von Musiktherapie in der Rehabilitation sind enorm vielf\u00e4ltig. Dabei lassen sich die verschiedensten Symptome mit Musik positiv beeinflussen. F\u00fcr viele musiktherapeutische Anwendungen liegen wissenschaftliche Studien vor, welche eine nachhaltige Wirksamkeit dokumentieren. Musiktherapie bei Wachkoma findet bei Wachkomapatienten am Bett statt. Neurologische Musiktherapie beinhaltet wissenschaftlich fundierte Anwendungen f\u00fcr sensomotorische (Gangtraining, Arm- und Handtraining etc.), [&hellip;]<\/p>\n","protected":false},"author":1,"featured_media":0,"parent":0,"menu_order":1,"comment_status":"closed","ping_status":"closed","template":"","meta":{"footnotes":""},"class_list":["post-89","page","type-page","status-publish","hentry"],"_links":{"self":[{"href":"https:\/\/mit-musik-geht-reha-besser.de\/es\/wp-json\/wp\/v2\/pages\/89","targetHints":{"allow":["GET"]}}],"collection":[{"href":"https:\/\/mit-musik-geht-reha-besser.de\/es\/wp-json\/wp\/v2\/pages"}],"about":[{"href":"https:\/\/mit-musik-geht-reha-besser.de\/es\/wp-json\/wp\/v2\/types\/page"}],"author":[{"embeddable":true,"href":"https:\/\/mit-musik-geht-reha-besser.de\/es\/wp-json\/wp\/v2\/users\/1"}],"replies":[{"embeddable":true,"href":"https:\/\/mit-musik-geht-reha-besser.de\/es\/wp-json\/wp\/v2\/comments?post=89"}],"version-history":[{"count":5,"href":"https:\/\/mit-musik-geht-reha-besser.de\/es\/wp-json\/wp\/v2\/pages\/89\/revisions"}],"predecessor-version":[{"id":499,"href":"https:\/\/mit-musik-geht-reha-besser.de\/es\/wp-json\/wp\/v2\/pages\/89\/revisions\/499"}],"wp:attachment":[{"href":"https:\/\/mit-musik-geht-reha-besser.de\/es\/wp-json\/wp\/v2\/media?parent=89"}],"curies":[{"name":"wp","href":"https:\/\/api.w.org\/{rel}","templated":true}]}}