{"id":90,"date":"2019-01-13T12:38:21","date_gmt":"2019-01-13T12:38:21","guid":{"rendered":"http:\/\/mit-musik-geht-reha-besser.de\/?page_id=90"},"modified":"2025-12-02T14:38:23","modified_gmt":"2025-12-02T14:38:23","slug":"musik","status":"publish","type":"page","link":"https:\/\/mit-musik-geht-reha-besser.de\/es\/musik\/","title":{"rendered":"M\u00fasica"},"content":{"rendered":"<div class=\"wp-block-columns is-layout-flex wp-container-core-columns-is-layout-9d6595d7 wp-block-columns-is-layout-flex\">\n<div class=\"wp-block-column is-layout-flow wp-block-column-is-layout-flow\" style=\"flex-basis:100%\">\n<p>La m\u00fasica hace que el entrenamiento sea m\u00e1s efectivo. No solo mejora la motivaci\u00f3n, sino que con la m\u00fasica adecuada, el entrenamiento se vuelve m\u00e1s ergon\u00f3mico, los m\u00fasculos trabajan con mayor eficiencia y nuestro rendimiento f\u00edsico mejora. Incluso la fuerza puede aumentar considerablemente.&nbsp;<\/p>\n<p>Pero \u00bfcu\u00e1l es la m\u00fasica adecuada? Al elegir la m\u00fasica, primero debes considerar la actividad, es decir, el movimiento. El ritmo de la m\u00fasica debe reflejar este movimiento lo m\u00e1s fielmente posible. El tempo de la m\u00fasica, el llamado ritmo, puede incluso usarse para controlar el movimiento. Incluso peque\u00f1os cambios en el ritmo pueden tener un impacto significativo en la efectividad del entrenamiento. El ritmo se mide en <em>pulsaciones por minuto<\/em> especificado y con&nbsp;<em>bpm<\/em> abreviado.<\/p>\n<p>Puedes calcular f\u00e1cilmente tu contador de pasos personal configurando un temporizador de 20 segundos y contando los pasos mientras caminas. Las aplicaciones (por ejemplo, BPM Tap Counter) tambi\u00e9n pueden ser \u00fatiles. El tempo de la m\u00fasica se corresponde con la cadencia deseada durante el entrenamiento. Para entrenar en cinta, es adecuado entre 85 y 110 bpm, dependiendo de la velocidad de la banda. Para la marcha n\u00f3rdica con m\u00fasica, se recomiendan entre 85 y 95 bpm.<\/p>\n<p>Las listas de reproducci\u00f3n se crearon en la app de Spotify. Puedes reproducirlas mediante el icono de Spotify en la esquina superior derecha de la app. Si no tienes suscripci\u00f3n, las pistas se ver\u00e1n interrumpidas por anuncios. Adem\u00e1s, sin suscripci\u00f3n, el algoritmo podr\u00eda expandir la lista de reproducci\u00f3n autom\u00e1ticamente, dej\u00e1ndote sin m\u00fasica adecuada para tu ritmo. Si quieres usar una pista espec\u00edfica, solo es posible con una suscripci\u00f3n a Spotify. Si prefieres usar otro servicio de streaming de m\u00fasica o descargar las pistas (por ejemplo, de Amazon Music o iTunes), selecciona las pistas que quieras individualmente y gu\u00e1rdalas a tu ritmo preferido. <a href=\"http:\/\/mit-musik-geht-reha-besser.de\/es\/playlists\/\">Tu lista de reproducci\u00f3n personal<\/a> a.<\/p>\n<p>\u00bfFalta algo? Nos encantar\u00eda saber de usted. <a href=\"http:\/\/mit-musik-geht-reha-besser.de\/es\/impressum\/\">Sus comentarios o adiciones<\/a>.<\/p>\n<p><strong>82 \u2013 84 lpm<\/strong><\/p>\n<p><iframe loading=\"lazy\" style=\"border-radius:12px\" src=\"https:\/\/open.spotify.com\/embed\/playlist\/7b8EHRAOPkQT6nAt6sfA5b?utm_source=generator&#038;theme=0\" width=\"100%\" height=\"152\" frameborder=\"0\" allowfullscreen=\"\"><\/iframe><\/p>\n<p><strong>85 \u2013 87 lpm<\/strong><\/p>\n<p><iframe loading=\"lazy\" style=\"border-radius:12px\" src=\"https:\/\/open.spotify.com\/embed\/playlist\/5kfLZmNe7VK1hazTOpkVc7?utm_source=generator&#038;theme=0\" width=\"100%\" height=\"152\" frameborder=\"0\" allowfullscreen=\"\"><\/iframe><\/p>\n<p><strong>88 \u2013 90 lpm<\/strong><\/p>\n<p><iframe loading=\"lazy\" style=\"border-radius: 12px;\" src=\"https:\/\/open.spotify.com\/embed\/playlist\/2sM2kIh1Jq8aHihAzkRyTk?utm_source=generator&amp;theme=0\" width=\"100%\" height=\"152\" frameborder=\"0\" allowfullscreen=\"allowfullscreen\"><\/iframe><\/p>\n<p><strong>93 \u2013 95 lpm<\/strong><\/p>\n<p><iframe loading=\"lazy\" style=\"border-radius: 12px;\" src=\"https:\/\/open.spotify.com\/embed\/playlist\/3p4AGe4qYrAuFKJYYV8lU3?utm_source=generator&amp;theme=0\" width=\"100%\" height=\"152\" frameborder=\"0\" allowfullscreen=\"allowfullscreen\"><\/iframe><\/p>\n\n<p><strong>96 \u2013 98 lpm<\/strong><\/p>\n<p><iframe loading=\"lazy\" style=\"border-radius:12px\" src=\"https:\/\/open.spotify.com\/embed\/playlist\/1E5ZGHWDImHfI8nSwcZE6x?utm_source=generator&#038;theme=0\" width=\"100%\" height=\"152\" frameborder=\"0\" allowfullscreen=\"allowfullscreen\"><\/iframe><\/p>\n\n<p><strong>99 \u2013 101 lpm<\/strong><\/p>\n<p><iframe loading=\"lazy\" style=\"border-radius: 12px;\" src=\"https:\/\/open.spotify.com\/embed\/playlist\/5kN8scfG05HvRQY5jo8DRF?utm_source=generator&amp;theme=0\" width=\"100%\" height=\"152\" frameborder=\"0\" allowfullscreen=\"allowfullscreen\"><\/iframe><\/p>\n<p><strong>105 \u2013 107 bpm<\/strong><\/p>\n<p><iframe loading=\"lazy\" style=\"border-radius: 12px;\" src=\"https:\/\/open.spotify.com\/embed\/playlist\/2PM69wL3mWJNF2a4m6bdxA?utm_source=generator&amp;theme=0\" width=\"100%\" height=\"152\" frameborder=\"0\" allowfullscreen=\"allowfullscreen\"><\/iframe><\/p>\n<p><strong>108 \u2013 110 bpm<\/strong><\/p>\n<p><iframe loading=\"lazy\" style=\"border-radius: 12px;\" src=\"https:\/\/open.spotify.com\/embed\/playlist\/4b8dJqACcLuIDp9SISMRpj?utm_source=generator&amp;theme=0\" width=\"100%\" height=\"152\" frameborder=\"0\" allowfullscreen=\"allowfullscreen\"><\/iframe><\/p>\n<p><strong>111 \u2013 113 bpm <\/strong><\/p>\n<p><iframe loading=\"lazy\" style=\"border-radius: 12px;\" src=\"https:\/\/open.spotify.com\/embed\/playlist\/6Na40MRI66bhjAQf5aVS7m?utm_source=generator&amp;theme=0\" width=\"100%\" height=\"152\" frameborder=\"0\" allowfullscreen=\"allowfullscreen\"><\/iframe><\/p>\n<p><strong>114 \u2013 116 bpm <\/strong><\/p>\n<p><iframe loading=\"lazy\" style=\"border-radius: 12px;\" src=\"https:\/\/open.spotify.com\/embed\/playlist\/6aVo775TtmLyLKQQVKgsrY?utm_source=generator\" width=\"100%\" height=\"152\" frameborder=\"0\" allowfullscreen=\"allowfullscreen\"><\/iframe><\/p>\n<p><strong>117 \u2013 119 bpm <\/strong><\/p>\n<p><iframe loading=\"lazy\" style=\"border-radius: 12px;\" src=\"https:\/\/open.spotify.com\/embed\/playlist\/6YERcwjWsvqtQFjCiYTXGo?utm_source=generator&amp;theme=0\" width=\"100%\" height=\"152\" frameborder=\"0\" allowfullscreen=\"allowfullscreen\"><\/iframe><\/p>\n<p><strong>120 \u2013 122 lpm <\/strong><\/p>\n<p><iframe loading=\"lazy\" style=\"border-radius: 12px;\" src=\"https:\/\/open.spotify.com\/embed\/playlist\/653psE6RIG4UoHW3TnbAzF?utm_source=generator&amp;theme=0\" width=\"100%\" height=\"152\" frameborder=\"0\" allowfullscreen=\"allowfullscreen\"><\/iframe><\/p>\n<p><strong>123 \u2013 126 bpm<\/strong><strong><br><\/strong><\/p>\n<p><iframe loading=\"lazy\" style=\"border-radius: 12px;\" src=\"https:\/\/open.spotify.com\/embed\/playlist\/2OMV9QGUHh9gqjB3dIDKC6?utm_source=generator&amp;theme=0\" width=\"100%\" height=\"152\" frameborder=\"0\" allowfullscreen=\"allowfullscreen\"><\/iframe><\/p>\n<\/div>\n<\/div>\n\n\n\n<h4 class=\"wp-block-heading\">Retroalimentaci\u00f3n musical basada en sensores durante el entrenamiento de la marcha con la aplicaci\u00f3n CuraSwing<\/h4>\n\n\n\n<p>Con el <a href=\"http:\/\/www.curaswing.de\" target=\"_blank\" rel=\"noreferrer noopener\">Aplicaci\u00f3n CuraSwing<\/a> Crea retroalimentaci\u00f3n musical din\u00e1mica mientras caminas. La m\u00fasica indica la energ\u00eda y el alcance de tus movimientos. Este innovador programa de entrenamiento de la marcha tambi\u00e9n incluye un m\u00f3dulo de evaluaci\u00f3n para seguir tu progreso. <\/p>\n\n\n\n<p>CuraSwing funciona interpretando el balanceo de brazos al caminar en m\u00fasica y estimulando toda la secuencia de movimiento. La aplicaci\u00f3n proporciona estimulaci\u00f3n r\u00edtmica y musical que se desarrolla a medida que aumenta el balanceo de brazos. Los movimientos m\u00e1s amplios y r\u00e1pidos aumentan la intensidad musical en tiempo real. <\/p>\n\n\n\n<p>El modo sin retroalimentaci\u00f3n te permite desactivarla. En este modo, CuraSwing puede usarse para el entrenamiento tradicional con m\u00fasica, con estimulaci\u00f3n musical constante. Los mensajes motivacionales mejoran la experiencia de entrenamiento y te ayudan a estructurar tus entrenamientos. La aplicaci\u00f3n est\u00e1 dise\u00f1ada espec\u00edficamente para personas con movilidad reducida y un estilo de vida sedentario.<\/p>\n\n\n\n<p><\/p>\n\n\n\n<div class=\"wp-block-group\"><div class=\"wp-block-group__inner-container is-layout-constrained wp-block-group-is-layout-constrained\">\n<h4 class=\"wp-block-heading\"><strong>M\u00fasica de entrenamiento personalizada<\/strong> <\/h4>\n\n\n\n<p>Las siguientes pistas fueron desarrolladas por Stefan Mainka y Matthias K\u00f6ninger para el entrenamiento de la marcha asistido por m\u00fasica. Todos los componentes sonoros buscan optimizar el movimiento al caminar. Las composiciones se basan en un ritmo estable y m\u00e9trico, vinculado a la frecuencia de los pasos. Este pulso no solo es impulsado por el bajo y la bater\u00eda, como en las producciones musicales convencionales, sino tambi\u00e9n por una m\u00e9trica tonal de alta frecuencia. Estas caracter\u00edsticas r\u00edtmicas fomentan una conexi\u00f3n motora subconsciente con la m\u00fasica. Una melod\u00eda pegadiza y consistente, junto con armon\u00edas motivadoras, sientan las bases para un entrenamiento de movimiento eficaz. Cada pieza musical de 10 minutos concluye con un silencio de 2 minutos. Esto sirve para reforzar mental y f\u00edsicamente los cambios en el entrenamiento. Cada pista termina con una gratificante fanfarria y una gran floritura.<\/p>\n\n\n\n<table style=\"border-collapse: collapse; width: 100%; height: 196px;\">\n<tbody>\n<tr style=\"height: 10px;\">\n<td><p><strong>90 lpm<\/strong><\/p><audio class=\"wp-audio-shortcode\" id=\"audio-90-1\" preload=\"none\" style=\"width: 100%;\" controls=\"controls\"><source type=\"audio\/mpeg\" src=\"http:\/\/mit-musik-geht-reha-besser.de\/wp-content\/uploads\/2023\/04\/090-bpm-12-min-Wohlauf.mp3?_=1\" \/><a href=\"http:\/\/mit-musik-geht-reha-besser.de\/wp-content\/uploads\/2023\/04\/090-bpm-12-min-Wohlauf.mp3\">http:\/\/mit-musik-geht-reha-besser.de\/wp-content\/uploads\/2023\/04\/090-bpm-12-min-Wohlauf.mp3<\/a><\/audio><br>\n<a href=\"http:\/\/mit-musik-geht-reha-besser.de\/wp-content\/uploads\/2023\/04\/090-bpm-12-min-Wohlauf.mp3\" download=\"\">Descargar<\/a>\n<\/p><\/td>\n<\/tr>\n\n<tr style=\"height: 58px;\">\n<td style=\"width: 50%; height: 58px;\">\n<p><strong>95 lpm<\/strong><\/p><p><audio class=\"wp-audio-shortcode\" id=\"audio-90-2\" preload=\"none\" style=\"width: 100%;\" controls=\"controls\"><source type=\"audio\/mpeg\" src=\"http:\/\/mit-musik-geht-reha-besser.de\/wp-content\/uploads\/2023\/04\/095-bpm-12-min-Muss-i-denn.mp3?_=2\" \/><a href=\"http:\/\/mit-musik-geht-reha-besser.de\/wp-content\/uploads\/2023\/04\/095-bpm-12-min-Muss-i-denn.mp3\">http:\/\/mit-musik-geht-reha-besser.de\/wp-content\/uploads\/2023\/04\/095-bpm-12-min-Muss-i-denn.mp3<\/a><\/audio><br>\n<a href=\"http:\/\/mit-musik-geht-reha-besser.de\/wp-content\/uploads\/2023\/04\/095-bpm-12-min-Muss-i-denn.mp3\" download=\"\">Descargar<\/a>\n<\/p>\n<\/td>\n<td style=\"width: 50%; height: 58px;\">\n<p>Parar y seguir<br><\/p><p><audio class=\"wp-audio-shortcode\" id=\"audio-90-3\" preload=\"none\" style=\"width: 100%;\" controls=\"controls\"><source type=\"audio\/mpeg\" src=\"http:\/\/mit-musik-geht-reha-besser.de\/wp-content\/uploads\/2023\/04\/095-bpm-stop_go-Muss-i-denn.mp3?_=3\" \/><a href=\"http:\/\/mit-musik-geht-reha-besser.de\/wp-content\/uploads\/2023\/04\/095-bpm-stop_go-Muss-i-denn.mp3\">http:\/\/mit-musik-geht-reha-besser.de\/wp-content\/uploads\/2023\/04\/095-bpm-stop_go-Muss-i-denn.mp3<\/a><\/audio><br>\n<a href=\"http:\/\/mit-musik-geht-reha-besser.de\/wp-content\/uploads\/2023\/04\/095-bpm-stop_go-Muss-i-denn.mp3\" download=\"\">Descargar<\/a>\n<\/p>\n<\/td>\n<\/tr>\n<tr style=\"height: 58px;\">\n<td style=\"width: 50%; height: 58px;\">\n<p><strong>100 lpm<\/strong><\/p><p><audio class=\"wp-audio-shortcode\" id=\"audio-90-4\" preload=\"none\" style=\"width: 100%;\" controls=\"controls\"><source type=\"audio\/mpeg\" src=\"http:\/\/mit-musik-geht-reha-besser.de\/wp-content\/uploads\/2023\/04\/100-bpm-12-min-Spaziere.mp3?_=4\" \/><a href=\"http:\/\/mit-musik-geht-reha-besser.de\/wp-content\/uploads\/2023\/04\/100-bpm-12-min-Spaziere.mp3\">http:\/\/mit-musik-geht-reha-besser.de\/wp-content\/uploads\/2023\/04\/100-bpm-12-min-Spaziere.mp3<\/a><\/audio><br>\n<a href=\"http:\/\/mit-musik-geht-reha-besser.de\/wp-content\/uploads\/2023\/04\/100-bpm-12-min-Spaziere.mp3\" download=\"\">Descargar<\/a>\n<\/p>\n<\/td>\n<td style=\"width: 50%; height: 58px;\">\n<p>Parar y seguir<br><\/p><p><audio class=\"wp-audio-shortcode\" id=\"audio-90-5\" preload=\"none\" style=\"width: 100%;\" controls=\"controls\"><source type=\"audio\/mpeg\" src=\"http:\/\/mit-musik-geht-reha-besser.de\/wp-content\/uploads\/2023\/04\/100-bpm-stop_go-Spaziere.mp3?_=5\" \/><a href=\"http:\/\/mit-musik-geht-reha-besser.de\/wp-content\/uploads\/2023\/04\/100-bpm-stop_go-Spaziere.mp3\">http:\/\/mit-musik-geht-reha-besser.de\/wp-content\/uploads\/2023\/04\/100-bpm-stop_go-Spaziere.mp3<\/a><\/audio><br>\n<a href=\"http:\/\/mit-musik-geht-reha-besser.de\/wp-content\/uploads\/2023\/04\/100-bpm-stop_go-Spaziere.mp3\" download=\"\">Descargar<\/a>\n<\/p>\n<\/td>\n<\/tr>\n\n<tr style=\"height: 58px;\">\n<td style=\"width: 50%; height: 58px;\">\n<p><strong>106 lpm<\/strong><\/p><p><audio class=\"wp-audio-shortcode\" id=\"audio-90-6\" preload=\"none\" style=\"width: 100%;\" controls=\"controls\"><source type=\"audio\/mpeg\" src=\"http:\/\/mit-musik-geht-reha-besser.de\/wp-content\/uploads\/2023\/04\/106-bpm-12-min-Fruehtau.mp3?_=6\" \/><a href=\"http:\/\/mit-musik-geht-reha-besser.de\/wp-content\/uploads\/2023\/04\/106-bpm-12-min-Fruehtau.mp3\">http:\/\/mit-musik-geht-reha-besser.de\/wp-content\/uploads\/2023\/04\/106-bpm-12-min-Fruehtau.mp3<\/a><\/audio><br>\n<a href=\"http:\/\/mit-musik-geht-reha-besser.de\/wp-content\/uploads\/2023\/04\/106-bpm-12-min-Fruehtau.mp3\" download=\"\">Descargar<\/a>\n<\/p>\n<\/td>\n<td style=\"width: 50%; height: 58px;\">\n<p>Parar y seguir<br><\/p><p><audio class=\"wp-audio-shortcode\" id=\"audio-90-7\" preload=\"none\" style=\"width: 100%;\" controls=\"controls\"><source type=\"audio\/mpeg\" src=\"http:\/\/mit-musik-geht-reha-besser.de\/wp-content\/uploads\/2023\/04\/106-bpm-stop_go-Fruehtau.mp3?_=7\" \/><a href=\"http:\/\/mit-musik-geht-reha-besser.de\/wp-content\/uploads\/2023\/04\/106-bpm-stop_go-Fruehtau.mp3\">http:\/\/mit-musik-geht-reha-besser.de\/wp-content\/uploads\/2023\/04\/106-bpm-stop_go-Fruehtau.mp3<\/a><\/audio><br>\n<a href=\"http:\/\/mit-musik-geht-reha-besser.de\/wp-content\/uploads\/2023\/04\/106-bpm-stop_go-Fruehtau.mp3\" download=\"\">Descargar<\/a>\n<\/p>\n<\/td>\n<\/tr>\n\n<tr style=\"height: 58px;\">\n<td style=\"width: 50%; height: 58px;\">\n<p><strong>112 lpm<\/strong><\/p><p><audio class=\"wp-audio-shortcode\" id=\"audio-90-8\" preload=\"none\" style=\"width: 100%;\" controls=\"controls\"><source type=\"audio\/mpeg\" src=\"http:\/\/mit-musik-geht-reha-besser.de\/wp-content\/uploads\/2023\/04\/112-bpm-12-min-Wandersmann.mp3?_=8\" \/><a href=\"http:\/\/mit-musik-geht-reha-besser.de\/wp-content\/uploads\/2023\/04\/112-bpm-12-min-Wandersmann.mp3\">http:\/\/mit-musik-geht-reha-besser.de\/wp-content\/uploads\/2023\/04\/112-bpm-12-min-Wandersmann.mp3<\/a><\/audio><br>\n<a href=\"http:\/\/mit-musik-geht-reha-besser.de\/wp-content\/uploads\/2023\/04\/112-bpm-12-min-Wandersmann.mp3\" download=\"\">Descargar<\/a>\n<\/p>\n<\/td>\n<td style=\"width: 50%; height: 58px;\">\n<p>Parar y seguir<br><\/p><p><audio class=\"wp-audio-shortcode\" id=\"audio-90-9\" preload=\"none\" style=\"width: 100%;\" controls=\"controls\"><source type=\"audio\/mpeg\" src=\"http:\/\/mit-musik-geht-reha-besser.de\/wp-content\/uploads\/2023\/04\/112-bpm-stop_go-Wandersmann.mp3?_=9\" \/><a href=\"http:\/\/mit-musik-geht-reha-besser.de\/wp-content\/uploads\/2023\/04\/112-bpm-stop_go-Wandersmann.mp3\">http:\/\/mit-musik-geht-reha-besser.de\/wp-content\/uploads\/2023\/04\/112-bpm-stop_go-Wandersmann.mp3<\/a><\/audio><br>\n<a href=\"http:\/\/mit-musik-geht-reha-besser.de\/wp-content\/uploads\/2023\/04\/112-bpm-stop_go-Wandersmann.mp3\" download=\"\">Descargar<\/a>\n<\/p>\n<\/td>\n<\/tr>\n\n<tr style=\"height: 58px;\">\n<td style=\"width: 50%; height: 58px;\">\n<p><strong>118 lpm<\/strong><\/p><p><audio class=\"wp-audio-shortcode\" id=\"audio-90-10\" preload=\"none\" style=\"width: 100%;\" controls=\"controls\"><source type=\"audio\/mpeg\" src=\"http:\/\/mit-musik-geht-reha-besser.de\/wp-content\/uploads\/2023\/04\/118-bpm-12-min-Bruennlein.mp3?_=10\" \/><a href=\"http:\/\/mit-musik-geht-reha-besser.de\/wp-content\/uploads\/2023\/04\/118-bpm-12-min-Bruennlein.mp3\">http:\/\/mit-musik-geht-reha-besser.de\/wp-content\/uploads\/2023\/04\/118-bpm-12-min-Bruennlein.mp3<\/a><\/audio><br>\n<a href=\"http:\/\/mit-musik-geht-reha-besser.de\/wp-content\/uploads\/2023\/04\/118-bpm-12-min-Bruennlein.mp3\" download=\"\">Descargar<\/a>\n<\/p>\n<\/td>\n<td style=\"width: 50%; height: 58px;\">\n<p>Parar y seguir<br><\/p><p><audio class=\"wp-audio-shortcode\" id=\"audio-90-11\" preload=\"none\" style=\"width: 100%;\" controls=\"controls\"><source type=\"audio\/mpeg\" src=\"http:\/\/mit-musik-geht-reha-besser.de\/wp-content\/uploads\/2023\/04\/118-bpm-stop_go-Bruennlein.mp3?_=11\" \/><a href=\"http:\/\/mit-musik-geht-reha-besser.de\/wp-content\/uploads\/2023\/04\/118-bpm-stop_go-Bruennlein.mp3\">http:\/\/mit-musik-geht-reha-besser.de\/wp-content\/uploads\/2023\/04\/118-bpm-stop_go-Bruennlein.mp3<\/a><\/audio><br>\n<a href=\"http:\/\/mit-musik-geht-reha-besser.de\/wp-content\/uploads\/2023\/04\/118-bpm-stop_go-Bruennlein.mp3\" download=\"\">Descargar<\/a>\n<\/p>\n<\/td>\n<\/tr>\n\n<tr style=\"height: 58px;\">\n<td style=\"width: 50%; height: 58px;\">\n<p><strong>125 lpm<\/strong><\/p><p><audio class=\"wp-audio-shortcode\" id=\"audio-90-12\" preload=\"none\" style=\"width: 100%;\" controls=\"controls\"><source type=\"audio\/mpeg\" src=\"http:\/\/mit-musik-geht-reha-besser.de\/wp-content\/uploads\/2023\/04\/125-bpm-12-min-Auf-der-Heide.mp3?_=12\" \/><a href=\"http:\/\/mit-musik-geht-reha-besser.de\/wp-content\/uploads\/2023\/04\/125-bpm-12-min-Auf-der-Heide.mp3\">http:\/\/mit-musik-geht-reha-besser.de\/wp-content\/uploads\/2023\/04\/125-bpm-12-min-Auf-der-Heide.mp3<\/a><\/audio><br>\n<a href=\"http:\/\/mit-musik-geht-reha-besser.de\/wp-content\/uploads\/2023\/04\/125-bpm-12-min-Auf-der-Heide.mp3\" download=\"\">Descargar<\/a>\n<\/p>\n<\/td>\n<td style=\"width: 50%; height: 58px;\">\u00a0<\/td>\n<\/tr>\n<\/tbody>\n<\/table>\n<\/div><\/div>\n\n\n\n<p>Tambi\u00e9n hay un [documento\/art\u00edculo] de Stefan Mainka y Matthias K\u00f6ninger. <a href=\"https:\/\/www.youtube.com\/watch?v=TbougNQt_pM\">Gimnasia musical<\/a> para autoformaci\u00f3n en casa. <\/p>\n\n\n<div class=\"wp-block-image\">\n<figure class=\"alignleft size-large is-resized\"><img loading=\"lazy\" decoding=\"async\" width=\"600\" height=\"600\" src=\"http:\/\/mit-musik-geht-reha-besser.de\/wp-content\/uploads\/2020\/03\/Entspannung_shop.jpg\" alt=\"\" class=\"wp-image-532\" style=\"width:95px;height:95px\" srcset=\"https:\/\/mit-musik-geht-reha-besser.de\/wp-content\/uploads\/2020\/03\/Entspannung_shop.jpg 600w, https:\/\/mit-musik-geht-reha-besser.de\/wp-content\/uploads\/2020\/03\/Entspannung_shop-300x300.jpg 300w, https:\/\/mit-musik-geht-reha-besser.de\/wp-content\/uploads\/2020\/03\/Entspannung_shop-150x150.jpg 150w\" sizes=\"auto, (max-width: 600px) 100vw, 600px\" \/><\/figure>\n<\/div>\n\n\n<p><\/p>\n\n\n\n<div class=\"wp-block-group\"><div class=\"wp-block-group__inner-container is-layout-flow wp-block-group-is-layout-flow\">\n\n\n<p><\/p>\n\n\n\n<p class=\"has-text-align-left\">Relajaci\u00f3n (19 min) con <em>Viaje corporal<\/em> y <em>Un lugar de paz<\/em> por Henriette Oelsner y Stefan Mainka<\/p>\n<\/div><\/div>\n\n\n\n<a href=\"http:\/\/mit-musik-geht-reha-besser.de\/wp-content\/uploads\/2020\/03\/Entspannung-bei-Parkinson.mp3\" download=\"\">Descargar<\/a>\n\n\n\n<p><audio src=\"http:\/\/mit-musik-geht-reha-besser.de\/wp-content\/uploads\/2020\/03\/Entspannung-bei-Parkinson.mp3\" controls=\"controls\"><\/audio><\/p>\n\n\n\n<p><\/p>\n\n\n<div class=\"wp-block-image\">\n<figure class=\"alignleft size-large is-resized\"><img loading=\"lazy\" decoding=\"async\" width=\"600\" height=\"600\" src=\"http:\/\/mit-musik-geht-reha-besser.de\/wp-content\/uploads\/2020\/03\/Entspannung_shop.jpg\" alt=\"\" class=\"wp-image-532\" style=\"width:87px;height:87px\" srcset=\"https:\/\/mit-musik-geht-reha-besser.de\/wp-content\/uploads\/2020\/03\/Entspannung_shop.jpg 600w, https:\/\/mit-musik-geht-reha-besser.de\/wp-content\/uploads\/2020\/03\/Entspannung_shop-300x300.jpg 300w, https:\/\/mit-musik-geht-reha-besser.de\/wp-content\/uploads\/2020\/03\/Entspannung_shop-150x150.jpg 150w\" sizes=\"auto, (max-width: 600px) 100vw, 600px\" \/><\/figure>\n<\/div>\n\n\n<p class=\"has-text-align-left\">Expansi\u00f3n \u2013 M\u00fasica para la relajaci\u00f3n (15 min)<\/p>\n\n\n\n<a href=\"http:\/\/mit-musik-geht-reha-besser.de\/wp-content\/uploads\/2020\/03\/Weite-Musik-zur-Entspannung.mp3\" download=\"\">Descargar<\/a>\n\n\n\n<p><audio src=\"http:\/\/mit-musik-geht-reha-besser.de\/wp-content\/uploads\/2020\/03\/Weite-Musik-zur-Entspannung.mp3\" controls=\"controls\"><\/audio><\/p>\n\n\n\n<p><\/p>\n\n\n\n<p>Los archivos MP3 est\u00e1n protegidos por derechos de autor y no pueden copiarse ni reproducirse con fines comerciales.<\/p>","protected":false},"excerpt":{"rendered":"<p>Durch Musik wird das Training effektiver. Sie verbessert nicht nur die Motivation. Mit der richtigen Musik wird das Training ergonomischer, die Muskeln arbeiten effizienter, unsere k\u00f6rperliche Leistungsbereitsschaft verbessert sich. Und sogar die Kraft l\u00e4sst sich messbar steigern.&nbsp; Aber welche Musik ist die richtige? Bei der Auswahl sollte man sich zuerst an der Aktivit\u00e4t, also an [&hellip;]<\/p>\n","protected":false},"author":1,"featured_media":0,"parent":0,"menu_order":2,"comment_status":"closed","ping_status":"closed","template":"","meta":{"footnotes":""},"class_list":["post-90","page","type-page","status-publish","hentry"],"_links":{"self":[{"href":"https:\/\/mit-musik-geht-reha-besser.de\/es\/wp-json\/wp\/v2\/pages\/90","targetHints":{"allow":["GET"]}}],"collection":[{"href":"https:\/\/mit-musik-geht-reha-besser.de\/es\/wp-json\/wp\/v2\/pages"}],"about":[{"href":"https:\/\/mit-musik-geht-reha-besser.de\/es\/wp-json\/wp\/v2\/types\/page"}],"author":[{"embeddable":true,"href":"https:\/\/mit-musik-geht-reha-besser.de\/es\/wp-json\/wp\/v2\/users\/1"}],"replies":[{"embeddable":true,"href":"https:\/\/mit-musik-geht-reha-besser.de\/es\/wp-json\/wp\/v2\/comments?post=90"}],"version-history":[{"count":149,"href":"https:\/\/mit-musik-geht-reha-besser.de\/es\/wp-json\/wp\/v2\/pages\/90\/revisions"}],"predecessor-version":[{"id":1392,"href":"https:\/\/mit-musik-geht-reha-besser.de\/es\/wp-json\/wp\/v2\/pages\/90\/revisions\/1392"}],"wp:attachment":[{"href":"https:\/\/mit-musik-geht-reha-besser.de\/es\/wp-json\/wp\/v2\/media?parent=90"}],"curies":[{"name":"wp","href":"https:\/\/api.w.org\/{rel}","templated":true}]}}