{"id":1261,"date":"2024-06-25T09:39:01","date_gmt":"2024-06-25T09:39:01","guid":{"rendered":"https:\/\/mit-musik-geht-reha-besser.de\/?page_id=1261"},"modified":"2024-06-25T09:39:01","modified_gmt":"2024-06-25T09:39:01","slug":"musik-als-therapieempfehlung-bei-bewusstseinsstoerung","status":"publish","type":"page","link":"https:\/\/mit-musik-geht-reha-besser.de\/fr\/musik-als-therapieempfehlung-bei-bewusstseinsstoerung\/","title":{"rendered":"La musicoth\u00e9rapie est recommand\u00e9e pour les troubles de la conscience."},"content":{"rendered":"<p>Suite \u00e0 des l\u00e9sions c\u00e9r\u00e9brales caus\u00e9es par une maladie neurologique, un accident vasculaire c\u00e9r\u00e9bral, un traumatisme cr\u00e2nien ou \u00e0 la suite de l&#039;ablation d&#039;une tumeur, de graves troubles de la conscience peuvent survenir. On parle alors d&#039;\u00e9tat v\u00e9g\u00e9tatif., <em>\u00e9tat de r\u00e9ponse minimal <\/em>ou <em>\u00e9tat v\u00e9g\u00e9tatif<\/em> Cette affection se caract\u00e9rise par les \u00e9l\u00e9ments suivants\u00a0: les personnes atteintes sont g\u00e9n\u00e9ralement \u00e9veill\u00e9es, mais ne r\u00e9agissent pas du tout ou tr\u00e8s peu \u00e0 leur environnement, notamment lorsqu\u2019on leur parle ou lorsqu\u2019elles re\u00e7oivent des stimuli sensoriels ext\u00e9rieurs.<\/p>\n\n\n<div class=\"wp-block-image\">\n<figure class=\"alignright size-full is-resized\"><img loading=\"lazy\" decoding=\"async\" width=\"350\" height=\"263\" src=\"https:\/\/mit-musik-geht-reha-besser.de\/wp-content\/uploads\/2019\/01\/wachkoma.jpg\" alt=\"\" class=\"wp-image-6\" style=\"width:238px;height:auto\" srcset=\"https:\/\/mit-musik-geht-reha-besser.de\/wp-content\/uploads\/2019\/01\/wachkoma.jpg 350w, https:\/\/mit-musik-geht-reha-besser.de\/wp-content\/uploads\/2019\/01\/wachkoma-300x225.jpg 300w\" sizes=\"auto, (max-width: 350px) 100vw, 350px\" \/><\/figure>\n<\/div>\n\n\n<p>Les recommandations de traitement de la Soci\u00e9t\u00e9 allemande de neurologie (DGN) pr\u00e9conisent d\u00e9sormais un [traitement recommand\u00e9] pour ces patients. <a href=\"https:\/\/mit-musik-geht-reha-besser.de\/fr\/wachkoma-2\/\" data-type=\"page\" data-id=\"205\">Traitement par musicoth\u00e9rapie<\/a>. Dans cette forme de th\u00e9rapie, le th\u00e9rapeute utilise des sons familiers, la voix chant\u00e9e ou de la musique qui ont une signification particuli\u00e8re pour la personne. La musique a un effet puissant et souvent durable sur les fonctions c\u00e9r\u00e9brales. Elle peut am\u00e9liorer la r\u00e9activit\u00e9 des personnes pr\u00e9sentant des troubles de la conscience, contribuant ainsi \u00e0 stimuler leur vigilance et leur communication.<\/p>\n\n\n\n<p> La Soci\u00e9t\u00e9 allemande de neurologie (DGN) a \u00e9valu\u00e9 trois \u00e9tudes cliniques pour formuler sa recommandation. Ces trois publications, d&#039;une grande qualit\u00e9 scientifique, ont d\u00e9montr\u00e9 une am\u00e9lioration de l&#039;interaction avec l&#039;environnement gr\u00e2ce \u00e0 la musicoth\u00e9rapie. Par cons\u00e9quent, la recommandation indique que les patients concern\u00e9s \u201e devraient \u201c b\u00e9n\u00e9ficier d&#039;une musicoth\u00e9rapie. Dans les recommandations publi\u00e9es par l&#039;Association pour la recherche m\u00e9dicale scientifique (AWMF), les recommandations sont g\u00e9n\u00e9ralement formul\u00e9es avec \u201e devrait \u201c, \u201e devrait \u201c ou \u201e peut \u201c. Une recommandation avec \u00ab devrait \u00bb signifie que la majorit\u00e9 des patients devraient recevoir ce traitement.<\/p>\n\n\n\n<p>Des chercheurs en neurosciences, comme le professeur Stefan Koelsch, neuroscientifique et musicien allemand, reconnaissent la qualit\u00e9 unique de la musique dans sa capacit\u00e9 \u00e0 stimuler des r\u00e9seaux neuronaux complexes au sein du cerveau humain. Ceci permet non seulement d&#039;\u00e9voquer des \u00e9motions et des souvenirs, mais aussi de d\u00e9clencher simultan\u00e9ment des processus mentaux tels que le mouvement ou une concentration accrue.<\/p>\n\n\n\n<p>Cette directive souligne les avantages de la musicoth\u00e9rapie, notamment le fait que cette th\u00e9rapie pr\u00e9sente peu d&#039;effets secondaires et qu&#039;elle est relativement facile \u00e0 mettre en \u0153uvre.<\/p>\n\n\n\n<p class=\"has-text-align-right has-small-font-size\"><a href=\"https:\/\/register.awmf.org\/de\/leitlinien\/detail\/080-006\" data-type=\"link\" data-id=\"https:\/\/register.awmf.org\/de\/leitlinien\/detail\/080-006\" target=\"_blank\" rel=\"noreferrer noopener\">Andreas Bender et al. (2022). Recommandations S3\u00a0: R\u00e9adaptation neurologique chez les adultes comateux ou pr\u00e9sentant une alt\u00e9ration s\u00e9v\u00e8re de la conscience. Dans\u00a0: Soci\u00e9t\u00e9 allemande de neuror\u00e9adaptation (DGNR) (\u00e9d.), Recommandations pour la neuror\u00e9adaptation. \u00c9dition 2022 \/ 23.12.2022<\/a><\/p>\n\n\n\n<p class=\"has-text-align-right has-small-font-size\">Stefan K\u00f6lsch (2019). Bonnes vibrations\u00a0: le pouvoir de gu\u00e9rison de la musique. \u00c9ditions Ullstein<\/p>\n\n\n\n<ol class=\"wp-block-list\"><\/ol>","protected":false},"excerpt":{"rendered":"<p>Nach Hirnsch\u00e4digung durch eine neurologische Erkrankung, einen Schlaganfall, ein Sch\u00e4delhirntrauma oder als Folge einer Tumorentfernung k\u00f6nnen schwerwiegende St\u00f6rungen des Bewusstseins auftreten. Diese werden auch als Wachkoma, minimal responsive state oder vegetative state bezeichnet. Die Betroffenen sind zumeist wach, reagieren jedoch gar nicht oder nur minimal auf ihre Umwelt, inklusive Ansprache oder sensorische Reize von au\u00dfen. [&hellip;]<\/p>\n","protected":false},"author":1,"featured_media":0,"parent":0,"menu_order":0,"comment_status":"closed","ping_status":"closed","template":"","meta":{"footnotes":""},"class_list":["post-1261","page","type-page","status-publish","hentry"],"_links":{"self":[{"href":"https:\/\/mit-musik-geht-reha-besser.de\/fr\/wp-json\/wp\/v2\/pages\/1261","targetHints":{"allow":["GET"]}}],"collection":[{"href":"https:\/\/mit-musik-geht-reha-besser.de\/fr\/wp-json\/wp\/v2\/pages"}],"about":[{"href":"https:\/\/mit-musik-geht-reha-besser.de\/fr\/wp-json\/wp\/v2\/types\/page"}],"author":[{"embeddable":true,"href":"https:\/\/mit-musik-geht-reha-besser.de\/fr\/wp-json\/wp\/v2\/users\/1"}],"replies":[{"embeddable":true,"href":"https:\/\/mit-musik-geht-reha-besser.de\/fr\/wp-json\/wp\/v2\/comments?post=1261"}],"version-history":[{"count":1,"href":"https:\/\/mit-musik-geht-reha-besser.de\/fr\/wp-json\/wp\/v2\/pages\/1261\/revisions"}],"predecessor-version":[{"id":1262,"href":"https:\/\/mit-musik-geht-reha-besser.de\/fr\/wp-json\/wp\/v2\/pages\/1261\/revisions\/1262"}],"wp:attachment":[{"href":"https:\/\/mit-musik-geht-reha-besser.de\/fr\/wp-json\/wp\/v2\/media?parent=1261"}],"curies":[{"name":"wp","href":"https:\/\/api.w.org\/{rel}","templated":true}]}}