{"id":1349,"date":"2025-07-05T07:49:57","date_gmt":"2025-07-05T07:49:57","guid":{"rendered":"https:\/\/mit-musik-geht-reha-besser.de\/?page_id=1349"},"modified":"2025-07-05T07:49:57","modified_gmt":"2025-07-05T07:49:57","slug":"references-poster-541-mainka","status":"publish","type":"page","link":"https:\/\/mit-musik-geht-reha-besser.de\/fr\/references-poster-541-mainka\/","title":{"rendered":"R\u00e9f\u00e9rences Poster 541 Mainka"},"content":{"rendered":"<p>1. Mainka, S., Lauermann, M., Ebersbach, G. (2023). D\u00e9viations du balancement des bras chez les patients atteints de la maladie de Parkinson \u00e0 diff\u00e9rentes vitesses de marche. J Neural Transm. 2023 mai\u00a0; 130(5)\u00a0: 655-611. doi\u00a0: <a href=\"https:\/\/doi.org\/10.1007\/s00702-023-02619-4\">10.1007\/s00702-023-02619-4<\/a><\/p>\n\n\n\n<p>2. Wood BH, Bilclough JA, Bowron A. Incidence et pr\u00e9diction des chutes dans la maladie de Parkinson\u00a0: une \u00e9tude prospective multidisciplinaire. J Neurol Neurosurg Psychiatry 2002\u00a0; 72\u00a0:721-725. doi\u00a0: <a href=\"https:\/\/doi.org\/10.1136\/jnnp.72.6.721\">10.1136\/jnnp.72.6.721<\/a><\/p>\n\n\n\n<p>3. Tsukita K, Sakamaki-Tsukita H, Takahashi R. Effet \u00e0 long terme d&#039;une activit\u00e9 physique r\u00e9guli\u00e8re et d&#039;habitudes d&#039;exercice chez les patients atteints de la maladie de Parkinson \u00e0 un stade pr\u00e9coce. Neurology. 2022\u00a0; 98(8)\u00a0: e859-e871. doi\u00a0: <a href=\"https:\/\/doi.org\/10.1212\/wnl.0000000000013218\">10.1212\/WNL.0000000000013218<\/a><\/p>\n\n\n\n<p>4. Ghai S, Ghai I, Schmitz G, Effenberg AO. Effet d&#039;une stimulation auditive rythmique sur la d\u00e9marche parkinsonienne\u00a0: revue syst\u00e9matique et m\u00e9ta-analyse. Sci Rep 2018\u00a0; 8(1)\u00a0: 506. doi\u00a0: <a href=\"https:\/\/doi.org\/10.1038\/s41598-017-16232-5\">10.1038\/s41598-017-16232-5<\/a><\/p>\n\n\n\n<p>5. Mainka, S., et al. (2021). Le pouvoir de la musification\u00a0: un retour musical bas\u00e9 sur des capteurs am\u00e9liore le balancement des bras dans la maladie de Parkinson. Mov Dis Clin Prac 8(8)\u00a0: 1240-1247. doi\u00a0: <a href=\"https:\/\/doi.org\/10.1002\/mdc3.13352\">10.1002\/mdc3.13352<\/a><\/p>\n\n\n\n<p>6. Mainka, S. et Ebersbach, G. (2022). Faisabilit\u00e9 d&#039;un retour musical bas\u00e9 sur des capteurs chez les patients atteints de la maladie de Parkinson. Congr\u00e8s international de la Soci\u00e9t\u00e9 des troubles du mouvement, 15-18 septembre 2022, Madrid. doi\u00a0: <a href=\"http:\/\/dx.doi.org\/10.13140\/RG.2.2.12831.43680\/1\">10.13140\/RG.2.2.12831.43680\/1<\/a><\/p>\n\n\n\n<p>7. <a href=\"https:\/\/mit-musik-geht-reha-besser.de\/en\/musik\/\">https:\/\/mit-musik-geht-reha-besser.de\/en\/musik\/<\/a><\/p>\n\n\n\n<p><\/p>","protected":false},"excerpt":{"rendered":"<p>1. Mainka, S, Lauermann, M, Ebersbach, G (2023). Arm swing deviations in patients with Parkinson\u2019s disease at different gait velocities. J Neural Transm. 2023 May; 130(5):655-611. doi: 10.1007\/s00702-023-02619-4 2. Wood BH, Bilclough JA, Bowron A. Incidence and prediction of falls in Parkinson\u2019s disease: a prospective multidisciplinary study. J Neurol Neurosurg Psychiatry 2002; 72: 721-725. \u00a0doi: [&hellip;]<\/p>\n","protected":false},"author":1,"featured_media":0,"parent":0,"menu_order":0,"comment_status":"closed","ping_status":"closed","template":"","meta":{"footnotes":""},"class_list":["post-1349","page","type-page","status-publish","hentry"],"_links":{"self":[{"href":"https:\/\/mit-musik-geht-reha-besser.de\/fr\/wp-json\/wp\/v2\/pages\/1349","targetHints":{"allow":["GET"]}}],"collection":[{"href":"https:\/\/mit-musik-geht-reha-besser.de\/fr\/wp-json\/wp\/v2\/pages"}],"about":[{"href":"https:\/\/mit-musik-geht-reha-besser.de\/fr\/wp-json\/wp\/v2\/types\/page"}],"author":[{"embeddable":true,"href":"https:\/\/mit-musik-geht-reha-besser.de\/fr\/wp-json\/wp\/v2\/users\/1"}],"replies":[{"embeddable":true,"href":"https:\/\/mit-musik-geht-reha-besser.de\/fr\/wp-json\/wp\/v2\/comments?post=1349"}],"version-history":[{"count":1,"href":"https:\/\/mit-musik-geht-reha-besser.de\/fr\/wp-json\/wp\/v2\/pages\/1349\/revisions"}],"predecessor-version":[{"id":1350,"href":"https:\/\/mit-musik-geht-reha-besser.de\/fr\/wp-json\/wp\/v2\/pages\/1349\/revisions\/1350"}],"wp:attachment":[{"href":"https:\/\/mit-musik-geht-reha-besser.de\/fr\/wp-json\/wp\/v2\/media?parent=1349"}],"curies":[{"name":"wp","href":"https:\/\/api.w.org\/{rel}","templated":true}]}}