{"id":143,"date":"2019-01-16T18:03:32","date_gmt":"2019-01-16T18:03:32","guid":{"rendered":"http:\/\/mit-musik-geht-reha-besser.de\/?page_id=143"},"modified":"2026-02-22T13:44:31","modified_gmt":"2026-02-22T13:44:31","slug":"startseite","status":"publish","type":"page","link":"https:\/\/mit-musik-geht-reha-besser.de\/fr\/","title":{"rendered":"Page d&#039;accueil"},"content":{"rendered":"<div class=\"wp-block-image\">\n<figure class=\"alignright is-resized\"><img loading=\"lazy\" decoding=\"async\" width=\"300\" height=\"450\" src=\"http:\/\/mit-musik-geht-reha-besser.de\/wp-content\/uploads\/2019\/01\/TS_with-drum.jpg\" alt=\"\" class=\"wp-image-5\" style=\"width:97px;height:146px\" srcset=\"https:\/\/mit-musik-geht-reha-besser.de\/wp-content\/uploads\/2019\/01\/TS_with-drum.jpg 300w, https:\/\/mit-musik-geht-reha-besser.de\/wp-content\/uploads\/2019\/01\/TS_with-drum-200x300.jpg 200w\" sizes=\"auto, (max-width: 300px) 100vw, 300px\" \/><\/figure>\n<\/div>\n\n\n<p class=\"has-text-align-center\"><strong>Bitte unterst\u00fctzen Sie eine Petition zum Erhalt des Studiengangs Musiktherapie an der UdK Berlin! <\/strong><a href=\"http:\/\/openpetition.de\/!musiktherapieudk\" target=\"_blank\" rel=\"noreferrer noopener\"><strong>openpetition.de\/!musiktherapieudk<\/strong><\/a> <\/p>\n\n\n\n<p>Ce site web fournit des informations sur la musicoth\u00e9rapie en r\u00e9adaptation neurologique, g\u00e9riatrique et orthop\u00e9dique. <\/p>\n\n\n<div class=\"wp-block-image\">\n<figure class=\"alignleft is-resized\"><img loading=\"lazy\" decoding=\"async\" width=\"640\" height=\"480\" src=\"http:\/\/mit-musik-geht-reha-besser.de\/wp-content\/uploads\/2019\/01\/fm_training.jpg\" alt=\"\" class=\"wp-image-15\" style=\"width:72px;height:54px\" srcset=\"https:\/\/mit-musik-geht-reha-besser.de\/wp-content\/uploads\/2019\/01\/fm_training.jpg 640w, https:\/\/mit-musik-geht-reha-besser.de\/wp-content\/uploads\/2019\/01\/fm_training-300x225.jpg 300w\" sizes=\"auto, (max-width: 640px) 100vw, 640px\" \/><\/figure>\n<\/div>\n\n\n<p>Musicoth\u00e9rapie pour les patients neurologiques, g\u00e9riatriques et orthop\u00e9diques (<a href=\"http:\/\/mit-musik-geht-reha-besser.de\/fr\/stroke\/\">accident vasculaire c\u00e9r\u00e9bral<\/a>, <a href=\"http:\/\/mit-musik-geht-reha-besser.de\/fr\/parkinson\/\">Parkinson<\/a>, <a href=\"http:\/\/mit-musik-geht-reha-besser.de\/fr\/wachkoma-2\/\">\u00e9tat v\u00e9g\u00e9tatif<\/a>, <a href=\"http:\/\/mit-musik-geht-reha-besser.de\/fr\/sht\/\">traumatisme cr\u00e2nien<\/a> etc.) offre diverses possibilit\u00e9s d&#039;application efficaces dans les domaines <a href=\"http:\/\/mit-musik-geht-reha-besser.de\/fr\/neurologische-musiktherapie-motoriktraining\/\">sensorimoteur<\/a>, <a href=\"http:\/\/mit-musik-geht-reha-besser.de\/fr\/aphasie\/\">linguistique<\/a>, <a href=\"http:\/\/mit-musik-geht-reha-besser.de\/fr\/neurologische-musiktherapie-hirnleistungstraining\/\">cognitif<\/a> et <a href=\"http:\/\/mit-musik-geht-reha-besser.de\/fr\/musiktherapeutische-psychotherapie\/\">psychologique<\/a> Th\u00e9rapie. En particulier, la pratique active de la musique stimule divers r\u00e9seaux neuronaux. Cela peut am\u00e9liorer les fonctions motrices, telles que la mobilit\u00e9 des mains et des doigts ou la marche, ainsi que les comp\u00e9tences linguistiques telles que la production et la compr\u00e9hension de la parole (dans certains cas...). <a href=\"https:\/\/mit-musik-geht-reha-besser.de\/fr\/aphasie\/\" data-type=\"page\" data-id=\"216\">aphasie<\/a>) et am\u00e9liorer les capacit\u00e9s cognitives telles que l&#039;attention, la planification des actions, la perception auditive et l&#039;int\u00e9gration sensorielle. <\/p>\n\n\n\n<p>En musicoth\u00e9rapie, des activit\u00e9s musicales cibl\u00e9es sont d\u00e9velopp\u00e9es, s&#039;appuyant sur des comp\u00e9tences musicales de base telles que le mouvement rythmique, la vocalisation m\u00e9lodique ou l&#039;affinit\u00e9 \u00e9motionnelle pour la musique.<\/p>\n\n\n<div class=\"wp-block-image\">\n<figure class=\"alignright is-resized\"><img loading=\"lazy\" decoding=\"async\" width=\"500\" height=\"667\" src=\"http:\/\/mit-musik-geht-reha-besser.de\/wp-content\/uploads\/2019\/01\/klavier-mit-therapeutin.jpg\" alt=\"\" class=\"wp-image-10\" style=\"width:90px;height:120px\" srcset=\"https:\/\/mit-musik-geht-reha-besser.de\/wp-content\/uploads\/2019\/01\/klavier-mit-therapeutin.jpg 500w, https:\/\/mit-musik-geht-reha-besser.de\/wp-content\/uploads\/2019\/01\/klavier-mit-therapeutin-225x300.jpg 225w\" sizes=\"auto, (max-width: 500px) 100vw, 500px\" \/><\/figure>\n<\/div>\n\n\n<p>Sous <a href=\"http:\/\/mit-musik-geht-reha-besser.de\/fr\/musik\/\">Musique<\/a> Vous trouverez ici des t\u00e9l\u00e9chargements musicaux sp\u00e9cialement s\u00e9lectionn\u00e9s pour la th\u00e9rapie motrice et les exercices de relaxation. <a href=\"https:\/\/mit-musik-geht-reha-besser.de\/fr\/musik\/\" data-type=\"page\" data-id=\"90\">Listes de lecture<\/a> pour la r\u00e9\u00e9ducation th\u00e9rapeutique de la marche et l&#039;activation \u00e9motionnelle et motivationnelle.<\/p>\n\n\n\n<p>Dans la section <a href=\"http:\/\/mit-musik-geht-reha-besser.de\/fr\/nachrichten\/\">Nouvelles<\/a> Vous trouverez ici des articles de recherche ainsi que des actualit\u00e9s sur le th\u00e8me de la musicoth\u00e9rapie de r\u00e9adaptation.<\/p>\n\n\n<div class=\"wp-block-image\">\n<figure class=\"alignleft size-large is-resized\"><img loading=\"lazy\" decoding=\"async\" width=\"1024\" height=\"1024\" src=\"http:\/\/mit-musik-geht-reha-besser.de\/wp-content\/uploads\/2022\/11\/Schluck-Wecker-mp3-image-1024x1024.png\" alt=\"\" class=\"wp-image-817\" style=\"width:58px;height:58px\" srcset=\"https:\/\/mit-musik-geht-reha-besser.de\/wp-content\/uploads\/2022\/11\/Schluck-Wecker-mp3-image-1024x1024.png 1024w, https:\/\/mit-musik-geht-reha-besser.de\/wp-content\/uploads\/2022\/11\/Schluck-Wecker-mp3-image-300x300.png 300w, https:\/\/mit-musik-geht-reha-besser.de\/wp-content\/uploads\/2022\/11\/Schluck-Wecker-mp3-image-150x150.png 150w, https:\/\/mit-musik-geht-reha-besser.de\/wp-content\/uploads\/2022\/11\/Schluck-Wecker-mp3-image-768x768.png 768w, https:\/\/mit-musik-geht-reha-besser.de\/wp-content\/uploads\/2022\/11\/Schluck-Wecker-mp3-image-1536x1536.png 1536w, https:\/\/mit-musik-geht-reha-besser.de\/wp-content\/uploads\/2022\/11\/Schluck-Wecker-mp3-image-12x12.png 12w, https:\/\/mit-musik-geht-reha-besser.de\/wp-content\/uploads\/2022\/11\/Schluck-Wecker-mp3-image.png 1944w\" sizes=\"auto, (max-width: 1024px) 100vw, 1024px\" \/><\/figure>\n<\/div>\n\n\n<p>Sous <a href=\"http:\/\/mit-musik-geht-reha-besser.de\/fr\/zubehoer\/\" data-type=\"page\" data-id=\"336\">Accessoires<\/a> Les aides et le mat\u00e9riel pour la musicoth\u00e9rapie de r\u00e9adaptation sont-ils r\u00e9pertori\u00e9s, tels que\u2026 <a href=\"http:\/\/mit-musik-geht-reha-besser.de\/fr\/schluck-wecker\/\" data-type=\"page\" data-id=\"814\">R\u00e9veil hirondelle<\/a>. Ce dispositif a \u00e9t\u00e9 d\u00e9velopp\u00e9 pour le soutien th\u00e9rapeutique des personnes souffrant de troubles de la d\u00e9glutition (dysphagie).<\/p>\n\n\n\n\n\n<p><\/p>","protected":false},"excerpt":{"rendered":"<p>Bitte unterst\u00fctzen Sie eine Petition zum Erhalt des Studiengangs Musiktherapie an der UdK Berlin! openpetition.de\/!musiktherapieudk Auf dieser Internetseite finden Sie Informationen \u00fcber Musiktherapie in der neurologischen, geriatrischen und orthop\u00e4dischen Rehabilitation. Musiktherapie f\u00fcr neurologische, geriatrische und orthop\u00e4dische Patienten (Schlaganfall, Parkinson, Wachkoma, Sch\u00e4delhirntrauma usw.) bietet eine Vielzahl wirksamer Anwendungsm\u00f6glichkeiten in den Bereichen sensomotorischer, sprachlicher, kognitiver und psychologischer [&hellip;]<\/p>\n","protected":false},"author":1,"featured_media":0,"parent":0,"menu_order":0,"comment_status":"closed","ping_status":"closed","template":"","meta":{"footnotes":""},"class_list":["post-143","page","type-page","status-publish","hentry"],"_links":{"self":[{"href":"https:\/\/mit-musik-geht-reha-besser.de\/fr\/wp-json\/wp\/v2\/pages\/143","targetHints":{"allow":["GET"]}}],"collection":[{"href":"https:\/\/mit-musik-geht-reha-besser.de\/fr\/wp-json\/wp\/v2\/pages"}],"about":[{"href":"https:\/\/mit-musik-geht-reha-besser.de\/fr\/wp-json\/wp\/v2\/types\/page"}],"author":[{"embeddable":true,"href":"https:\/\/mit-musik-geht-reha-besser.de\/fr\/wp-json\/wp\/v2\/users\/1"}],"replies":[{"embeddable":true,"href":"https:\/\/mit-musik-geht-reha-besser.de\/fr\/wp-json\/wp\/v2\/comments?post=143"}],"version-history":[{"count":17,"href":"https:\/\/mit-musik-geht-reha-besser.de\/fr\/wp-json\/wp\/v2\/pages\/143\/revisions"}],"predecessor-version":[{"id":1432,"href":"https:\/\/mit-musik-geht-reha-besser.de\/fr\/wp-json\/wp\/v2\/pages\/143\/revisions\/1432"}],"wp:attachment":[{"href":"https:\/\/mit-musik-geht-reha-besser.de\/fr\/wp-json\/wp\/v2\/media?parent=143"}],"curies":[{"name":"wp","href":"https:\/\/api.w.org\/{rel}","templated":true}]}}