{"id":173,"date":"2019-01-19T14:16:05","date_gmt":"2019-01-19T14:16:05","guid":{"rendered":"http:\/\/mit-musik-geht-reha-besser.de\/?page_id=173"},"modified":"2025-07-31T18:53:57","modified_gmt":"2025-07-31T18:53:57","slug":"impressum","status":"publish","type":"page","link":"https:\/\/mit-musik-geht-reha-besser.de\/fr\/impressum\/","title":{"rendered":"imprimer"},"content":{"rendered":"<figure class=\"wp-block-table aligncenter is-style-stripes\"><table><tbody><tr><td>Op\u00e9rateur, mise en \u0153uvre, conception web\u00a0:               <\/td><td>                                                                                                         <a href=\"http:\/\/mit-musik-geht-reha-besser.de\/fr\/stefan-mainka\/\">Dr Stefan Mainka<\/a>            <br>                                                                                             Hans-Grade-Ring 13<br> 14480 Potsdam <br> ALLEMAGNE   <br>frage@mit-musik-geht-reha-besser.de            <\/td><\/tr><tr><td>Auteurs :<\/td><td>Dr Stefan Mainka, Karin B\u00f6seler (\u00e9tat v\u00e9g\u00e9tatif), Stephan Koslik (traumatique c\u00e9r\u00e9brale), Stefanie B\u00f6ttger (fonction c\u00e9r\u00e9brale NMT), Dr Matthias Gr\u00fcn (actualit\u00e9), Kathrin Mertel (actualit\u00e9), Monika Platten, Elke Rohde (actualit\u00e9), Selma Gros (actualit\u00e9)<\/td><\/tr><tr><td>Conseil: <\/td><td>Monika Baumann <\/td><\/tr><tr><td>Photos :<\/td><td>Karin B\u00f6seler, Stefan Mainka, g\u00e9n\u00e9r\u00e9 avec MS Copilot<\/td><\/tr><tr><td><strong>Clause de non-responsabilit\u00e9 <\/strong><\/td><td>\n              \n              \n              \n              \n              \n              \n              Malgr\u00e9 un examen attentif du contenu, nous d\u00e9clinons toute responsabilit\u00e9 quant au contenu des liens externes. Les exploitants des sites web li\u00e9s sont seuls responsables de leur contenu.\n\n\n\n\n\n\n\n              <\/td><\/tr><tr><td><strong>Avis de propri\u00e9t\u00e9<\/strong><\/td><td>Toutes les photos, illustrations et fichiers MP3 utilis\u00e9s ne peuvent \u00eatre utilis\u00e9s \u00e0 des fins commerciales ni publi\u00e9s d&#039;aucune autre mani\u00e8re.<\/td><\/tr><\/tbody><\/table><\/figure>","protected":false},"excerpt":{"rendered":"<p>Betreiber,&nbsp;Umsetzung, Webdesign: Dr. Stefan Mainka Hans-Grade-Ring 13 14480 Potsdam DEUTSCHLAND frage@mit-musik-geht-reha-besser.de Autoren: Dr. phil. Stefan Mainka, Karin B\u00f6seler (Wachkoma), Stephan Koslik (Sch\u00e4delhirntrauma), Stefanie B\u00f6ttger (NMT-Hirnleistung), Dr.phil. Matthias Gr\u00fcn (Nachrichten), Kathrin Mertel (Nachrichten), Monika Platten, Elke Rohde (Nachrichten), Selma Gros (Nachrichten) Beratung: Monika Baumann Fotos: Karin B\u00f6seler, Stefan Mainka, generiert mit MS Copilot Haftungshinweis Trotz sorgf\u00e4ltiger [&hellip;]<\/p>\n","protected":false},"author":1,"featured_media":0,"parent":0,"menu_order":1,"comment_status":"closed","ping_status":"closed","template":"","meta":{"footnotes":""},"class_list":["post-173","page","type-page","status-publish","hentry"],"_links":{"self":[{"href":"https:\/\/mit-musik-geht-reha-besser.de\/fr\/wp-json\/wp\/v2\/pages\/173","targetHints":{"allow":["GET"]}}],"collection":[{"href":"https:\/\/mit-musik-geht-reha-besser.de\/fr\/wp-json\/wp\/v2\/pages"}],"about":[{"href":"https:\/\/mit-musik-geht-reha-besser.de\/fr\/wp-json\/wp\/v2\/types\/page"}],"author":[{"embeddable":true,"href":"https:\/\/mit-musik-geht-reha-besser.de\/fr\/wp-json\/wp\/v2\/users\/1"}],"replies":[{"embeddable":true,"href":"https:\/\/mit-musik-geht-reha-besser.de\/fr\/wp-json\/wp\/v2\/comments?post=173"}],"version-history":[{"count":10,"href":"https:\/\/mit-musik-geht-reha-besser.de\/fr\/wp-json\/wp\/v2\/pages\/173\/revisions"}],"predecessor-version":[{"id":1363,"href":"https:\/\/mit-musik-geht-reha-besser.de\/fr\/wp-json\/wp\/v2\/pages\/173\/revisions\/1363"}],"wp:attachment":[{"href":"https:\/\/mit-musik-geht-reha-besser.de\/fr\/wp-json\/wp\/v2\/media?parent=173"}],"curies":[{"name":"wp","href":"https:\/\/api.w.org\/{rel}","templated":true}]}}