{"id":205,"date":"2019-01-19T15:26:08","date_gmt":"2019-01-19T15:26:08","guid":{"rendered":"http:\/\/mit-musik-geht-reha-besser.de\/?page_id=205"},"modified":"2021-04-19T04:09:51","modified_gmt":"2021-04-19T04:09:51","slug":"wachkoma-2","status":"publish","type":"page","link":"https:\/\/mit-musik-geht-reha-besser.de\/fr\/wachkoma-2\/","title":{"rendered":"\u00e9tat v\u00e9g\u00e9tatif"},"content":{"rendered":"<p class=\"has-text-align-center\"><em>par Karin B\u00f6seler<\/em><\/p>\n\n\n\n<div class=\"wp-block-image\"><figure class=\"alignright is-resized\"><img loading=\"lazy\" decoding=\"async\" src=\"http:\/\/mit-musik-geht-reha-besser.de\/wp-content\/uploads\/2019\/01\/Chimes_handson.jpg\" alt=\"\" class=\"wp-image-18\" width=\"129\" height=\"86\" srcset=\"https:\/\/mit-musik-geht-reha-besser.de\/wp-content\/uploads\/2019\/01\/Chimes_handson.jpg 350w, https:\/\/mit-musik-geht-reha-besser.de\/wp-content\/uploads\/2019\/01\/Chimes_handson-300x200.jpg 300w\" sizes=\"auto, (max-width: 129px) 100vw, 129px\" \/><\/figure><\/div>\n\n\n\n<p>Les personnes dans le coma (ou en \u00e9tat v\u00e9g\u00e9tatif ou en syndrome apallique) n\u00e9cessitent non seulement des soins m\u00e9dicaux, infirmiers, de physioth\u00e9rapie, d&#039;ergoth\u00e9rapie et neuropsychologiques intensifs, mais aussi une attention et un soutien particuliers. Elles ont besoin de contacts humains fr\u00e9quents. <\/p>\n\n\n\n<p>Les activit\u00e9s de musicoth\u00e9rapie, comme le chant, le fredonnement ou l&#039;improvisation instrumentale, offrent aux personnes en \u00e9tat v\u00e9g\u00e9tatif un sentiment de s\u00e9curit\u00e9, de r\u00e9confort et de lien humain gr\u00e2ce \u00e0 un dialogue \u00e9troit et approfondi. Ceci est particuli\u00e8rement important lorsque ces personnes ont subi un traumatisme psychologique, en plus de graves d\u00e9ficiences physiques et, \u00e9ventuellement, cognitives.<\/p>\n\n\n\n<p>Les dialogues musicaux interpersonnels avec les personnes en \u00e9tat v\u00e9g\u00e9tatif sont \u00e9troitement li\u00e9s \u00e0 des exp\u00e9riences pr\u00e9natales profond\u00e9ment ancr\u00e9es. Ils s&#039;apparentent au dialogue intime entre une m\u00e8re et son b\u00e9b\u00e9 (langage maternel, langage enfantin). Forte de ces exp\u00e9riences, la musicoth\u00e9rapie permet aux personnes en \u00e9tat v\u00e9g\u00e9tatif de renouer avec leur monde int\u00e9rieur. <\/p>\n\n\n\n<div class=\"wp-block-image\"><figure class=\"alignleft is-resized\"><img loading=\"lazy\" decoding=\"async\" src=\"http:\/\/mit-musik-geht-reha-besser.de\/wp-content\/uploads\/2019\/01\/haende_kind-im-bett.jpg\" alt=\"\" class=\"wp-image-57\" width=\"114\" height=\"75\" srcset=\"https:\/\/mit-musik-geht-reha-besser.de\/wp-content\/uploads\/2019\/01\/haende_kind-im-bett.jpg 1000w, https:\/\/mit-musik-geht-reha-besser.de\/wp-content\/uploads\/2019\/01\/haende_kind-im-bett-300x200.jpg 300w, https:\/\/mit-musik-geht-reha-besser.de\/wp-content\/uploads\/2019\/01\/haende_kind-im-bett-768x511.jpg 768w\" sizes=\"auto, (max-width: 114px) 100vw, 114px\" \/><\/figure><\/div>\n\n\n\n<p>De plus, la musique agit sur le centre de la r\u00e9compense et du plaisir du cerveau (striatum ventral), \u00e0 l&#039;instar d&#039;un regard affectueux ou d&#039;un contact physique dans une atmosph\u00e8re d\u00e9tendue. Le Dr Andreas Zieger, m\u00e9decin-chef du service de r\u00e9adaptation neurologique pr\u00e9coce \u00e0 Oldenburg, \u00e9crit\u00a0: \u201e\u00a0Il est manifeste que la musique influence l&#039;ensemble du cerveau\u00a0: elle active et apaise les structures toniques du tronc c\u00e9r\u00e9bral.\u00a0\u201c \u201e\u00a0La musique agit sur les deux h\u00e9misph\u00e8res c\u00e9r\u00e9braux\u00a0; l&#039;h\u00e9misph\u00e8re droit r\u00e9agit aux sons, \u00e0 l&#039;intonation, \u00e0 la dynamique et aux \u00e9motions n\u00e9gatives, tandis que l&#039;h\u00e9misph\u00e8re gauche g\u00e8re les fonctions analytiques et rationnelles telles que la m\u00e9lodie, le rythme, la reconnaissance des hauteurs et les \u00e9motions positives.\u00a0\u201c <\/p>\n\n\n\n<p>Les personnes en \u00e9tat v\u00e9g\u00e9tatif r\u00e9agissent \u00e0 la musique. Le musicoth\u00e9rapeute est attentif aux moindres mouvements, comme les bruits de mastication, les mouvements des paupi\u00e8res, les changements de direction du regard, la fixation des yeux, les variations de la respiration (inspiration et expiration profondes), la d\u00e9tente ou la tension physique, les mouvements de la t\u00eate et autres mouvements corporels. Des signes \u00e9motionnels tels que des expressions faciales modifi\u00e9es, des sourires ou des pleurs sugg\u00e8rent \u00e9galement que ces personnes peuvent r\u00e9agir \u00e0 leur environnement et percevoir la musique comme un soutien positif, r\u00e9confortant et source d&#039;espoir. <\/p>\n\n\n\n<p>La musicoth\u00e9rapie pour les personnes en \u00e9tat v\u00e9g\u00e9tatif constitue un compl\u00e9ment important \u00e0 la vaste gamme de services th\u00e9rapeutiques, car elle r\u00e9pond aux besoins humains fondamentaux, modifie et \u00e9largit les exp\u00e9riences \u00e9motionnelles et aide \u00e0 surmonter l&#039;anxi\u00e9t\u00e9 et les exp\u00e9riences traumatiques. <\/p>\n\n\n\n<p class=\"has-text-align-right\"><em>Source\u00a0: Andreas Zieger, \u00ab\u00a0La musique comme m\u00e9diatrice d\u2019une vie nouvelle. Un signe social d\u2019espoir pour les personnes dans le coma et atteintes du syndrome apallique\u00a0\u00bb. Dans\u00a0: Neander, K.-D. (\u00e9d.)\u00a0: Musique et soins. Munich\u00a0: Urban &amp; Fischer, 1999, p.\u00a0145-164.<\/em><\/p>\n\n\n\n<p class=\"has-text-align-right\"><a href=\"http:\/\/mit-musik-geht-reha-besser.de\/wp-content\/uploads\/2021\/04\/Musiktherapie-Anamnese-Wachkoma.pdf\" data-type=\"page\">Musicoth\u00e9rapie (ant\u00e9c\u00e9dents collat\u00e9raux)<\/a> sous <a href=\"http:\/\/mit-musik-geht-reha-besser.de\/fr\/zubehoer\/\" data-type=\"page\" data-id=\"336\">Accessoires<\/a><\/p>","protected":false},"excerpt":{"rendered":"<p>von Karin B\u00f6seler Menschen im Koma (bzw. Wachkoma od. apallisches Syndrom) ben\u00f6tigen neben intensiver \u00e4rztlicher, pflegerischer, physio-, ergotherapeutischer und neuropsychologischer Betreuung und Versorgung eine besondere Zuwendung und Aufmerksamkeit. Sie brauchen einen intensiven zwischenmenschlichen Kontakt. Musiktherapeutische Angebote wie Singen, Summen oder Improvisation auf Musikinstrumenten sind eine M\u00f6glichkeit, Menschen im Wachkoma in nahen und intensiven Dialogen Geborgenheit, [&hellip;]<\/p>\n","protected":false},"author":1,"featured_media":0,"parent":0,"menu_order":3,"comment_status":"closed","ping_status":"closed","template":"","meta":{"footnotes":""},"class_list":["post-205","page","type-page","status-publish","hentry"],"_links":{"self":[{"href":"https:\/\/mit-musik-geht-reha-besser.de\/fr\/wp-json\/wp\/v2\/pages\/205","targetHints":{"allow":["GET"]}}],"collection":[{"href":"https:\/\/mit-musik-geht-reha-besser.de\/fr\/wp-json\/wp\/v2\/pages"}],"about":[{"href":"https:\/\/mit-musik-geht-reha-besser.de\/fr\/wp-json\/wp\/v2\/types\/page"}],"author":[{"embeddable":true,"href":"https:\/\/mit-musik-geht-reha-besser.de\/fr\/wp-json\/wp\/v2\/users\/1"}],"replies":[{"embeddable":true,"href":"https:\/\/mit-musik-geht-reha-besser.de\/fr\/wp-json\/wp\/v2\/comments?post=205"}],"version-history":[{"count":5,"href":"https:\/\/mit-musik-geht-reha-besser.de\/fr\/wp-json\/wp\/v2\/pages\/205\/revisions"}],"predecessor-version":[{"id":626,"href":"https:\/\/mit-musik-geht-reha-besser.de\/fr\/wp-json\/wp\/v2\/pages\/205\/revisions\/626"}],"wp:attachment":[{"href":"https:\/\/mit-musik-geht-reha-besser.de\/fr\/wp-json\/wp\/v2\/media?parent=205"}],"curies":[{"name":"wp","href":"https:\/\/api.w.org\/{rel}","templated":true}]}}