{"id":209,"date":"2019-01-19T15:33:42","date_gmt":"2019-01-19T15:33:42","guid":{"rendered":"http:\/\/mit-musik-geht-reha-besser.de\/?page_id=209"},"modified":"2025-06-25T19:14:19","modified_gmt":"2025-06-25T19:14:19","slug":"neurologische-musiktherapie-motoriktraining","status":"publish","type":"page","link":"https:\/\/mit-musik-geht-reha-besser.de\/fr\/neurologische-musiktherapie-motoriktraining\/","title":{"rendered":"NMT\u2122 \u2013 Entra\u00eenement des habilet\u00e9s motrices"},"content":{"rendered":"<p>Ici, les applications motrices de <a href=\"http:\/\/mit-musik-geht-reha-besser.de\/fr\/neurologische-musiktherapie\/\">Musicoth\u00e9rapie neurologique<\/a><sup>\u00ae<\/sup> tel que d\u00e9crit par Thaut.<\/p>\n\n\n\n<h4 class=\"wp-block-heading\"><strong><a>R\u00e9\u00e9ducation de la marche avec la musique \u2013 RAS<\/a><\/strong><\/h4>\n\n\n<div class=\"wp-block-image\">\n<figure class=\"alignright is-resized\"><img loading=\"lazy\" decoding=\"async\" width=\"250\" height=\"333\" src=\"http:\/\/mit-musik-geht-reha-besser.de\/wp-content\/uploads\/2019\/01\/gang.jpg\" alt=\"\" class=\"wp-image-14\" style=\"width:111px;height:148px\" srcset=\"https:\/\/mit-musik-geht-reha-besser.de\/wp-content\/uploads\/2019\/01\/gang.jpg 250w, https:\/\/mit-musik-geht-reha-besser.de\/wp-content\/uploads\/2019\/01\/gang-225x300.jpg 225w\" sizes=\"auto, (max-width: 250px) 100vw, 250px\" \/><\/figure>\n<\/div>\n\n\n<p>R\u00e9\u00e9ducation de la marche<strong> <\/strong>(Par exemple, en cas d&#039;AVC, de maladie de Parkinson, de traumatisme cr\u00e2nien, de chirurgie de la hanche, etc.) est rendu plus efficace gr\u00e2ce \u00e0 la musique. Cela implique l&#039;utilisation d&#039;une technique appel\u00e9e RAS\u2122 (Stimulation Rythmo-Acoustique). Celle-ci est pr\u00e9sent\u00e9e par un m\u00e9tronome ou sous forme de musique diffus\u00e9e au casque. Le tempo et la structure de la musique <a href=\"http:\/\/mit-musik-geht-reha-besser.de\/fr\/musik\/\" target=\"_blank\" rel=\"noreferrer noopener\">Musique d&#039;entra\u00eenement<\/a>\u00a0\u00e0 adapter au sch\u00e9ma de d\u00e9marche perturb\u00e9.\u00a0<br>Protocole de th\u00e9rapie num\u00e9rique pour RAS\u2122 \u2013 r\u00e9\u00e9ducation de la marche. Avec \u00e9diteur de formules int\u00e9gr\u00e9.<\/p>\n\n\n\n<div class=\"wp-block-file\"><a href=\"http:\/\/mit-musik-geht-reha-besser.de\/wp-content\/uploads\/2019\/02\/RAS-Protokoll.xls\">Protocole RAS\u2122<\/a><a href=\"http:\/\/mit-musik-geht-reha-besser.de\/wp-content\/uploads\/2019\/02\/RAS-Protokoll.xls\" class=\"wp-block-file__button wp-element-button\" download>T\u00e9l\u00e9charger<\/a><\/div>\n\n\n\n<figure class=\"wp-block-embed alignleft is-type-video is-provider-vimeo wp-block-embed-vimeo wp-embed-aspect-4-3 wp-has-aspect-ratio\"><div class=\"wp-block-embed__wrapper\">\n<iframe loading=\"lazy\" title=\"Pratique instrumentale th\u00e9rapeutique apr\u00e8s une l\u00e9sion nerveuse\" src=\"https:\/\/player.vimeo.com\/video\/346514321?dnt=1&amp;app_id=122963\" width=\"640\" height=\"480\" frameborder=\"0\" allow=\"autoplay; fullscreen; picture-in-picture; clipboard-write; encrypted-media; web-share\"><\/iframe>\n<\/div><\/figure>\n\n\n\n<h4 class=\"wp-block-heading\"><a>La pratique instrumentale comme entra\u00eenement au mouvement<\/a><\/h4>\n\n\n\n<p>La pratique d&#039;instruments de musique permet aux patients \u2013 m\u00eame ceux sans exp\u00e9rience musicale pr\u00e9alable \u2013 d&#039;entra\u00eener efficacement les mouvements des bras, du torse, des mains, des doigts, etc.<strong> <\/strong>Des instruments de musique, tels que des tambours, des instruments \u00e0 percussion, un piano ou un m\u00e9lodica, sont utilis\u00e9s pour rendre les exercices de mouvement plus musicaux.<strong> <\/strong>Pour optimiser le processus, la disposition des instruments et la stimulation musicale \u2013 jou\u00e9e en direct par le th\u00e9rapeute au piano \u2013 garantissent la r\u00e9p\u00e9tition incessante du m\u00eame mouvement.&nbsp;<\/p>\n\n\n\n<figure class=\"wp-block-embed alignleft is-type-video is-provider-vimeo wp-block-embed-vimeo wp-embed-aspect-4-3 wp-has-aspect-ratio\"><div class=\"wp-block-embed__wrapper\">\n<iframe loading=\"lazy\" title=\"Entra\u00eenement des mains au piano pour les patients atteints de la maladie de Parkinson\" src=\"https:\/\/player.vimeo.com\/video\/112469229?dnt=1&amp;app_id=122963\" width=\"720\" height=\"576\" frameborder=\"0\" allow=\"autoplay; fullscreen; picture-in-picture; clipboard-write; encrypted-media; web-share\"><\/iframe>\n<\/div><\/figure>\n\n\n\n<p>L\u2019entra\u00eenement au piano pour d\u00e9velopper la motricit\u00e9 fine des personnes atteintes de la maladie de Parkinson est une excellente m\u00e9thode pour maintenir et am\u00e9liorer la dext\u00e9rit\u00e9 des doigts et des mains. Cet entra\u00eenement, guid\u00e9 par le rythme, favorise des mouvements pr\u00e9cis et cibl\u00e9s des doigts tout en limitant les mouvements inefficaces et la rigidit\u00e9.<\/p>\n\n\n\n<p>Cet entra\u00eenement r\u00e9p\u00e9titif repr\u00e9sente une approche tr\u00e8s prometteuse dans le cadre des th\u00e9rapies de r\u00e9adaptation, notamment lorsque des d\u00e9ficits associ\u00e9s (n\u00e9gligence, spasticit\u00e9, troubles de l&#039;attention, etc.) entravent la progression de l&#039;entra\u00eenement. Sous la supervision du th\u00e9rapeute, m\u00eame les muscles s\u00e9v\u00e8rement paralys\u00e9s peuvent \u00eatre efficacement entra\u00een\u00e9s. En musicoth\u00e9rapie neurologique, cette technique est appel\u00e9e TIMP\u2122 (Jeu musical instrumental th\u00e9rapeutique).<\/p>\n\n\n\n<h4 class=\"wp-block-heading\"><strong><a>S\u00e9quence d&#039;entra\u00eenement en musicoth\u00e9rapie<\/a><\/strong><\/h4>\n\n\n<div class=\"wp-block-image\">\n<figure class=\"alignleft is-resized\"><img loading=\"lazy\" decoding=\"async\" width=\"350\" height=\"233\" src=\"http:\/\/mit-musik-geht-reha-besser.de\/wp-content\/uploads\/2019\/01\/Chimes_handson.jpg\" alt=\"\" class=\"wp-image-18\" style=\"width:126px;height:84px\" srcset=\"https:\/\/mit-musik-geht-reha-besser.de\/wp-content\/uploads\/2019\/01\/Chimes_handson.jpg 350w, https:\/\/mit-musik-geht-reha-besser.de\/wp-content\/uploads\/2019\/01\/Chimes_handson-300x200.jpg 300w\" sizes=\"auto, (max-width: 350px) 100vw, 350px\" \/><\/figure>\n<\/div>\n\n\n<p>Dans cet entra\u00eenement, le patient pratique un mouvement complexe ou une s\u00e9quence de mouvements (par exemple, passer de la position assise \u00e0 la position debout, manipuler un objet, etc.) en s&#039;appuyant sur une musique sp\u00e9cialement compos\u00e9e. Tous les mouvements individuels sont int\u00e9gr\u00e9s dans une sorte de m\u00e9lodie cin\u00e9matique. Cette technique de traitement est appel\u00e9e <em>Am\u00e9lioration sensorielle \u00e0 motifs<\/em>Dans ce processus, les motifs musicaux soutenaient des aspects sp\u00e9cifiques d&#039;un mouvement, tels que l&#039;amplitude du mouvement.<\/p>\n\n\n\n<p>Cette musique sp\u00e9cifique permet un meilleur contr\u00f4le moteur. De plus, l&#039;entra\u00eenement devient une exp\u00e9rience auditive et esth\u00e9tique, favorisant l&#039;apprentissage mental. Enfin, elle rend l&#039;entra\u00eenement plus agr\u00e9able, augmentant ainsi l&#039;endurance et la motivation. Voir aussi <a href=\"https:\/\/www.youtube.com\/channel\/UCKS1ewyg0UOHv3E1AiK3TVw\" target=\"_blank\" rel=\"noreferrer noopener\">Gymnastique musicale Beelitz.<\/a><\/p>","protected":false},"excerpt":{"rendered":"<p>Hier werden motorische Anwendungen der Neurologischen Musiktherapie\u00ae nach Thaut beschrieben. Gangtraining mit Musik &#8211; RAS Das rehabilitative Gangtraining (z.Bsp. bei Schlaganfall, Parkinson, Sch\u00e4delhirntrauma, H\u00fcft-OP etc.) wird mittels Musik effizienter. Dabei wird eine sogenannte RAS\u2122 (Rhythmisch-akustische Stimulation) verwendet. Diese wird von einem Metronom oder\u00a0als Musik \u00fcber Kopfh\u00f6rer pr\u00e4sentiert. Dabei m\u00fcssen Tempo und Struktur der Trainingsmusik\u00a0an das [&hellip;]<\/p>\n","protected":false},"author":1,"featured_media":0,"parent":0,"menu_order":4,"comment_status":"closed","ping_status":"closed","template":"","meta":{"footnotes":""},"class_list":["post-209","page","type-page","status-publish","hentry"],"_links":{"self":[{"href":"https:\/\/mit-musik-geht-reha-besser.de\/fr\/wp-json\/wp\/v2\/pages\/209","targetHints":{"allow":["GET"]}}],"collection":[{"href":"https:\/\/mit-musik-geht-reha-besser.de\/fr\/wp-json\/wp\/v2\/pages"}],"about":[{"href":"https:\/\/mit-musik-geht-reha-besser.de\/fr\/wp-json\/wp\/v2\/types\/page"}],"author":[{"embeddable":true,"href":"https:\/\/mit-musik-geht-reha-besser.de\/fr\/wp-json\/wp\/v2\/users\/1"}],"replies":[{"embeddable":true,"href":"https:\/\/mit-musik-geht-reha-besser.de\/fr\/wp-json\/wp\/v2\/comments?post=209"}],"version-history":[{"count":13,"href":"https:\/\/mit-musik-geht-reha-besser.de\/fr\/wp-json\/wp\/v2\/pages\/209\/revisions"}],"predecessor-version":[{"id":1339,"href":"https:\/\/mit-musik-geht-reha-besser.de\/fr\/wp-json\/wp\/v2\/pages\/209\/revisions\/1339"}],"wp:attachment":[{"href":"https:\/\/mit-musik-geht-reha-besser.de\/fr\/wp-json\/wp\/v2\/media?parent=209"}],"curies":[{"name":"wp","href":"https:\/\/api.w.org\/{rel}","templated":true}]}}