{"id":236,"date":"2019-01-20T10:35:25","date_gmt":"2019-01-20T10:35:25","guid":{"rendered":"http:\/\/mit-musik-geht-reha-besser.de\/?page_id=236"},"modified":"2026-01-07T15:39:28","modified_gmt":"2026-01-07T15:39:28","slug":"parkinson","status":"publish","type":"page","link":"https:\/\/mit-musik-geht-reha-besser.de\/fr\/parkinson\/","title":{"rendered":"maladie de Parkinson"},"content":{"rendered":"<div class=\"wp-block-image\">\n<figure class=\"alignright is-resized\"><img loading=\"lazy\" decoding=\"async\" width=\"250\" height=\"333\" src=\"http:\/\/mit-musik-geht-reha-besser.de\/wp-content\/uploads\/2019\/01\/gang.jpg\" alt=\"\" class=\"wp-image-14\" style=\"width:133px;height:177px\" srcset=\"https:\/\/mit-musik-geht-reha-besser.de\/wp-content\/uploads\/2019\/01\/gang.jpg 250w, https:\/\/mit-musik-geht-reha-besser.de\/wp-content\/uploads\/2019\/01\/gang-225x300.jpg 225w\" sizes=\"auto, (max-width: 250px) 100vw, 250px\" \/><\/figure>\n<\/div>\n\n\n<p>La maladie de Parkinson est actuellement incurable. Si les m\u00e9dicaments sont inefficaces ou ne le sont plus suffisamment, les patients peuvent se faire soigner dans des cliniques sp\u00e9cialis\u00e9es. Ces h\u00f4pitaux sp\u00e9cialis\u00e9s ou centres de neuror\u00e9adaptation proposent parfois \u00e9galement de la musicoth\u00e9rapie, une th\u00e9rapie compl\u00e9mentaire importante pour la maladie de Parkinson.<\/p>\n\n\n<div class=\"wp-block-image\">\n<figure class=\"alignleft is-resized\"><img loading=\"lazy\" decoding=\"async\" width=\"500\" height=\"667\" src=\"http:\/\/mit-musik-geht-reha-besser.de\/wp-content\/uploads\/2019\/01\/klavier-mit-therapeutin.jpg\" alt=\"\" class=\"wp-image-10\" style=\"width:119px;height:159px\" srcset=\"https:\/\/mit-musik-geht-reha-besser.de\/wp-content\/uploads\/2019\/01\/klavier-mit-therapeutin.jpg 500w, https:\/\/mit-musik-geht-reha-besser.de\/wp-content\/uploads\/2019\/01\/klavier-mit-therapeutin-225x300.jpg 225w\" sizes=\"auto, (max-width: 500px) 100vw, 500px\" \/><\/figure>\n<\/div>\n\n\n<p>\u00c0 travers <a href=\"file:\/\/\/G:\/web%20site\/WEB%20SPACE%201&amp;1\/Mit-Musik-geht-Reha-besser\/html\/nmt-motor.html#ras\"><strong>RAS \u2013 <\/strong><\/a><strong><a href=\"http:\/\/mit-musik-geht-reha-besser.de\/fr\/neurologische-musiktherapie-motoriktraining\/\">Entra\u00eenement \u00e0 la marche <\/a><\/strong>Les personnes atteintes de la maladie de Parkinson peuvent am\u00e9liorer leur marche gr\u00e2ce \u00e0 la musique ou au m\u00e9tronome. Selon l&#039;objectif, on peut travailler sur l&#039;allongement du pas, l&#039;amplitude du mouvement des bras ou la stabilit\u00e9 de la d\u00e9marche. Une approche adapt\u00e9e est essentielle \u00e0 la r\u00e9ussite de la th\u00e9rapie. <a href=\"http:\/\/mit-musik-geht-reha-besser.de\/fr\/musik\/\">Musique d&#039;entra\u00eenement<\/a>. Le rythme des exercices est adapt\u00e9 individuellement \u00e0 votre traitement. Si votre allure est lente, elle sera augment\u00e9e. \u00c0 l&#039;inverse, en cas d&#039;instabilit\u00e9 de la marche, il est conseill\u00e9 d&#039;opter pour une allure plus lente, entre 95 et 105 battements par minute. <a href=\"https:\/\/mit-musik-geht-reha-besser.de\/fr\/musik\/\" data-type=\"page\" data-id=\"90\">Musique<\/a> Trouvez des playlists et des t\u00e9l\u00e9chargements parfaitement adapt\u00e9s pour enrichir et am\u00e9liorer votre routine d&#039;exercice quotidienne.<\/p>\n\n\n\n<p>C&#039;est \u00e9galement le cas de la gymnastique musicale Beelitz. Mise au point par des th\u00e9rapeutes du Centre Parkinson Beelitz-Heilst\u00e4tten, elle permet aux personnes atteintes de la maladie de Parkinson de s&#039;entra\u00eener \u00e0 domicile. Pour plus d&#039;informations, veuillez contacter le Centre Parkinson. <a href=\"https:\/\/www.parkinson-beelitz.de\/search-kbgp\/leistungsspektrum\/musiktherapie-27.html\" data-type=\"link\" data-id=\"https:\/\/www.parkinson-beelitz.de\/parkinson-infos\/links.html\" target=\"_blank\" rel=\"noreferrer noopener\">2 CD avec livret photo<\/a> se rapporter.<\/p>\n\n\n\n<figure class=\"wp-block-embed is-type-video is-provider-youtube wp-block-embed-youtube wp-embed-aspect-16-9 wp-has-aspect-ratio\"><div class=\"wp-block-embed__wrapper\">\n<iframe loading=\"lazy\" title=\"La gymnastique musicale Beelitz comme entra\u00eenement \u00e0 domicile pour les personnes atteintes de la maladie de Parkinson\" width=\"768\" height=\"432\" src=\"https:\/\/www.youtube.com\/embed\/TbougNQt_pM?feature=oembed\" frameborder=\"0\" allow=\"accelerometer; autoplay; clipboard-write; encrypted-media; gyroscope; picture-in-picture; web-share\" referrerpolicy=\"strict-origin-when-cross-origin\" allowfullscreen><\/iframe>\n<\/div><figcaption class=\"wp-element-caption\"><a href=\"https:\/\/www.youtube.com\/watch?v=kxkVUIPqRYA\">version anglaise<\/a><\/figcaption><\/figure>\n\n\n\n<p>Au centre Parkinson de Beelitz-Heilst\u00e4tten, une application a \u00e9galement \u00e9t\u00e9 d\u00e9velopp\u00e9e pour g\u00e9n\u00e9rer un retour musical sur les mouvements lors de la r\u00e9\u00e9ducation de la marche. Cette application s&#039;appelle <a href=\"http:\/\/www.curaswing.de\" data-type=\"link\" data-id=\"https:\/\/apps.apple.com\/de\/app\/curaswing\/id1350473198\" target=\"_blank\" rel=\"noreferrer noopener\">CuraSwing<\/a>, Elle est con\u00e7ue pour r\u00e9pondre aux besoins des personnes atteintes de la maladie de Parkinson. L&#039;application propose un entra\u00eenement \u00e0 la marche personnalis\u00e9, accompagn\u00e9 de musique, afin d&#039;aider les utilisateurs \u00e0 rester actifs au quotidien.<\/p>\n\n\n\n<p>En cas de blocage de la marche \u2013 ce qu&#039;on appelle <em>Gel<\/em> L&#039;entra\u00eenement rythmique au m\u00e9tronome aide souvent \u00e0 retrouver une d\u00e9marche plus fluide. Il se pratique \u00e0 un rythme nettement plus lent. Une autre m\u00e9thode pour surmonter ces blocages consiste \u00e0 \u201e chanter mentalement \u201c en marchant. Les personnes concern\u00e9es apprennent alors \u00e0 se concentrer sur une chanson choisie sp\u00e9cialement pour elles. L\u00e0 encore, un tempo assez lent est essentiel. En cas de blocages importants au d\u00e9marrage, \u201e H\u00e4nschen klein \u201c, une comptine allemande simple mais tr\u00e8s bien structur\u00e9e, est particuli\u00e8rement adapt\u00e9e. <\/p>\n\n\n\n<p>\u00c0 travers <strong>chant th\u00e9rapeutique<\/strong> Les personnes atteintes de la maladie de Parkinson peuvent s&#039;entra\u00eener intensivement la voix et la respiration. Cela am\u00e9liore la qualit\u00e9 de la voix et la coordination voix-respiration, ce qui a \u00e9galement des effets positifs sur la parole et donc sur la communication. Les chansons sont adapt\u00e9es \u00e0 la tessiture vocale et aux sympt\u00f4mes sp\u00e9cifiques. Un entra\u00eenement optimal est ainsi possible et b\u00e9n\u00e9fique en cas d&#039;hypophonie li\u00e9e \u00e0 la maladie de Parkinson. <a href=\"http:\/\/mit-musik-geht-reha-besser.de\/fr\/zubehoer\/\" data-type=\"page\" data-id=\"336\">Accessoires<\/a> Vous trouverez le recueil de chansons LiLa \u00e0 imprimer vous-m\u00eame, ainsi que des liens pour une utilisation en karaok\u00e9 th\u00e9rapeutique. L&#039;application Karafun convient \u00e9galement, permettant de r\u00e9gler individuellement le tempo et la tonalit\u00e9.<\/p>\n\n\n\n<p><br>Dans le <strong>musicoth\u00e9rapie par la danse<\/strong> Les mouvements sont pratiqu\u00e9s de mani\u00e8re ludique, en cercle, en groupe ou en couple. Outre leurs effets th\u00e9rapeutiques importants sur la mobilit\u00e9 et la coordination, les personnes atteintes de la maladie de Parkinson peuvent \u00e9galement red\u00e9couvrir le plaisir du mouvement. (Voir aussi...) <a href=\"file:\/\/\/G:\/web%20site\/WEB%20SPACE%201&amp;1\/Mit-Musik-geht-Reha-besser\/html\/publik\/publik012008.html\">Actualit\u00e9s : La danse aide <\/a><a href=\"http:\/\/mit-musik-geht-reha-besser.de\/fr\/nachrichten\/\">\u00e0 <\/a><a href=\"file:\/\/\/G:\/web%20site\/WEB%20SPACE%201&amp;1\/Mit-Musik-geht-Reha-besser\/html\/publik\/publik012008.html\">Parkinson<\/a>)<\/p>\n\n\n\n<p>\u00c0 <strong><a href=\"http:\/\/mit-musik-geht-reha-besser.de\/fr\/neurologische-musiktherapie-sprach-sprech-und-stimmtraining\/\">Entra\u00eenement rythmique \u00e0 la parole<\/a><\/strong> Les patients qui avaient auparavant des difficult\u00e9s de compr\u00e9hension apprennent \u00e0 articuler plus clairement et de fa\u00e7on plus rythm\u00e9e. De nombreuses personnes atteintes souffrent d&#039;une diminution de la fr\u00e9quence de d\u00e9glutition. \u00c0 cette fin, <a href=\"http:\/\/mit-musik-geht-reha-besser.de\/fr\/schluck-wecker\/\" data-type=\"page\" data-id=\"814\">R\u00e9veil hirondelle <\/a>d\u00e9velopp\u00e9. Dans le <strong>Improvisation instrumentale<\/strong> M\u00eame les personnes atteintes de la maladie de Parkinson sans aucune exp\u00e9rience musicale peuvent s&#039;essayer \u00e0 la pratique d&#039;un instrument. En th\u00e9rapie individuelle ou de groupe, cette m\u00e9thode favorise non seulement le d\u00e9veloppement de la motricit\u00e9, mais aussi une meilleure adaptation \u00e0 la maladie. \u00c0 ce titre, elle correspond \u00e0 une approche th\u00e9rapeutique. <a href=\"file:\/\/\/G:\/web%20site\/WEB%20SPACE%201&amp;1\/Mit-Musik-geht-Reha-besser\/html\/psyche.html\">musicoth\u00e9rapie <\/a><a href=\"http:\/\/mit-musik-geht-reha-besser.de\/fr\/musiktherapeutische-psychotherapie\/\">psychoth\u00e9rapie<\/a>. <a href=\"file:\/\/\/G:\/web%20site\/WEB%20SPACE%201&amp;1\/Mit-Musik-geht-Reha-besser\/html\/nmt-motor.html#timp\">Musique soutenue par <\/a><a href=\"http:\/\/mit-musik-geht-reha-besser.de\/fr\/neurologische-musiktherapie-motoriktraining\/\">entra\u00eenement de la motricit\u00e9 fine<\/a> Les mains et les doigts peuvent \u00eatre entra\u00een\u00e9s de mani\u00e8re \u00e0 faciliter \u00e0 nouveau les activit\u00e9s quotidiennes.<\/p>\n\n\n\n<p>Les divers effets de la musique sur la relaxation, l&#039;am\u00e9lioration de l&#039;humeur et de la motivation, ainsi que la stimulation de la mobilit\u00e9 et de la marche chez les personnes atteintes de la maladie de Parkinson peuvent \u00eatre exploit\u00e9s par... <a href=\"https:\/\/mit-musik-geht-reha-besser.de\/fr\/playlists\/\" data-type=\"page\" data-id=\"1233\">playlist personnelle<\/a> cr\u00e9e une telle playlist. Gr\u00e2ce \u00e0 cette playlist, on peut notamment... <a href=\"https:\/\/mit-musik-geht-reha-besser.de\/fr\/musik\/\" data-type=\"page\" data-id=\"90\">D\u00e9marche<\/a> ou influencer l&#039;humeur du moment. Pour ce dernier point, nous avons notre <a href=\"https:\/\/open.spotify.com\/playlist\/37MZev9u0s1AlYljQRPRBX?si=ziQ0t4wjTOCud5dQx5qZlw\" target=\"_blank\" rel=\"noreferrer noopener\">Playlist \u201e Get Happy \u201c<\/a> compil\u00e9.<\/p>\n\n\n\n<p>Vous trouverez plus d&#039;informations sur la marche en musique pour les personnes atteintes de la maladie de Parkinson dans cet article de synth\u00e8se en anglais. <a href=\"https:\/\/www.frontiersin.org\/journals\/psychology\/articles\/10.3389\/fpsyg.2015.01547\/full\" data-type=\"link\" data-id=\"https:\/\/www.frontiersin.org\/journals\/psychology\/articles\/10.3389\/fpsyg.2015.01547\/full\" target=\"_blank\" rel=\"noreferrer noopener\">\u201e La musique stimule les muscles, l&#039;esprit et les \u00e9motions simultan\u00e9ment. \u201c<\/a>. Et dans le podcast BR IQ Science du 11 mars 2025 avec le professeur Stefan Mainka\u00a0:<\/p>\n\n\n\n<figure class=\"wp-block-audio\"><audio controls src=\"https:\/\/mit-musik-geht-reha-besser.de\/wp-content\/uploads\/2025\/03\/250311_1815_IQ-Wissenschaft-und-Forschung_PODCAST-Musiktherapie-Kann-Musik-Medizin-.mp3\"><\/audio><\/figure>\n\n\n\n<p><br><\/p>","protected":false},"excerpt":{"rendered":"<p>Die Parkinsonerkrankung l\u00e4sst sich bis heute nicht urs\u00e4chlich heilen. Wenn medikament\u00f6se Therapien nicht oder nicht mehr ausreichend helfen, k\u00f6nnen Betroffene sich in Spezialkliniken behandeln lassen. Diese Fachkrankenh\u00e4user oder Neuro-Reha-Kliniken bieten teilweise auch Musiktherapie an. Dies ist bei Morbus Parkinson eine wichtige begleitende Therapie. Durch RAS &#8211; Gangtraining mit Musik oder Metronom k\u00f6nnen Parkinsonkranke ihre Gehf\u00e4higkeit [&hellip;]<\/p>\n","protected":false},"author":1,"featured_media":14,"parent":0,"menu_order":3,"comment_status":"closed","ping_status":"closed","template":"","meta":{"footnotes":""},"class_list":["post-236","page","type-page","status-publish","has-post-thumbnail","hentry"],"_links":{"self":[{"href":"https:\/\/mit-musik-geht-reha-besser.de\/fr\/wp-json\/wp\/v2\/pages\/236","targetHints":{"allow":["GET"]}}],"collection":[{"href":"https:\/\/mit-musik-geht-reha-besser.de\/fr\/wp-json\/wp\/v2\/pages"}],"about":[{"href":"https:\/\/mit-musik-geht-reha-besser.de\/fr\/wp-json\/wp\/v2\/types\/page"}],"author":[{"embeddable":true,"href":"https:\/\/mit-musik-geht-reha-besser.de\/fr\/wp-json\/wp\/v2\/users\/1"}],"replies":[{"embeddable":true,"href":"https:\/\/mit-musik-geht-reha-besser.de\/fr\/wp-json\/wp\/v2\/comments?post=236"}],"version-history":[{"count":29,"href":"https:\/\/mit-musik-geht-reha-besser.de\/fr\/wp-json\/wp\/v2\/pages\/236\/revisions"}],"predecessor-version":[{"id":1423,"href":"https:\/\/mit-musik-geht-reha-besser.de\/fr\/wp-json\/wp\/v2\/pages\/236\/revisions\/1423"}],"wp:featuredmedia":[{"embeddable":true,"href":"https:\/\/mit-musik-geht-reha-besser.de\/fr\/wp-json\/wp\/v2\/media\/14"}],"wp:attachment":[{"href":"https:\/\/mit-musik-geht-reha-besser.de\/fr\/wp-json\/wp\/v2\/media?parent=236"}],"curies":[{"name":"wp","href":"https:\/\/api.w.org\/{rel}","templated":true}]}}