{"id":254,"date":"2019-02-17T13:26:50","date_gmt":"2019-02-17T13:26:50","guid":{"rendered":"http:\/\/mit-musik-geht-reha-besser.de\/?page_id=254"},"modified":"2025-12-03T11:39:18","modified_gmt":"2025-12-03T11:39:18","slug":"links","status":"publish","type":"page","link":"https:\/\/mit-musik-geht-reha-besser.de\/fr\/links\/","title":{"rendered":"Gauche"},"content":{"rendered":"<h4 class=\"wp-block-heading\"><strong>musicoth\u00e9rapie<\/strong><\/h4>\n\n\n\n<p> <a href=\"http:\/\/www.musiktherapie.de\/\" target=\"_blank\" rel=\"noreferrer noopener\">www.musiktherapie.de<\/a> \u2013 Soci\u00e9t\u00e9 allemande de musicoth\u00e9rapie<\/p>\n\n\n\n<p><a href=\"http:\/\/www.voices.no\/\" target=\"_blank\" rel=\"noreferrer noopener\">www.voices.no<\/a> \u2013 Revue et communaut\u00e9 en ligne pour la musicoth\u00e9rapie<\/p>\n\n\n\n<p><a rel=\"noreferrer noopener\" href=\"https:\/\/bag-musiktherapie.de\" target=\"_blank\">sac-musiktherapie.de<\/a> \u2013 Association f\u00e9d\u00e9rale de musicoth\u00e9rapie \u2013 Informations sur les normes de qualit\u00e9, la formation en musicoth\u00e9rapie, Allemagne&nbsp; <\/p>\n\n\n\n<p><a href=\"https:\/\/nationales-register.bag-musiktherapie.de\/\" target=\"_blank\" rel=\"noopener\">registre-national.bag-musiktherapie.de<\/a> \u2013 Registre allemand des musicoth\u00e9rapeutes certifi\u00e9s avec recherche par rayon, y compris pour les th\u00e9rapies ambulatoires, Allemagne&nbsp;<\/p>\n\n\n\n<p><a href=\"http:\/\/mt-spiele.npage.de\/\" target=\"_blank\" rel=\"noreferrer noopener\">mt-spiele.npage.de<\/a> \u2013 Suggestions de jeux de musicoth\u00e9rapie <\/p>\n\n\n\n<p><a href=\"https:\/\/www.youtube.com\/channel\/UCnkvbQIzTem2lq4aUPAOCkg\" target=\"_blank\" rel=\"noreferrer noopener\">www.youtube.com\/\u2026<\/a> \u2013 Cha\u00eene YouTube de la Soci\u00e9t\u00e9 allemande de musicoth\u00e9rapie &nbsp;<\/p>\n\n\n\n<h4 class=\"wp-block-heading\"><strong>musicoth\u00e9rapie et r\u00e9adaptation<\/strong><\/h4>\n\n\n\n<p><a href=\"http:\/\/nmtacademy.co\/\" target=\"_blank\" rel=\"noreferrer noopener\">http:\/\/nmtacademy.co<\/a>&nbsp;\u2013 Acad\u00e9mie de musicoth\u00e9rapie neurologique<sup>\u00ae<\/sup><\/p>\n\n\n\n<p><a href=\"http:\/\/mit-musik-geht-reha-besser.de\/fr\/nmt-online-intervision\/\" data-type=\"page\" data-id=\"422\">www.mit-musik-geht-reha-besser.de\/nmt-online-intervision<\/a> \u2013 L\u2019intervision en ligne NMT\u2122 pour la r\u00e9gion germanophone<\/p>\n\n\n\n<h4 class=\"wp-block-heading\"><strong>R\u00e9adaptation neurologique<\/strong><\/h4>\n\n\n\n<p> <a href=\"http:\/\/www.awmf.org\/leitlinien\/detail\/ll\/053-011.html\" target=\"_blank\" rel=\"noreferrer noopener\">www.awmf.org\/leitlinien\/detail\/ll\/053-011.html<\/a> \u2013 AVC S3 \u2013 Recommandations de traitement de l\u2019AWMF<\/p>\n\n\n\n<p><a href=\"http:\/\/www.schlaganfall-hilfe.de\/\" target=\"_blank\" rel=\"noreferrer noopener\">www.schlaganfall-hilfe.de<\/a> \u2013 Offre d&#039;information en ligne de la Fondation allemande pour les AVC <\/p>\n\n\n\n<p> <a href=\"http:\/\/www.kompetenznetz-schlaganfall.de\/\" target=\"_blank\" rel=\"noreferrer noopener\">www.kompetenznetz-schlaganfall.de<\/a> \u2013 R\u00e9seau de comp\u00e9tences en mati\u00e8re d&#039;AVC<\/p>\n\n\n\n<p><a href=\"http:\/\/www.a-zieger.de\/\" target=\"_blank\" rel=\"noreferrer noopener\">www.a-zieger.de<\/a> Site web du professeur apl. Dr. med. Andreas Zieger&nbsp;<\/p>\n\n\n\n<h4 class=\"wp-block-heading\"><strong>Projets et initiatives<\/strong><\/h4>\n\n\n\n<p><a href=\"http:\/\/www.projekttanz.com\/\" target=\"_blank\" rel=\"noreferrer noopener\">www.projekttanz.com<\/a> \u2013 Projet de danse pour les personnes atteintes de la maladie de Parkinson \u00e0 Hambourg                                                    <\/p>\n\n\n\n<p><a rel=\"noreferrer noopener\" href=\"https:\/\/www.intodance.art\/\" target=\"_blank\">www.intodance.art<\/a> \u2013 Projet de danse pour personnes handicap\u00e9es physiques au Deutsche Oper Berlin<\/p>\n\n\n\n<p><a href=\"https:\/\/www.together.audio\/\">www.together.audio\/<\/a> \u2013 Enregistrements audio et musicaux pour les personnes en \u00e9tat v\u00e9g\u00e9tatif ou atteintes de d\u00e9mence<\/p>\n\n\n\n<h4 class=\"wp-block-heading\"><strong>Musique pour la r\u00e9\u00e9ducation<\/strong><\/h4>\n\n\n\n<p><a href=\"http:\/\/www.singliesel.de\/\">www.singliesel.de<\/a> \u2013 Recueils de chansons pour les personnes atteintes de d\u00e9mence                                 <\/p>\n\n\n\n<p><a href=\"http:\/\/www.liederlexikon.de\/\" target=\"_blank\" rel=\"noreferrer noopener\">www.liederlexikon.de<\/a> \u2013 Lexique historico-critique de la chanson. Chansons populaires et traditionnelles<\/p>\n\n\n\n<p><a href=\"http:\/\/www.liederdatenbank.de\/songs\/a\">www.liederdatenbank.de\/songs\/a<\/a>&nbsp;\u2013 Base de donn\u00e9es de chants chr\u00e9tiens<\/p>\n\n\n\n<p><a href=\"http:\/\/www.liederprojekt.org\/\">www.liederprojekt.org<\/a>&nbsp;\u2013 Des chansons folkloriques pr\u00e9sent\u00e9es avec un soin extr\u00eame en images et en son par Carus-Verlag<\/p>\n\n\n\n<p><a href=\"https:\/\/deutschelieder.wordpress.com\/\">www.deutschelieder.wordpress.com<\/a> \u2013 Chansons allemandes. Anthologie de Bamberg. Explications de la pop, du rock, du folk\u2026       <\/p>\n\n\n\n<h4 class=\"wp-block-heading\"><strong>Recherche<\/strong><\/h4>\n\n\n\n<p> <a href=\"http:\/\/www.mahrc.music.utoronto.ca\">www.mahrc.music.utoronto.ca<\/a> \u2013 Laboratoire de recherche et de musique en sciences de la sant\u00e9, Prof. Michael Thaut, Toronto \/ Canada<\/p>\n\n\n\n<p><a href=\"http:\/\/www.brams.org\/\" target=\"_blank\" rel=\"noreferrer noopener\">www.brams.org\/<\/a> \u2013 Laboratoire international de recherche sur le cerveau, la musique et le son <\/p>\n\n\n\n<p><a href=\"http:\/\/www.ganzohr.org\/\" target=\"_blank\" rel=\"noreferrer noopener\">www.ganzohr.org\/<\/a> \u2013 Musique pour enfants <\/p>\n\n\n\n<h4 class=\"wp-block-heading\"><strong>Logiciel de musique<\/strong> et applications<\/h4>\n\n\n\n<p><a href=\"http:\/\/www.curaswing.de\" target=\"_blank\" rel=\"noreferrer noopener\">www.curaswing.de<\/a> \u2013 Application pour un retour musical sur les mouvements pendant la marche<\/p>\n\n\n\n<p><a href=\"http:\/\/www.audacity.de\/\" target=\"_blank\" rel=\"noreferrer noopener\">www.audacity.de<\/a> Audacity \u2013 Logiciel gratuit d&#039;\u00e9dition, de modification de la vitesse et de mixage<\/p>\n\n\n\n<p><a href=\"http:\/\/www.audiograbber.de\/\" target=\"_blank\" rel=\"noreferrer noopener\">www.audiograbber.de<\/a> \u2013 Audiograbber \u2013 Logiciel gratuit pour la cr\u00e9ation d&#039;enregistrements MP3 et d&#039;entr\u00e9es ligne <\/p>\n\n\n\n<p><a href=\"http:\/\/www.chip.de\/downloads\/No23-Recorder_13011558.html\">www.chip.de\/downloads\/No23-Recorder_13011558.html<\/a> \u2013 Enregistreur n\u00b0 23 \u2013 MP3 \u2013 Logiciel gratuit. Logiciel d&#039;enregistrement <\/p>\n\n\n\n<p><a href=\"https:\/\/www.anytune.app\/\">www.anytune.app<\/a> \u2013 Application pour iOS et Android permettant de transposer et de modifier la vitesse des fichiers MP3<\/p>\n\n\n\n<p><a href=\"https:\/\/www.karafun.de\/apps\/\">www.karafun.de<\/a> Application\/logiciel pour diff\u00e9rentes plateformes de karaok\u00e9, avec fonction de transposition int\u00e9gr\u00e9e.<\/p>\n\n\n\n<h4 class=\"wp-block-heading\"><strong>\u00c9valuations<\/strong><\/h4>\n\n\n\n<p><a href=\"https:\/\/www.kcgeriatrie.de\/assessments-in-der-geriatrie\" target=\"_blank\" rel=\"noreferrer noopener\">https:\/\/www.kcgeriatrie.de\/assessments-in-der-geriatrie<\/a> \u2013 \u00c9valuations kcgeriatire.de \u2013 Indice de Barthel, Mini-Mental State, DemTect etc.<\/p>\n\n\n\n<p><a href=\"https:\/\/www.testarchiv.eu\/\" target=\"_blank\" rel=\"noreferrer noopener\">https:\/\/www.testarchiv.eu\/<\/a> \u2013 les proc\u00e9dures de tests psychologiques de l&#039;Institut Leibniz de psychologie.<\/p>","protected":false},"excerpt":{"rendered":"<p>Musiktherapie www.musiktherapie.de &#8211; Deutsche Musiktherapeutische Gesellschaft www.voices.no &#8211; Journal and Online Community for Music Therapy bag-musiktherapie.de &#8211; Bundesarbeitsgemeinschaft Musiktherapie &#8211; Infos zu Qualit\u00e4tsstandards, Ausbildung Musiktherapie, BRD&nbsp; mt-spiele.npage.de &#8211; Musiktherapiespielvorschl\u00e4ge www.youtube.com\/&#8230; &#8211; Youtube Channel der Dt. Musiktherapeutischen Gesellschaft &nbsp; Musiktherapie und Rehabilitation http:\/\/nmtacademy.co&nbsp;&#8211; Academy for Neurologic Music Therapy\u00ae www.mit-musik-geht-reha-besser.de\/nmt-online-intervision &#8211; Die NMT\u2122 Online Intervision f\u00fcr den [&hellip;]<\/p>\n","protected":false},"author":1,"featured_media":0,"parent":0,"menu_order":3,"comment_status":"closed","ping_status":"closed","template":"","meta":{"footnotes":""},"class_list":["post-254","page","type-page","status-publish","hentry"],"_links":{"self":[{"href":"https:\/\/mit-musik-geht-reha-besser.de\/fr\/wp-json\/wp\/v2\/pages\/254","targetHints":{"allow":["GET"]}}],"collection":[{"href":"https:\/\/mit-musik-geht-reha-besser.de\/fr\/wp-json\/wp\/v2\/pages"}],"about":[{"href":"https:\/\/mit-musik-geht-reha-besser.de\/fr\/wp-json\/wp\/v2\/types\/page"}],"author":[{"embeddable":true,"href":"https:\/\/mit-musik-geht-reha-besser.de\/fr\/wp-json\/wp\/v2\/users\/1"}],"replies":[{"embeddable":true,"href":"https:\/\/mit-musik-geht-reha-besser.de\/fr\/wp-json\/wp\/v2\/comments?post=254"}],"version-history":[{"count":28,"href":"https:\/\/mit-musik-geht-reha-besser.de\/fr\/wp-json\/wp\/v2\/pages\/254\/revisions"}],"predecessor-version":[{"id":1406,"href":"https:\/\/mit-musik-geht-reha-besser.de\/fr\/wp-json\/wp\/v2\/pages\/254\/revisions\/1406"}],"wp:attachment":[{"href":"https:\/\/mit-musik-geht-reha-besser.de\/fr\/wp-json\/wp\/v2\/media?parent=254"}],"curies":[{"name":"wp","href":"https:\/\/api.w.org\/{rel}","templated":true}]}}