{"id":814,"date":"2022-11-12T07:37:39","date_gmt":"2022-11-12T07:37:39","guid":{"rendered":"http:\/\/mit-musik-geht-reha-besser.de\/?page_id=814"},"modified":"2022-11-12T09:45:15","modified_gmt":"2022-11-12T09:45:15","slug":"schluck-wecker","status":"publish","type":"page","link":"https:\/\/mit-musik-geht-reha-besser.de\/fr\/schluck-wecker\/","title":{"rendered":"R\u00e9veil hirondelle"},"content":{"rendered":"<p><img loading=\"lazy\" decoding=\"async\" class=\"wp-image-815 alignleft\" src=\"http:\/\/mit-musik-geht-reha-besser.de\/wp-content\/uploads\/2022\/11\/Mainka_Piktogramm_Klang_10-300x300.png\" alt=\"\" width=\"222\" height=\"222\" srcset=\"https:\/\/mit-musik-geht-reha-besser.de\/wp-content\/uploads\/2022\/11\/Mainka_Piktogramm_Klang_10-300x300.png 300w, https:\/\/mit-musik-geht-reha-besser.de\/wp-content\/uploads\/2022\/11\/Mainka_Piktogramm_Klang_10-1024x1024.png 1024w, https:\/\/mit-musik-geht-reha-besser.de\/wp-content\/uploads\/2022\/11\/Mainka_Piktogramm_Klang_10-150x150.png 150w, https:\/\/mit-musik-geht-reha-besser.de\/wp-content\/uploads\/2022\/11\/Mainka_Piktogramm_Klang_10-768x768.png 768w, https:\/\/mit-musik-geht-reha-besser.de\/wp-content\/uploads\/2022\/11\/Mainka_Piktogramm_Klang_10-1536x1536.png 1536w, https:\/\/mit-musik-geht-reha-besser.de\/wp-content\/uploads\/2022\/11\/Mainka_Piktogramm_Klang_10-12x12.png 12w, https:\/\/mit-musik-geht-reha-besser.de\/wp-content\/uploads\/2022\/11\/Mainka_Piktogramm_Klang_10.png 1944w\" sizes=\"auto, (max-width: 222px) 100vw, 222px\" \/>L&#039;alarme de d\u00e9glutition est une aide th\u00e9rapeutique pour les personnes souffrant de troubles de la d\u00e9glutition, comme ceux qui peuvent survenir dans la maladie de Parkinson et d&#039;autres affections neurologiques. Elle a \u00e9t\u00e9 d\u00e9velopp\u00e9e par <a href=\"http:\/\/mit-musik-geht-reha-besser.de\/fr\/stefan-mainka\/\">Stefan Mainka<\/a> et <a href=\"https:\/\/doktor-logo.de\/team\/\" target=\"_blank\" rel=\"noopener\">Grit Mallien<\/a> 2009 \u00e0 <a href=\"http:\/\/www.parkinson-beelitz.de\" target=\"_blank\" rel=\"noopener\">Clinique Parkinson Beelitz-Heilst\u00e4tten<\/a> d\u00e9velopp\u00e9.<\/p>\n<p>En cas de difficult\u00e9 \u00e0 avaler, la fr\u00e9quence de la d\u00e9glutition est souvent r\u00e9duite. Avaler en dehors des repas est un processus involontaire, comme respirer ou cligner des yeux. On n&#039;y pense pas consciemment\u00a0; cela se fait naturellement. Cependant, si la fr\u00e9quence de la d\u00e9glutition diminue, cela peut entra\u00eener un \u00e9coulement constant de salive par la bouche, parfois m\u00eame imperceptible. Pour les personnes concern\u00e9es, c&#039;est tr\u00e8s d\u00e9sagr\u00e9able\u00a0!<\/p>\n<p>La th\u00e9rapie vise \u00e0 r\u00e9activer le r\u00e9flexe de d\u00e9glutition absent. Le principe directeur est le suivant\u00a0: avaler d\u2019abord, puis tapoter\u00a0! Une alarme de d\u00e9glutition peut s\u2019av\u00e9rer utile. Les signaux sonores servent de rappel auditif pour avaler. On peut l\u2019utiliser, par exemple, en lisant le journal le matin. Cela constitue un rappel constant pour avaler. Une utilisation r\u00e9guli\u00e8re peut contribuer \u00e0 augmenter la fr\u00e9quence et l\u2019intensit\u00e9 de la d\u00e9glutition.<\/p>\n<p>&nbsp;<\/p>\n\n\n\n<p><audio src=\"http:\/\/mit-musik-geht-reha-besser.de\/wp-content\/uploads\/2022\/11\/Schluck-Wecker.mp3\" controls=\"controls\"><\/audio> \u00a0\u00a0\u00a0\u00a0\u00a0\u00a0 R\u00e9veil en forme d&#039;hirondelle avec intervalle de 2 minutes <\/p>\n\n\n\n<a href=\"http:\/\/mit-musik-geht-reha-besser.de\/wp-content\/uploads\/2022\/11\/Schluck-Wecker.mp3\" download>T\u00e9l\u00e9charger<\/a>\n\n\n\n<p>\u00a0<\/p>\n<p>\u00a0<\/p>\n<p style=\"text-align: left;\"><audio src=\"http:\/\/mit-musik-geht-reha-besser.de\/wp-content\/uploads\/2022\/11\/Schluck-Wecker-1-min.mp3\" controls=\"controls\"><\/audio> \u00a0\u00a0\u00a0\u00a0\u00a0 R\u00e9veil en forme d&#039;hirondelle avec intervalle d&#039;une minute<\/p>\n\n\n\n<a href=\"http:\/\/mit-musik-geht-reha-besser.de\/wp-content\/uploads\/2022\/11\/Schluck-Wecker-1-min.mp3\" download>T\u00e9l\u00e9charger<\/a>","protected":false},"excerpt":{"rendered":"<p>L&#039;alarme de d\u00e9glutition est une aide th\u00e9rapeutique pour les personnes souffrant de troubles de la d\u00e9glutition, tels que ceux qui peuvent survenir dans la maladie de Parkinson et d&#039;autres troubles neurologiques.<\/p>","protected":false},"author":1,"featured_media":815,"parent":0,"menu_order":0,"comment_status":"closed","ping_status":"closed","template":"","meta":{"footnotes":""},"class_list":["post-814","page","type-page","status-publish","has-post-thumbnail","hentry"],"_links":{"self":[{"href":"https:\/\/mit-musik-geht-reha-besser.de\/fr\/wp-json\/wp\/v2\/pages\/814","targetHints":{"allow":["GET"]}}],"collection":[{"href":"https:\/\/mit-musik-geht-reha-besser.de\/fr\/wp-json\/wp\/v2\/pages"}],"about":[{"href":"https:\/\/mit-musik-geht-reha-besser.de\/fr\/wp-json\/wp\/v2\/types\/page"}],"author":[{"embeddable":true,"href":"https:\/\/mit-musik-geht-reha-besser.de\/fr\/wp-json\/wp\/v2\/users\/1"}],"replies":[{"embeddable":true,"href":"https:\/\/mit-musik-geht-reha-besser.de\/fr\/wp-json\/wp\/v2\/comments?post=814"}],"version-history":[{"count":26,"href":"https:\/\/mit-musik-geht-reha-besser.de\/fr\/wp-json\/wp\/v2\/pages\/814\/revisions"}],"predecessor-version":[{"id":1093,"href":"https:\/\/mit-musik-geht-reha-besser.de\/fr\/wp-json\/wp\/v2\/pages\/814\/revisions\/1093"}],"wp:featuredmedia":[{"embeddable":true,"href":"https:\/\/mit-musik-geht-reha-besser.de\/fr\/wp-json\/wp\/v2\/media\/815"}],"wp:attachment":[{"href":"https:\/\/mit-musik-geht-reha-besser.de\/fr\/wp-json\/wp\/v2\/media?parent=814"}],"curies":[{"name":"wp","href":"https:\/\/api.w.org\/{rel}","templated":true}]}}