{"id":89,"date":"2019-01-13T12:38:21","date_gmt":"2019-01-13T12:38:21","guid":{"rendered":"http:\/\/mit-musik-geht-reha-besser.de\/?page_id=89"},"modified":"2019-06-22T03:33:17","modified_gmt":"2019-06-22T03:33:17","slug":"anwendung","status":"publish","type":"page","link":"https:\/\/mit-musik-geht-reha-besser.de\/fr\/anwendung\/","title":{"rendered":"Application"},"content":{"rendered":"<p>Les applications de la musicoth\u00e9rapie en r\u00e9adaptation sont incroyablement diverses. La musique peut avoir un effet positif sur un large \u00e9ventail de sympt\u00f4mes. Pour de nombreuses applications de la musicoth\u00e9rapie, des \u00e9tudes scientifiques attestent d&#039;une efficacit\u00e9 durable. <\/p>\n\n\n\n<p><strong><a href=\"http:\/\/mit-musik-geht-reha-besser.de\/fr\/wachkoma-2\/\">Musicoth\u00e9rapie pour les patients en \u00e9tat v\u00e9g\u00e9tatif<\/a><\/strong> Cela se d\u00e9roule au chevet des patients en \u00e9tat v\u00e9g\u00e9tatif.<\/p>\n\n\n\n<p><strong><a href=\"http:\/\/mit-musik-geht-reha-besser.de\/fr\/neurologische-musiktherapie\/\">Musicoth\u00e9rapie neurologique <\/a><\/strong>comprend des applications scientifiquement valides pour <a href=\"http:\/\/mit-musik-geht-reha-besser.de\/fr\/neurologische-musiktherapie-motoriktraining\/\">sensorimoteur<\/a> (R\u00e9\u00e9ducation de la marche, r\u00e9\u00e9ducation des bras et des mains, etc.), <a href=\"http:\/\/mit-musik-geht-reha-besser.de\/fr\/neurologische-musiktherapie-sprach-sprech-und-stimmtraining\/\">langage et voix li\u00e9s<\/a> (<a href=\"http:\/\/mit-musik-geht-reha-besser.de\/fr\/aphasie\/\">aphasie<\/a> ua) et <a href=\"http:\/\/mit-musik-geht-reha-besser.de\/fr\/neurologische-musiktherapie-hirnleistungstraining\/\">techniques d&#039;entra\u00eenement cognitif<\/a>.<\/p>\n\n\n\n<p><a href=\"file:\/\/\/G:\/web%20site\/WEB%20SPACE%201&amp;1\/Mit-Musik-geht-Reha-besser\/html\/psyche.html\"><strong>psychoth\u00e9rapie musicale<\/strong><\/a>\nCela repr\u00e9sente un autre domaine d&#039;application de la musicoth\u00e9rapie en r\u00e9adaptation. La pratique et l&#039;exp\u00e9rience de la musique dans le cadre d&#039;un programme th\u00e9rapeutique ax\u00e9 sur la relation contribuent de mani\u00e8re significative \u00e0 la r\u00e9ussite de la r\u00e9adaptation.<a href=\"http:\/\/mit-musik-geht-reha-besser.de\/fr\/neurologische-musiktherapie\/\">I<\/a><\/p>\n\n\n\n<p><\/p>","protected":false},"excerpt":{"rendered":"<p>Die Anwendungsm\u00f6glichkeiten von Musiktherapie in der Rehabilitation sind enorm vielf\u00e4ltig. Dabei lassen sich die verschiedensten Symptome mit Musik positiv beeinflussen. F\u00fcr viele musiktherapeutische Anwendungen liegen wissenschaftliche Studien vor, welche eine nachhaltige Wirksamkeit dokumentieren. Musiktherapie bei Wachkoma findet bei Wachkomapatienten am Bett statt. Neurologische Musiktherapie beinhaltet wissenschaftlich fundierte Anwendungen f\u00fcr sensomotorische (Gangtraining, Arm- und Handtraining etc.), [&hellip;]<\/p>\n","protected":false},"author":1,"featured_media":0,"parent":0,"menu_order":1,"comment_status":"closed","ping_status":"closed","template":"","meta":{"footnotes":""},"class_list":["post-89","page","type-page","status-publish","hentry"],"_links":{"self":[{"href":"https:\/\/mit-musik-geht-reha-besser.de\/fr\/wp-json\/wp\/v2\/pages\/89","targetHints":{"allow":["GET"]}}],"collection":[{"href":"https:\/\/mit-musik-geht-reha-besser.de\/fr\/wp-json\/wp\/v2\/pages"}],"about":[{"href":"https:\/\/mit-musik-geht-reha-besser.de\/fr\/wp-json\/wp\/v2\/types\/page"}],"author":[{"embeddable":true,"href":"https:\/\/mit-musik-geht-reha-besser.de\/fr\/wp-json\/wp\/v2\/users\/1"}],"replies":[{"embeddable":true,"href":"https:\/\/mit-musik-geht-reha-besser.de\/fr\/wp-json\/wp\/v2\/comments?post=89"}],"version-history":[{"count":5,"href":"https:\/\/mit-musik-geht-reha-besser.de\/fr\/wp-json\/wp\/v2\/pages\/89\/revisions"}],"predecessor-version":[{"id":499,"href":"https:\/\/mit-musik-geht-reha-besser.de\/fr\/wp-json\/wp\/v2\/pages\/89\/revisions\/499"}],"wp:attachment":[{"href":"https:\/\/mit-musik-geht-reha-besser.de\/fr\/wp-json\/wp\/v2\/media?parent=89"}],"curies":[{"name":"wp","href":"https:\/\/api.w.org\/{rel}","templated":true}]}}