{"id":1233,"date":"2024-05-12T12:15:12","date_gmt":"2024-05-12T12:15:12","guid":{"rendered":"https:\/\/mit-musik-geht-reha-besser.de\/?page_id=1233"},"modified":"2024-07-16T09:24:14","modified_gmt":"2024-07-16T09:24:14","slug":"playlists","status":"publish","type":"page","link":"https:\/\/mit-musik-geht-reha-besser.de\/ja\/playlists\/","title":{"rendered":"\u30ea\u30e9\u30af\u30bc\u30fc\u30b7\u30e7\u30f3\u3001\u5065\u5eb7\u3001\u30e2\u30d3\u30ea\u30c6\u30a3\u3092\u4fc3\u9032\u3059\u308b\u30d1\u30fc\u30bd\u30ca\u30eb\u30d7\u30ec\u30a4\u30ea\u30b9\u30c8"},"content":{"rendered":"<p>2024-05-12. <strong>\u97f3\u697d\u306f\u79c1\u305f\u3061\u4eba\u9593\u306b\u69d8\u3005\u306a\u5f62\u3067\u5f37\u529b\u306a\u5f71\u97ff\u3092\u4e0e\u3048\u307e\u3059\u3002\u30ea\u30e9\u30af\u30bc\u30fc\u30b7\u30e7\u30f3\u3001\u6ce8\u610f\u529b\u3001\u30a8\u30cd\u30eb\u30ae\u30fc\u3001\u96c6\u4e2d\u529b\u3001\u53ef\u52d5\u6027\u3001\u7b4b\u529b\u3001\u3055\u3089\u306b\u306f\u75db\u307f\u306e\u77e5\u899a\u3055\u3048\u3082\u3001\u97f3\u697d\u306b\u3088\u3063\u3066\u76f4\u63a5\u6539\u5584\u3055\u308c\u307e\u3059\u3002\u3053\u308c\u3089\u306e\u30dd\u30b8\u30c6\u30a3\u30d6\u306a\u52b9\u679c\u306e\u591a\u304f\u306f\u3001\u4e00\u822c\u7684\u306a\u751f\u7406\u5b66\u7684\u539f\u7406\u306b\u57fa\u3065\u3044\u3066\u3044\u307e\u3059\u3002\u3057\u304b\u3057\u306a\u304c\u3089\u3001\u97f3\u697d\u304c\u79c1\u500b\u4eba\u306b\u3001\u305d\u3057\u3066\u79c1\u306e\u597d\u307f\u306b\u5408\u3063\u3066\u3044\u308b\u3053\u3068\u304c\u91cd\u8981\u3067\u3059\u3002\u3053\u306e\u8a18\u4e8b\u3067\u306f\u3001\u30d7\u30ec\u30a4\u30ea\u30b9\u30c8\u3092\u4f7f\u3063\u3066\u97f3\u697d\u3092\u65e5\u5e38\u751f\u6d3b\u306b\u5b9a\u671f\u7684\u306b\u53d6\u308a\u5165\u308c\u308b\u65b9\u6cd5\u3092\u7d39\u4ecb\u3057\u307e\u3059\u3002\u3053\u308c\u306b\u3088\u308a\u3001\u30d1\u30fc\u30ad\u30f3\u30bd\u30f3\u75c5\u3084\u8133\u5352\u4e2d\u306a\u3069\u306e\u6162\u6027\u795e\u7d4c\u75be\u60a3\u306b\u304a\u3044\u3066\u3001\u97f3\u697d\u306e\u6cbb\u7642\u52b9\u679c\u3092\u7279\u306b\u6d3b\u7528\u3057\u3001\u751f\u6d3b\u306e\u8cea\u3092\u5411\u4e0a\u3055\u305b\u308b\u3053\u3068\u304c\u3067\u304d\u307e\u3059\u3002\u30ea\u30e9\u30af\u30bc\u30fc\u30b7\u30e7\u30f3\u3001\u6c17\u5206\u3001\u30a8\u30cd\u30eb\u30ae\u30fc\u3001\u53ef\u52d5\u6027\u306f\u3059\u3079\u3066\u3001\u30d1\u30fc\u30bd\u30ca\u30e9\u30a4\u30ba\u3055\u308c\u305f\u30d7\u30ec\u30a4\u30ea\u30b9\u30c8\u306b\u3088\u3063\u3066\u52b9\u679c\u7684\u306b\u30b5\u30dd\u30fc\u30c8\u3055\u308c\u307e\u3059\u3002.<\/strong><\/p>\n\n\n\n<h3 class=\"wp-block-heading\">\u30d7\u30ec\u30a4\u30ea\u30b9\u30c8\u3092\u4f5c\u6210\u3059\u308b\u306b\u306f\u3069\u3046\u3059\u308c\u3070\u3088\u3044\u3067\u3059\u304b?<\/h3>\n\n\n\n<p>\u307e\u305a\u3001\u30d7\u30ec\u30a4\u30ea\u30b9\u30c8\u3092\u4f5c\u6210\u3059\u308b\u305f\u3081\u306b\u3069\u306e\u30b5\u30fc\u30d3\u30b9\u3092\u3069\u306e\u3088\u3046\u306b\u5229\u7528\u3059\u308b\u304b\u3092\u691c\u8a0e\u3059\u308b\u5fc5\u8981\u304c\u3042\u308a\u307e\u3059\u3002YouTube Music\u3001Amazon Music\u3001Spotify\u3001Deezer\u306a\u3069\u3001\u7121\u6599\u30b5\u30fc\u30d3\u30b9\u306f\u6570\u591a\u304f\u3042\u308a\u307e\u3059\u3002\u3057\u304b\u3057\u3001\u3053\u308c\u3089\u306e\u30b5\u30fc\u30d3\u30b9\u306e\u500b\u4eba\u7528\u30d7\u30ec\u30a4\u30ea\u30b9\u30c8\u306f\u3001\u5e83\u544a\u3067\u4e2d\u65ad\u3055\u308c\u305f\u308a\u3001\u30d7\u30ed\u30b0\u30e9\u30e0\u304c\u30e9\u30f3\u30c0\u30e0\u306b\u65b0\u3057\u3044\u30c8\u30e9\u30c3\u30af\u3092\u8ffd\u52a0\u3057\u305f\u308a\u3059\u308b\u3053\u3068\u304c\u3042\u308a\u307e\u3059\u3002\u3053\u308c\u3092\u907f\u3051\u308b\u306b\u306f\u3001\u6709\u6599\u30d7\u30e9\u30f3\u306b\u52a0\u5165\u3059\u308b\u3053\u3068\u304c\u3067\u304d\u307e\u3059\u3002\u4e3b\u8981\u306a\u97f3\u697d\u30b9\u30c8\u30ea\u30fc\u30df\u30f3\u30b0\u30d7\u30e9\u30c3\u30c8\u30d5\u30a9\u30fc\u30e0\u3067\u306f\u3001\u901a\u5e38\u6708\u984d10\uff5e13\u30e6\u30fc\u30ed\u304b\u304b\u308a\u307e\u3059\u3002\u4e00\u90e8\u306e\u30b5\u30fc\u30d3\u30b9\u3067\u306f\u3001iTunes\u3084Amazon Music\u304c\u305d\u3046\u3067\u3042\u308a\u3001\u7d99\u7d9a\u7684\u306a\u30b5\u30d6\u30b9\u30af\u30ea\u30d7\u30b7\u30e7\u30f3\u8cbb\u7528\u306a\u3057\u3067\u500b\u3005\u306e\u30c8\u30e9\u30c3\u30af\u3092\u8cfc\u5165\u3067\u304d\u307e\u3059\u3002\u3061\u306a\u307f\u306b\u3001\u30c9\u30a4\u30c4\u3067\u306f\u3001\u3059\u3079\u3066\u306e\u56f3\u66f8\u9928\u5229\u7528\u8005\u5411\u3051\u306e\u30a2\u30d7\u30ea\u300cFreegalMusic\u300d\u304c\u3042\u308a\u307e\u3059\u3002\u3053\u306e\u30a2\u30d7\u30ea\u306f\u56f3\u66f8\u9928\u304c\u6240\u8535\u3057\u3066\u3044\u308b\u30c8\u30e9\u30c3\u30af\u306e\u307f\u3092\u5bfe\u8c61\u3068\u3057\u3066\u3044\u308b\u305f\u3081\u3001\u9078\u629e\u80a2\u306f\u305d\u308c\u307b\u3069\u5e83\u304f\u3042\u308a\u307e\u305b\u3093\u3002\u305f\u3060\u3057\u3001\u5e74\u9593\u308f\u305a\u304b12\u30e6\u30fc\u30ed\uff08\u4e00\u822c\u7684\u306a\u30aa\u30f3\u30e9\u30a4\u30f3\u8cb8\u51fa\u6599\u91d1\uff09\u3067\u3001\u307e\u305f\u306f\u8ffd\u52a0\u6599\u91d1\u306a\u3057\u3067\u901a\u5e38\u306e\u56f3\u66f8\u9928\u30b5\u30d6\u30b9\u30af\u30ea\u30d7\u30b7\u30e7\u30f3\u306e\u4e00\u90e8\u3068\u3057\u3066\u30b5\u30fc\u30d3\u30b9\u3092\u5229\u7528\u3067\u304d\u307e\u3059\u3002.<\/p>\n\n\n\n<p>\u30d7\u30e9\u30c3\u30c8\u30d5\u30a9\u30fc\u30e0\/\u30a2\u30d7\u30ea\u30b1\u30fc\u30b7\u30e7\u30f3\u3092\u9078\u629e\u3057\u305f\u3089\u3001\u30d7\u30ec\u30a4\u30ea\u30b9\u30c8\u3092\u4f5c\u6210\u3057\u307e\u3057\u3087\u3046\u3002\u4e00\u822c\u7684\u306a\u97f3\u697d\u30d7\u30e9\u30c3\u30c8\u30d5\u30a9\u30fc\u30e0\u3084\u97f3\u697d\u30d7\u30ec\u30fc\u30e4\u30fc\u306f\u3059\u3079\u3066\u3053\u306e\u6a5f\u80fd\u3092\u5099\u3048\u3066\u3044\u307e\u3059\u3002\u3053\u306e\u30ea\u30b9\u30c8\u306e\u540d\u524d\u3092\u3001\u4f8b\u3048\u3070\u300c\u30ea\u30e9\u30af\u30bc\u30fc\u30b7\u30e7\u30f3\u300d\u3084\u300c\u30cf\u30c3\u30d4\u30fc\u300d\u306a\u3069\u306b\u5909\u66f4\u3057\u307e\u3057\u3087\u3046\u3002\u3053\u308c\u3067\u3001\u7279\u5b9a\u306e\u66f2\u3092\u691c\u7d22\u3057\u3066\u3001\u7279\u5b9a\u306e\u30d7\u30ec\u30a4\u30ea\u30b9\u30c8\u306b\u5206\u985e\u3067\u304d\u308b\u3088\u3046\u306b\u306a\u308a\u307e\u3059\u3002\u9762\u5012\u306a\u4f5c\u696d\u306e\u3088\u3046\u306b\u601d\u3048\u307e\u3059\u304c\u3001\u305d\u306e\u4fa1\u5024\u306f\u3042\u308a\u307e\u3059\uff01\u3053\u306e\u30ea\u30b9\u30c8\u306f\u3001\u5fc5\u8981\u306a\u6642\u306b\u3044\u3064\u3067\u3082\u4f7f\u3048\u308b\u304b\u3089\u3067\u3059\u3002.<\/p>\n\n\n\n<h3 class=\"wp-block-heading\">\u30ea\u30e9\u30c3\u30af\u30b9\u306e\u305f\u3081\u306e\u30d7\u30ec\u30a4\u30ea\u30b9\u30c8<\/h3>\n\n\n\n<p>\u97f3\u697d\u306b\u306f\u5373\u52b9\u6027\u306e\u3042\u308b\u93ae\u9759\u52b9\u679c\u304c\u3042\u308a\u307e\u3059\u3002\u81ea\u5f8b\u795e\u7d4c\u7cfb\u306b\u4f5c\u7528\u3057\u3001\u5fc3\u62cd\u6570\u3092\u4e0b\u3052\u307e\u3059\u3002\u3053\u306e\u3088\u3046\u306b\u3001\u97f3\u697d\u306f\u7720\u308a\u306b\u3082\u5f79\u7acb\u3061\u307e\u3059\u3002\u7814\u7a76\u306b\u3088\u308b\u3068\u3001\u5c31\u5bdd\u524d\u306b30\uff5e40\u5206\u97f3\u697d\u3092\u8074\u304f\u3068\u3001\u7720\u308a\u306b\u3064\u304f\u307e\u3067\u306e\u6642\u9593\u304c\u77ed\u7e2e\u3055\u308c\u3001\u7761\u7720\u306e\u8cea\u304c\u5411\u4e0a\u3059\u308b\u3053\u3068\u304c\u793a\u3055\u308c\u3066\u3044\u307e\u3059\u3002\u307e\u305f\u3001\u97f3\u697d\u306f\u65e5\u4e2d\u306b\u5b89\u3089\u304b\u306a\u30ea\u30e9\u30c3\u30af\u30b9\u52b9\u679c\u3092\u5f97\u308b\u306e\u306b\u3082\u5f79\u7acb\u3061\u307e\u3059\u3002\u5b9a\u671f\u7684\u306b\u77ed\u3044\u4f11\u61a9\u3092\u53d6\u308b\u3053\u3068\u3067\u3001\u30b9\u30c8\u30ec\u30b9\u304c\u904e\u5ea6\u306b\u306a\u308b\u306e\u3092\u9632\u3050\u3053\u3068\u304c\u3067\u304d\u307e\u3059\u3002\u30d0\u30e9\u30f3\u30b9\u611f\u899a\u3068\u56de\u5fa9\u529b\u304c\u5411\u4e0a\u3057\u307e\u3059\u3002.<\/p>\n\n\n\n<p>\u30ea\u30e9\u30af\u30bc\u30fc\u30b7\u30e7\u30f3\u306b\u306f\u3086\u3063\u304f\u308a\u3068\u3057\u305f\u97f3\u697d\uff0860\uff5e70bpm\u7a0b\u5ea6\uff09\u304c\u9069\u3057\u3066\u3044\u307e\u3059\u3002\u3086\u3063\u304f\u308a\u3068\u3057\u305f\u30c6\u30f3\u30dd\u306f\u3001\u4f53\u3092\u5b89\u9759\u6642\u306e\u5fc3\u62cd\u6570\u306b\u843d\u3061\u7740\u304b\u305b\u307e\u3059\u3002\u307e\u305f\u3001\u4e88\u6e2c\u3057\u3084\u3059\u304f\u3001\u7a81\u7136\u306e\u5909\u5316\u304c\u306a\u3044\u97f3\u697d\u3092\u9078\u3076\u306e\u3082\u826f\u3044\u3067\u3057\u3087\u3046\u3002\u30a4\u30f3\u30b9\u30c8\u30a5\u30eb\u30e1\u30f3\u30bf\u30eb\u97f3\u697d\u306f\u826f\u3044\u9078\u629e\u80a2\u3067\u3059\u3002\u30a4\u30fc\u30b8\u30fc\u30ea\u30b9\u30cb\u30f3\u30b0\u3001\u6620\u753b\u97f3\u697d\u3001\u73fe\u4ee3\u30af\u30e9\u30b7\u30c3\u30af\u3001\u30af\u30e9\u30b7\u30c3\u30af\u3001\u30a2\u30f3\u30d3\u30a8\u30f3\u30c8\u306a\u3069\u3001\u69d8\u3005\u306a\u30b8\u30e3\u30f3\u30eb\u304c\u8003\u3048\u3089\u308c\u307e\u3059\u3002\u81ea\u5206\u306b\u5408\u3063\u305f\u97f3\u697d\u3092\u898b\u3064\u3051\u3066\u304f\u3060\u3055\u3044\u3002\u5fc5\u305a\u3057\u3082\u300c\u30ea\u30e9\u30af\u30bc\u30fc\u30b7\u30e7\u30f3\u97f3\u697d\u300d\u3067\u3042\u308b\u5fc5\u8981\u306f\u3042\u308a\u307e\u305b\u3093\u3002\u5fc3\u3092\u843d\u3061\u7740\u304b\u305b\u308b\u306e\u306b\u5f79\u7acb\u3064\u66f2\u3092\u898b\u3064\u3051\u3066\u3001\u300c\u30ea\u30e9\u30af\u30bc\u30fc\u30b7\u30e7\u30f3\u300d\u30d7\u30ec\u30a4\u30ea\u30b9\u30c8\u306b\u4fdd\u5b58\u3057\u307e\u3057\u3087\u3046\u3002.<\/p>\n\n\n\n<h3 class=\"wp-block-heading\">\u30a8\u30cd\u30eb\u30ae\u30fc\u3068\u6c17\u5206\u3092\u9ad8\u3081\u308b\u30d7\u30ec\u30a4\u30ea\u30b9\u30c8<\/h3>\n\n\n\n<p>\u591a\u304f\u306e\u4eba\u304c\u6c17\u5206\u304c\u843d\u3061\u8fbc\u3093\u3060\u308a\u3001\u52c7\u6c17\u3084\u30a8\u30cd\u30eb\u30ae\u30fc\u304c\u6e67\u304b\u306a\u304f\u306a\u3063\u305f\u308a\u3001\u60b2\u3057\u307f\u3092\u611f\u3058\u305f\u308a\u3059\u308b\u6642\u671f\u3092\u7d4c\u9a13\u3057\u307e\u3059\u3002\u30d1\u30fc\u30ad\u30f3\u30bd\u30f3\u75c5\u3084\u3046\u3064\u75c5\u306a\u3069\u306e\u591a\u304f\u306e\u6162\u6027\u75be\u60a3\u3067\u306f\u3001\u3053\u308c\u3089\u306e\u75c7\u72b6\u306f\u75c5\u6c17\u81ea\u4f53\u306b\u3088\u3063\u3066\u5f15\u304d\u8d77\u3053\u3055\u308c\u307e\u3059\u3002\u3057\u304b\u3057\u3001\u3060\u304b\u3089\u3068\u3044\u3063\u3066\u4f55\u3082\u3067\u304d\u306a\u3044\u308f\u3051\u3067\u306f\u3042\u308a\u307e\u305b\u3093\u3002\u97f3\u697d\u306f\u3001\u6700\u521d\u306e\u97f3\u304b\u3089\u6c17\u5206\u3001\u30e2\u30c1\u30d9\u30fc\u30b7\u30e7\u30f3\u3001\u305d\u3057\u3066\u30a8\u30cd\u30eb\u30ae\u30fc\u30ec\u30d9\u30eb\u306b\u78ba\u5b9f\u306b\u5f71\u97ff\u3092\u4e0e\u3048\u307e\u3059\u3002\u6bd4\u8f03\u7684\u5927\u304d\u306a\u97f3\u91cf\u3067\u97f3\u697d\u3092\u8074\u304f\u306e\u3082\u826f\u3044\u3067\u3057\u3087\u3046\u3002\u81ea\u5206\u306b\u5408\u3063\u305f\u97f3\u697d\u3092\u8074\u304f\u3068\u3001\u8133\u306e\u5831\u916c\u7cfb\u304c\u5373\u5ea7\u306b\u6d3b\u6027\u5316\u3055\u308c\u307e\u3059\u3002\u300c\u5e78\u305b\u30db\u30eb\u30e2\u30f3\u300d\u3068\u547c\u3070\u308c\u308b\u30c9\u30fc\u30d1\u30df\u30f3\u304c\u5206\u6ccc\u3055\u308c\u307e\u3059\u3002\u97f3\u697d\u306f\u3001\u8133\u306e\u5965\u6df1\u304f\u306b\u3042\u308b\u611f\u60c5\u3092\u53f8\u308b\u5927\u8133\u8fba\u7e01\u7cfb\u3068\u547c\u3070\u308c\u308b\u90e8\u4f4d\u3092\u8abf\u7bc0\u3057\u307e\u3059\u3002\u97f3\u697d\u306f\u3001\u6c17\u5206\u3092\u660e\u308b\u304f\u3057\u3001\u4e0d\u5b89\u3092\u8efd\u6e1b\u3057\u3001\u75db\u307f\u306e\u77e5\u899a\u3092\u548c\u3089\u3052\u307e\u3059\u3002\u4f8b\u3048\u3070\u3001\u6b6f\u533b\u8005\u306e\u6905\u5b50\u306b\u5feb\u9069\u306b\u5ea7\u308c\u308b\u3088\u3046\u306b\u306a\u308b\u306a\u3069\u3067\u3059\u3002.<\/p>\n\n\n\n<p>\u305d\u306e\u305f\u3081\u306b\u306f\u3001\u300c\u30cf\u30c3\u30d4\u30fc\u300d\u306a\u30d7\u30ec\u30a4\u30ea\u30b9\u30c8\u3092\u4f5c\u6210\u3057\u3066\u307f\u307e\u3057\u3087\u3046\u3002\u6c17\u5206\u304c\u4e0a\u304c\u308b\u66f2\u3092\u63a2\u3057\u307e\u3057\u3087\u3046\u3002\u30c6\u30f3\u30dd\u306e\u901f\u3044\u97f3\u697d\u304c\u4e00\u822c\u7684\u3067\u3059\u3002\u30dd\u30b8\u30c6\u30a3\u30d6\u306a\u6c17\u5206\u306b\u306a\u308c\u308b\u97f3\u697d\u3001\u9ce5\u808c\u304c\u7acb\u3064\u3088\u3046\u306a\u97f3\u697d\u3092\u63a2\u3057\u307e\u3057\u3087\u3046\u3002\u7279\u5b9a\u306e\u6b4c\u8a5e\u306b\u5408\u308f\u305b\u3066\u3001\u58f0\u306b\u51fa\u3057\u3066\u6b4c\u3063\u305f\u308a\u3001\u9ed9\u3063\u3066\u6b4c\u3063\u305f\u308a\u3059\u308b\u306e\u3082\u52b9\u679c\u7684\u3067\u3059\u3002\u30bf\u30c3\u30d7\u3057\u305f\u308a\u3001\u4f53\u3092\u63fa\u3089\u3057\u305f\u308a\u3001\u4f53\u3092\u63fa\u3089\u3057\u305f\u308a\u3059\u308b\u306a\u3069\u3001\u5c0f\u3055\u306a\u52d5\u304d\u3082\u52b9\u679c\u3092\u9ad8\u3081\u307e\u3059\u3002.<\/p>\n\n\n\n<p>\u30dd\u30b8\u30c6\u30a3\u30d6\u3067\u3001\u89aa\u3057\u307f\u3084\u3059\u304f\u3001\u6c17\u5206\u304c\u9ad8\u63da\u3059\u308b\u3088\u3046\u306a\u97f3\u697d\u3067\u300c\u30cf\u30c3\u30d4\u30fc\u300d\u306a\u30d7\u30ec\u30a4\u30ea\u30b9\u30c8\u3092\u4f5c\u308a\u307e\u3057\u3087\u3046\u3002\u3053\u306e\u30d7\u30ec\u30a4\u30ea\u30b9\u30c8\u306f\u3001\u843d\u3061\u8fbc\u3093\u3067\u3044\u308b\u6642\u306b\u304d\u3063\u3068\u5f79\u306b\u7acb\u3061\u307e\u3059\u3002\u30a4\u30f3\u30b9\u30d4\u30ec\u30fc\u30b7\u30e7\u30f3\u3068\u3057\u3066\u3001\u3059\u3067\u306b\u9078\u66f2\u6e08\u307f\u306e\u30d7\u30ec\u30a4\u30ea\u30b9\u30c8\u3092\u3054\u7528\u610f\u3057\u307e\u3057\u305f\u306e\u3067\u3001\u305c\u3072\u304a\u8a66\u3057\u304f\u3060\u3055\u3044\uff01<\/p>\n\n\n\n<p>\u30d2\u30f3\u30c8\uff1a\u6c17\u5206\u304c\u843d\u3061\u8fbc\u3093\u3067\u3044\u308b\u4eba\u306f\u3001\u6700\u521d\u306f\u81ea\u5206\u306e\u6c17\u5206\u306b\u5408\u3063\u305f\u97f3\u697d\u304c\u5fc5\u8981\u306a\u5834\u5408\u3082\u3042\u308a\u307e\u3059\u3002\u305d\u306e\u5834\u5408\u306f\u3001\u30d7\u30ec\u30a4\u30ea\u30b9\u30c8\u306f\u6700\u521d\u306f\u3069\u3061\u3089\u304b\u3068\u3044\u3048\u3070\u60b2\u3057\u304f\u30e1\u30e9\u30f3\u30b3\u30ea\u30c3\u30af\u306a\u66f2\u304b\u3089\u59cb\u3081\u308b\u3068\u826f\u3044\u3067\u3057\u3087\u3046\u3002\u305d\u306e\u3088\u3046\u306a\u66f2\u30923\uff5e5\u66f2\u307b\u3069\u5165\u308c\u305f\u3089\u3001\u5f90\u3005\u306b\u660e\u308b\u304f\u697d\u3057\u3044\u66f2\u306b\u3057\u3066\u3044\u304f\u3068\u826f\u3044\u3067\u3057\u3087\u3046\u3002.<\/p>\n\n\n\n<p><strong>\u30cf\u30c3\u30d4\u30fc\u30d7\u30ec\u30a4\u30ea\u30b9\u30c8<\/strong><\/p>\n<p><iframe loading=\"lazy\" style=\"border-radius:12px\" src=\"https:\/\/open.spotify.com\/embed\/playlist\/37MZev9u0s1AlYljQRPRBX?utm_source=generator&#038;theme=0\" width=\"100%\" height=\"152\" frameborder=\"0\" allowfullscreen=\"\"><\/iframe><\/p>\n\n\n\n<h3 class=\"wp-block-heading\">\u30a6\u30a9\u30fc\u30ad\u30f3\u30b0\u7528\u30d7\u30ec\u30a4\u30ea\u30b9\u30c8<\/h3>\n\n\n\n<p>\u795e\u7d4c\u75be\u60a3\u3084\u6574\u5f62\u5916\u79d1\u75be\u60a3\u3092\u6301\u3064\u591a\u304f\u306e\u4eba\u306b\u3068\u3063\u3066\u3001\u6b69\u884c\u306f\u56f0\u96e3\u3067\u3001\u8ca0\u62c5\u304c\u5927\u304d\u304f\u3001\u4e0d\u5b89\u5b9a\u306a\u72b6\u614b\u3067\u3059\u3002\u97f3\u697d\u306f\u52d5\u304d\u3092\u5b89\u5b9a\u3055\u305b\u308b\u306e\u306b\u5f79\u7acb\u3061\u307e\u3059\u3002\u7b4b\u529b\u3092\u5411\u4e0a\u3055\u305b\u3001\u3072\u3044\u3066\u306f\u6b69\u884c\u6642\u306e\u6301\u4e45\u529b\u3082\u5411\u4e0a\u3055\u305b\u307e\u3059\u3002 <a href=\"https:\/\/mit-musik-geht-reha-besser.de\/ja\/neurologische-musiktherapie-motoriktraining\/\" data-type=\"page\" data-id=\"209\">\u97f3\u697d\u88dc\u52a9\u6b69\u884c\u8a13\u7df4<\/a> \u305d\u306e\u305f\u3081\u3001\u3053\u308c\u306f\u91cd\u8981\u306a\u6cbb\u7642\u6cd5\u3067\u3042\u308a\u3001\u4f8b\u3048\u3070\u30d1\u30fc\u30ad\u30f3\u30bd\u30f3\u75c5\u3084\u8133\u5352\u4e2d\u306e\u6cbb\u7642\u30ac\u30a4\u30c9\u30e9\u30a4\u30f3\u3067\u3082\u63a8\u5968\u3055\u308c\u3066\u3044\u307e\u3059\u3002\u30a6\u30a9\u30fc\u30ad\u30f3\u30b0\u3068\u97f3\u697d\u306f\u3001\u6cbb\u7642\u306e\u5c02\u9580\u77e5\u8b58\u304c\u306a\u304f\u3066\u3082\u7d44\u307f\u5408\u308f\u305b\u308b\u3053\u3068\u304c\u3067\u304d\u307e\u3059\u3002\u305d\u306e\u305f\u3081\u306b\u306f\u3001\u307e\u305a\u500b\u4eba\u306e\u6b69\u884c\u983b\u5ea6\u3092\u628a\u63e1\u3059\u308b\u5fc5\u8981\u304c\u3042\u308a\u307e\u3059\u3002. <\/p>\n\n\n\n<p>\u30bf\u30a4\u30de\u30fc\u309220\u79d2\u306b\u8a2d\u5b9a\u3057\u3001\u6b69\u304d\u306a\u304c\u3089\u6b69\u6570\u3092\u6570\u3048\u308b\u3053\u3068\u3067\u3001\u81ea\u5206\u306e\u6b69\u6570\u3092\u7c21\u5358\u306b\u628a\u63e1\u3067\u304d\u307e\u3059\u3002BPM Tap Counter\u306a\u3069\u306e\u30a2\u30d7\u30ea\u3082\u5f79\u7acb\u3061\u307e\u3059\u3002\u300c\u30a6\u30a9\u30fc\u30ad\u30f3\u30b0\u300d\u30d7\u30ec\u30a4\u30ea\u30b9\u30c8\u306e\u97f3\u697d\u306e\u30c6\u30f3\u30dd\u306f\u3001\u76ee\u6a19\u3068\u3059\u308b\u30b1\u30a4\u30c7\u30f3\u30b9\u306b\u5408\u308f\u305b\u3066\u304f\u3060\u3055\u3044\u3002\u901a\u5e38\u3001\u3053\u308c\u306f\u6e2c\u5b9a\u3055\u308c\u305f\u30b1\u30a4\u30c7\u30f3\u30b9\u3088\u308a\u3082\u5c11\u3057\u901f\u304f\u306a\u308a\u307e\u3059\u3002\u30a6\u30a9\u30fc\u30ad\u30f3\u30b0\u4e2d\u306b\u81ea\u4fe1\u3092\u6301\u3061\u305f\u3044\u5834\u5408\u306f\u3001\u97f3\u697d\u306e\u30c6\u30f3\u30dd\u3092\u5c11\u3057\u9045\u304f\u8a2d\u5b9a\u3057\u3066\u304f\u3060\u3055\u3044\u3002\u30a6\u30a9\u30fc\u30ad\u30f3\u30b0\u306b\u5fc5\u8981\u306a\u901f\u5ea6\u306f\u901a\u5e38105\uff5e120 bpm\u3067\u3059\u3002\u30c8\u30ec\u30c3\u30c9\u30df\u30eb\u30c8\u30ec\u30fc\u30cb\u30f3\u30b0\u306e\u5834\u5408\u306f\u3001\u30d9\u30eb\u30c8\u901f\u5ea6\u306b\u3082\u3088\u308a\u307e\u3059\u304c\u300185\uff5e110 bpm\u304c\u9069\u3057\u3066\u3044\u307e\u3059\u3002\u97f3\u697d\u3092\u8074\u304d\u306a\u304c\u3089\u30ce\u30eb\u30c7\u30a3\u30c3\u30af\u30a6\u30a9\u30fc\u30ad\u30f3\u30b0\u3092\u3059\u308b\u5834\u5408\u306f\u300185\uff5e95 bpm\u304c\u63a8\u5968\u3055\u308c\u307e\u3059\u3002.<\/p>\n\n\n\n<p>\u300c\u30a6\u30a9\u30fc\u30ad\u30f3\u30b0\u300d\u30d7\u30ec\u30a4\u30ea\u30b9\u30c8\u306b\u9078\u3076\u97f3\u697d\u306f\u3001\u30c6\u30f3\u30dd\u304c\u4e00\u5b9a\u3067\u3001\u306f\u3063\u304d\u308a\u3068\u8a8d\u8b58\u3067\u304d\u308b\u3001\u3042\u308b\u3044\u306f\u3080\u3057\u308d\u77e5\u899a\u3067\u304d\u308b\u3082\u306e\u3092\u9078\u3073\u307e\u3057\u3087\u3046\u3002\u697d\u66f2\u306b\u5408\u308f\u305b\u3066\u624b\u62cd\u5b50\u304c\u30b9\u30e0\u30fc\u30ba\u306b\u3001\u305d\u3057\u3066\u76f4\u63a5\u7684\u306b\u3067\u304d\u308b\u3088\u3046\u3067\u3042\u308c\u3070\u3001\u305d\u306e\u30ea\u30ba\u30e0\u306f\u30a6\u30a9\u30fc\u30ad\u30f3\u30b0\u306b\u9069\u3057\u3066\u3044\u308b\u3068\u8a00\u3048\u308b\u3067\u3057\u3087\u3046\u3002\u305f\u3060\u3057\u3001\u6ce8\u610f\u304c\u5fc5\u8981\u3067\u3059\uff01\u66f2\u306b\u3088\u3063\u3066\u306f\u66f2\u306e\u9014\u4e2d\u3067\u30c6\u30f3\u30dd\u304c\u5909\u308f\u308b\u3082\u306e\u304c\u3042\u308a\u3001\u30a6\u30a9\u30fc\u30ad\u30f3\u30b0\u4e2d\u306b\u3059\u3050\u306b\u30c6\u30f3\u30dd\u304c\u5909\u308f\u3063\u3066\u3057\u307e\u3046\u53ef\u80fd\u6027\u304c\u3042\u308a\u307e\u3059\u3002\u305d\u306e\u305f\u3081\u3001\u500b\u4eba\u306e\u597d\u307f\u3088\u308a\u3082\u3001\u30ea\u30ba\u30e0\u3084\u69cb\u6210\u304c\u91cd\u8981\u3067\u3059\u3002\u3082\u3057\u8ff7\u3046\u5834\u5408\u306f\u3001\u307e\u305a\u306f\u8a66\u8074\u3057\u3066\u307f\u3066\u304f\u3060\u3055\u3044\u3002 <a href=\"https:\/\/mit-musik-geht-reha-besser.de\/ja\/musik\/\" data-type=\"page\" data-id=\"90\">\u30d7\u30ec\u30a4\u30ea\u30b9\u30c8\u304b\u3089\u306e\u97f3\u697d <\/a>\u30aa\u30d5\u306b\u3057\u3066\u304f\u3060\u3055\u3044\u3002\u305d\u306e\u5f8c\u3001\u6c17\u306b\u5165\u3063\u305f\u66f2\u3092\u81ea\u5206\u306e\u300cGo\u300d\u30d7\u30ec\u30a4\u30ea\u30b9\u30c8\u306b\u4fdd\u5b58\u3067\u304d\u307e\u3059\u3002.<\/p>","protected":false},"excerpt":{"rendered":"<p>2024-05-12. Musik hat starke Auswirkungen auf uns Menschen. Und das in vielerlei Hinsicht. Entspannung, Wachheit, Energie, Konzentration, Beweglichkeit, Kraft, sogar unser Schmerzempfinden k\u00f6nnen unmittelbar durch Musik verbessert werden. Viele dieser positiven Wirkungen beruhen auf allgemeinen physiologischen Prinzipien. Dennoch ist es wichtig, dass die Musik zu mir pers\u00f6nlich und zu meinen Vorlieben passt. Hier wird gezeigt, wie man mittels Playlists Musik regelm\u00e4\u00dfig im Alltag nutzen kann. Dadurch l\u00e4sst sich der therapeutische Nutzen von Musik gezielt f\u00fcr eine bessere Lebensqualit\u00e4t bei chronischen neurologischen Erkrankungen wie Parkinson oder Schlaganfall nutzen. Entspannung, Stimmung, Energie und Beweglichkeit k\u00f6nnen durch pers\u00f6nliche Playlists wirksam unterst\u00fctzt werden. Wie komme ich zu einer Playlist? Zun\u00e4chst solltest du \u00fcberlegen, auf [&hellip;]<\/p>\n","protected":false},"author":1,"featured_media":0,"parent":0,"menu_order":0,"comment_status":"closed","ping_status":"closed","template":"","meta":{"footnotes":""},"class_list":["post-1233","page","type-page","status-publish","hentry"],"_links":{"self":[{"href":"https:\/\/mit-musik-geht-reha-besser.de\/ja\/wp-json\/wp\/v2\/pages\/1233","targetHints":{"allow":["GET"]}}],"collection":[{"href":"https:\/\/mit-musik-geht-reha-besser.de\/ja\/wp-json\/wp\/v2\/pages"}],"about":[{"href":"https:\/\/mit-musik-geht-reha-besser.de\/ja\/wp-json\/wp\/v2\/types\/page"}],"author":[{"embeddable":true,"href":"https:\/\/mit-musik-geht-reha-besser.de\/ja\/wp-json\/wp\/v2\/users\/1"}],"replies":[{"embeddable":true,"href":"https:\/\/mit-musik-geht-reha-besser.de\/ja\/wp-json\/wp\/v2\/comments?post=1233"}],"version-history":[{"count":8,"href":"https:\/\/mit-musik-geht-reha-besser.de\/ja\/wp-json\/wp\/v2\/pages\/1233\/revisions"}],"predecessor-version":[{"id":1284,"href":"https:\/\/mit-musik-geht-reha-besser.de\/ja\/wp-json\/wp\/v2\/pages\/1233\/revisions\/1284"}],"wp:attachment":[{"href":"https:\/\/mit-musik-geht-reha-besser.de\/ja\/wp-json\/wp\/v2\/media?parent=1233"}],"curies":[{"name":"wp","href":"https:\/\/api.w.org\/{rel}","templated":true}]}}