{"id":1261,"date":"2024-06-25T09:39:01","date_gmt":"2024-06-25T09:39:01","guid":{"rendered":"https:\/\/mit-musik-geht-reha-besser.de\/?page_id=1261"},"modified":"2024-06-25T09:39:01","modified_gmt":"2024-06-25T09:39:01","slug":"musik-als-therapieempfehlung-bei-bewusstseinsstoerung","status":"publish","type":"page","link":"https:\/\/mit-musik-geht-reha-besser.de\/ja\/musik-als-therapieempfehlung-bei-bewusstseinsstoerung\/","title":{"rendered":"\u610f\u8b58\u969c\u5bb3\u306b\u5bfe\u3059\u308b\u97f3\u697d\u7642\u6cd5\u306e\u63a8\u5968"},"content":{"rendered":"<p>\u795e\u7d4c\u75be\u60a3\u3001\u8133\u5352\u4e2d\u3001\u5916\u50b7\u6027\u8133\u640d\u50b7\u3001\u3042\u308b\u3044\u306f\u816b\u760d\u5207\u9664\u306e\u7d50\u679c\u3068\u3057\u3066\u8133\u306b\u640d\u50b7\u304c\u751f\u3058\u308b\u3068\u3001\u91cd\u7be4\u306a\u610f\u8b58\u969c\u5bb3\u304c\u751f\u3058\u308b\u3053\u3068\u304c\u3042\u308a\u307e\u3059\u3002\u3053\u308c\u306f\u690d\u7269\u72b6\u614b\u3068\u3082\u547c\u3070\u308c\u307e\u3059\u3002, <em>\u6700\u5c0f\u9650\u306e\u5fdc\u7b54\u72b6\u614b <\/em>\u307e\u305f\u306f <em>\u690d\u7269\u72b6\u614b<\/em> \u3053\u306e\u75c7\u72b6\u306f\u6b21\u306e\u3088\u3046\u306b\u8aac\u660e\u3055\u308c\u307e\u3059: \u5f71\u97ff\u3092\u53d7\u3051\u305f\u4eba\u306f\u307b\u3068\u3093\u3069\u76ee\u304c\u899a\u3081\u3066\u3044\u307e\u3059\u304c\u3001\u8a71\u3057\u304b\u3051\u3089\u308c\u305f\u308a\u5916\u90e8\u304b\u3089\u611f\u899a\u523a\u6fc0\u3092\u53d7\u3051\u305f\u308a\u3057\u3066\u3082\u3001\u5468\u56f2\u306e\u74b0\u5883\u306b\u307e\u3063\u305f\u304f\u53cd\u5fdc\u3057\u306a\u3044\u304b\u3001\u3054\u304f\u308f\u305a\u304b\u3057\u304b\u53cd\u5fdc\u3057\u307e\u305b\u3093\u3002.<\/p>\n\n\n<div class=\"wp-block-image\">\n<figure class=\"alignright size-full is-resized\"><img loading=\"lazy\" decoding=\"async\" width=\"350\" height=\"263\" src=\"https:\/\/mit-musik-geht-reha-besser.de\/wp-content\/uploads\/2019\/01\/wachkoma.jpg\" alt=\"\" class=\"wp-image-6\" style=\"width:238px;height:auto\" srcset=\"https:\/\/mit-musik-geht-reha-besser.de\/wp-content\/uploads\/2019\/01\/wachkoma.jpg 350w, https:\/\/mit-musik-geht-reha-besser.de\/wp-content\/uploads\/2019\/01\/wachkoma-300x225.jpg 300w\" sizes=\"auto, (max-width: 350px) 100vw, 350px\" \/><\/figure>\n<\/div>\n\n\n<p>\u30c9\u30a4\u30c4\u795e\u7d4c\u5b66\u4f1a\uff08DGN\uff09\u306e\u6cbb\u7642\u30ac\u30a4\u30c9\u30e9\u30a4\u30f3\u3067\u306f\u3001\u73fe\u5728\u3001\u3053\u308c\u3089\u306e\u60a3\u8005\u306b\u5bfe\u3057\u3066[\u6cbb\u7642\u30ac\u30a4\u30c9\u30e9\u30a4\u30f3]\u304c\u63a8\u5968\u3055\u308c\u3066\u3044\u307e\u3059\u3002 <a href=\"https:\/\/mit-musik-geht-reha-besser.de\/ja\/wachkoma-2\/\" data-type=\"page\" data-id=\"205\">\u97f3\u697d\u7642\u6cd5\u306b\u3088\u308b\u6cbb\u7642<\/a>. \u3053\u306e\u7642\u6cd5\u3067\u306f\u3001\u30bb\u30e9\u30d4\u30b9\u30c8\u306f\u3001\u60a3\u8005\u304c\u805e\u304d\u6163\u308c\u305f\u97f3\u3001\u6b4c\u58f0\u3001\u3042\u308b\u3044\u306f\u4eba\u751f\u306b\u304a\u3044\u3066\u91cd\u8981\u306a\u610f\u5473\u3092\u6301\u3064\u97f3\u697d\u306a\u3069\u3092\u7528\u3044\u307e\u3059\u3002\u97f3\u697d\u306f\u8133\u6a5f\u80fd\u306b\u5f37\u304f\u3001\u3057\u3070\u3057\u3070\u6301\u7d9a\u7684\u306a\u52b9\u679c\u3092\u3082\u305f\u3089\u3057\u307e\u3059\u3002\u610f\u8b58\u969c\u5bb3\u306e\u3042\u308b\u4eba\u306e\u53cd\u5fdc\u6027\u3092\u6539\u5584\u3057\u3001\u899a\u9192\u3068\u30b3\u30df\u30e5\u30cb\u30b1\u30fc\u30b7\u30e7\u30f3\u3092\u4fc3\u9032\u3059\u308b\u306e\u306b\u5f79\u7acb\u3061\u307e\u3059\u3002.<\/p>\n\n\n\n<p> \u30c9\u30a4\u30c4\u795e\u7d4c\u5b66\u4f1a\uff08DGN\uff09\u306f\u3001\u30ac\u30a4\u30c9\u30e9\u30a4\u30f3\u306e\u63a8\u5968\u306b\u3042\u305f\u308a\u30013\u3064\u306e\u81e8\u5e8a\u7814\u7a76\u3092\u8a55\u4fa1\u3057\u307e\u3057\u305f\u30023\u3064\u306e\u8ad6\u6587\u306f\u3044\u305a\u308c\u3082\u79d1\u5b66\u7684\u306b\u8cea\u306e\u9ad8\u3044\u3082\u306e\u3067\u3042\u308a\u3001\u97f3\u697d\u7642\u6cd5\u306b\u3088\u3063\u3066\u74b0\u5883\u3068\u306e\u76f8\u4e92\u4f5c\u7528\u304c\u6539\u5584\u3055\u308c\u305f\u3053\u3068\u3092\u793a\u3057\u3066\u3044\u307e\u3059\u3002\u3057\u305f\u304c\u3063\u3066\u3001\u30ac\u30a4\u30c9\u30e9\u30a4\u30f3\u306e\u63a8\u5968\u3067\u306f\u3001\u97f3\u697d\u7642\u6cd5\u3092\u53d7\u3051\u308b\u60a3\u8005\u306f\u300c\u53d7\u3051\u308b\u3079\u304d\u3060\u300d\u3068\u3055\u308c\u3066\u3044\u307e\u3059\u3002\u79d1\u5b66\u533b\u5b66\u7814\u7a76\u5354\u4f1a\uff08AWMF\uff09\u304c\u767a\u884c\u3059\u308b\u30ac\u30a4\u30c9\u30e9\u30a4\u30f3\u3067\u306f\u3001\u63a8\u5968\u306f\u4e00\u822c\u7684\u306b\u300c\u53d7\u3051\u308b\u3079\u304d\u3060\u300d\u300c\u53d7\u3051\u308b\u3079\u304d\u3060\u300d\u300c\u53d7\u3051\u308b\u304b\u3082\u3057\u308c\u306a\u3044\u300d\u3068\u3044\u3046\u8868\u73fe\u3067\u8868\u73fe\u3055\u308c\u3066\u3044\u307e\u3059\u3002\u300c\u53d7\u3051\u308b\u3079\u304d\u3060\u300d\u3068\u3044\u3046\u63a8\u5968\u306f\u3001\u5927\u591a\u6570\u306e\u60a3\u8005\u304c\u305d\u306e\u3088\u3046\u306a\u6cbb\u7642\u3092\u53d7\u3051\u308b\u3079\u304d\u3067\u3042\u308b\u3053\u3068\u3092\u610f\u5473\u3057\u307e\u3059\u3002.<\/p>\n\n\n\n<p>\u30c9\u30a4\u30c4\u306e\u97f3\u697d\u795e\u7d4c\u79d1\u5b66\u8005\u30b7\u30e5\u30c6\u30d5\u30a1\u30f3\u30fb\u30b1\u30eb\u30b7\u30e5\u6559\u6388\u3092\u306f\u3058\u3081\u3068\u3059\u308b\u8133\u7814\u7a76\u8005\u306f\u3001\u97f3\u697d\u304c\u4eba\u9593\u306e\u8133\u5185\u306e\u8907\u96d1\u306a\u795e\u7d4c\u30cd\u30c3\u30c8\u30ef\u30fc\u30af\u3092\u523a\u6fc0\u3059\u308b\u529b\u306b\u72ec\u81ea\u306e\u7279\u6027\u3092\u6301\u3063\u3066\u3044\u308b\u3068\u8003\u3048\u3066\u3044\u307e\u3059\u3002\u3053\u308c\u306f\u611f\u60c5\u3084\u8a18\u61b6\u3092\u547c\u3073\u8d77\u3053\u3059\u3060\u3051\u3067\u306a\u304f\u3001\u52d5\u304d\u3084\u96c6\u4e2d\u529b\u306e\u5411\u4e0a\u3068\u3044\u3063\u305f\u7cbe\u795e\u30d7\u30ed\u30bb\u30b9\u3082\u540c\u6642\u306b\u5f15\u304d\u8d77\u3053\u3057\u307e\u3059\u3002.<\/p>\n\n\n\n<p>\u3053\u306e\u30ac\u30a4\u30c9\u30e9\u30a4\u30f3\u3067\u306f\u3001\u97f3\u697d\u7642\u6cd5\u306f\u526f\u4f5c\u7528\u304c\u5c11\u306a\u304f\u3001\u6bd4\u8f03\u7684\u7c21\u5358\u306b\u9069\u7528\u3067\u304d\u308b\u3068\u3044\u3046\u5229\u70b9\u304c\u3042\u308b\u3068\u3057\u3066\u3044\u307e\u3059\u3002.<\/p>\n\n\n\n<p class=\"has-text-align-right has-small-font-size\"><a href=\"https:\/\/register.awmf.org\/de\/leitlinien\/detail\/080-006\" data-type=\"link\" data-id=\"https:\/\/register.awmf.org\/de\/leitlinien\/detail\/080-006\" target=\"_blank\" rel=\"noreferrer noopener\">Andreas Bender\u4ed6 (2022). S3\u30ac\u30a4\u30c9\u30e9\u30a4\u30f3\uff1a\u6210\u4eba\u671f\u306e\u660f\u7761\u304a\u3088\u3073\u91cd\u5ea6\u610f\u8b58\u969c\u5bb3\u306b\u304a\u3051\u308b\u795e\u7d4c\u5b66\u7684\u30ea\u30cf\u30d3\u30ea\u30c6\u30fc\u30b7\u30e7\u30f3\uff0e\u30c9\u30a4\u30c4\u795e\u7d4c\u30ea\u30cf\u30d3\u30ea\u30c6\u30fc\u30b7\u30e7\u30f3\u5354\u4f1a\uff08DGNR\uff09\u7de8\uff0c\u795e\u7d4c\u30ea\u30cf\u30d3\u30ea\u30c6\u30fc\u30b7\u30e7\u30f3\u30ac\u30a4\u30c9\u30e9\u30a4\u30f3\uff0e2022\u5e74\u7248 \/ 2022\u5e7412\u670823\u65e5<\/a><\/p>\n\n\n\n<p class=\"has-text-align-right has-small-font-size\">\u30b9\u30c6\u30d5\u30a1\u30f3\u30fb\u30b1\u30eb\u30b7\u30e5 (2019)\u3002\u826f\u3044\u632f\u52d5: \u97f3\u697d\u306e\u7652\u3057\u306e\u529b\u3002\u30a6\u30eb\u30b9\u30bf\u30a4\u30f3\u30fb\u30d5\u30a7\u30eb\u30e9\u30fc\u30af<\/p>\n\n\n\n<ol class=\"wp-block-list\"><\/ol>","protected":false},"excerpt":{"rendered":"<p>Nach Hirnsch\u00e4digung durch eine neurologische Erkrankung, einen Schlaganfall, ein Sch\u00e4delhirntrauma oder als Folge einer Tumorentfernung k\u00f6nnen schwerwiegende St\u00f6rungen des Bewusstseins auftreten. Diese werden auch als Wachkoma, minimal responsive state oder vegetative state bezeichnet. Die Betroffenen sind zumeist wach, reagieren jedoch gar nicht oder nur minimal auf ihre Umwelt, inklusive Ansprache oder sensorische Reize von au\u00dfen. Die Behandlungsleitlinie der Deutschen Gesellschaft f\u00fcr Neurologie (DGN) empfiehlt nun f\u00fcr diese Patienten eine Behandlung mit Musiktherapie. Bei dieser Form der Therapie werden durch die Therapeutin\/den Therapeuten vertraute Kl\u00e4nge, die Singstimme oder biografisch bedeutsame Musik eingesetzt. Musik hat eine starke und oft auch nachhaltige Wirkung auf die Hirnfunktion. Und sie kann die Reaktionsf\u00e4higkeit von Menschen [&hellip;]<\/p>\n","protected":false},"author":1,"featured_media":0,"parent":0,"menu_order":0,"comment_status":"closed","ping_status":"closed","template":"","meta":{"footnotes":""},"class_list":["post-1261","page","type-page","status-publish","hentry"],"_links":{"self":[{"href":"https:\/\/mit-musik-geht-reha-besser.de\/ja\/wp-json\/wp\/v2\/pages\/1261","targetHints":{"allow":["GET"]}}],"collection":[{"href":"https:\/\/mit-musik-geht-reha-besser.de\/ja\/wp-json\/wp\/v2\/pages"}],"about":[{"href":"https:\/\/mit-musik-geht-reha-besser.de\/ja\/wp-json\/wp\/v2\/types\/page"}],"author":[{"embeddable":true,"href":"https:\/\/mit-musik-geht-reha-besser.de\/ja\/wp-json\/wp\/v2\/users\/1"}],"replies":[{"embeddable":true,"href":"https:\/\/mit-musik-geht-reha-besser.de\/ja\/wp-json\/wp\/v2\/comments?post=1261"}],"version-history":[{"count":1,"href":"https:\/\/mit-musik-geht-reha-besser.de\/ja\/wp-json\/wp\/v2\/pages\/1261\/revisions"}],"predecessor-version":[{"id":1262,"href":"https:\/\/mit-musik-geht-reha-besser.de\/ja\/wp-json\/wp\/v2\/pages\/1261\/revisions\/1262"}],"wp:attachment":[{"href":"https:\/\/mit-musik-geht-reha-besser.de\/ja\/wp-json\/wp\/v2\/media?parent=1261"}],"curies":[{"name":"wp","href":"https:\/\/api.w.org\/{rel}","templated":true}]}}