{"id":143,"date":"2019-01-16T18:03:32","date_gmt":"2019-01-16T18:03:32","guid":{"rendered":"http:\/\/mit-musik-geht-reha-besser.de\/?page_id=143"},"modified":"2026-04-22T11:58:52","modified_gmt":"2026-04-22T11:58:52","slug":"startseite","status":"publish","type":"page","link":"https:\/\/mit-musik-geht-reha-besser.de\/ja\/","title":{"rendered":"\u30db\u30fc\u30e0\u30da\u30fc\u30b8"},"content":{"rendered":"<div class=\"wp-block-image\">\n<figure class=\"alignright is-resized\"><img loading=\"lazy\" decoding=\"async\" width=\"300\" height=\"450\" src=\"http:\/\/mit-musik-geht-reha-besser.de\/wp-content\/uploads\/2019\/01\/TS_with-drum.jpg\" alt=\"\" class=\"wp-image-5\" style=\"width:97px;height:146px\" srcset=\"https:\/\/mit-musik-geht-reha-besser.de\/wp-content\/uploads\/2019\/01\/TS_with-drum.jpg 300w, https:\/\/mit-musik-geht-reha-besser.de\/wp-content\/uploads\/2019\/01\/TS_with-drum-200x300.jpg 200w\" sizes=\"auto, (max-width: 300px) 100vw, 300px\" \/><\/figure>\n<\/div>\n\n\n<p class=\"has-text-align-center\"><\/p>\n\n\n\n<p>\u3053\u306e\u30a6\u30a7\u30d6\u30b5\u30a4\u30c8\u306f\u3001\u795e\u7d4c\u5b66\u3001\u8001\u5e74\u5b66\u3001\u6574\u5f62\u5916\u79d1\u306e\u30ea\u30cf\u30d3\u30ea\u30c6\u30fc\u30b7\u30e7\u30f3\u306b\u304a\u3051\u308b\u97f3\u697d\u7642\u6cd5\u306b\u95a2\u3059\u308b\u60c5\u5831\u3092\u63d0\u4f9b\u3057\u307e\u3059\u3002. <\/p>\n\n\n<div class=\"wp-block-image\">\n<figure class=\"alignleft is-resized\"><img loading=\"lazy\" decoding=\"async\" width=\"640\" height=\"480\" src=\"http:\/\/mit-musik-geht-reha-besser.de\/wp-content\/uploads\/2019\/01\/fm_training.jpg\" alt=\"\" class=\"wp-image-15\" style=\"width:72px;height:54px\" srcset=\"https:\/\/mit-musik-geht-reha-besser.de\/wp-content\/uploads\/2019\/01\/fm_training.jpg 640w, https:\/\/mit-musik-geht-reha-besser.de\/wp-content\/uploads\/2019\/01\/fm_training-300x225.jpg 300w\" sizes=\"auto, (max-width: 640px) 100vw, 640px\" \/><\/figure>\n<\/div>\n\n\n<p>\u795e\u7d4c\u75be\u60a3\u3001\u8001\u5e74\u75be\u60a3\u3001\u6574\u5f62\u5916\u79d1\u75be\u60a3\u60a3\u8005\u306b\u5bfe\u3059\u308b\u97f3\u697d\u7642\u6cd5\uff08<a href=\"http:\/\/mit-musik-geht-reha-besser.de\/ja\/stroke\/\">\u8133\u5352\u4e2d<\/a>, <a href=\"http:\/\/mit-musik-geht-reha-besser.de\/ja\/parkinson\/\">\u30d1\u30fc\u30ad\u30f3\u30bd\u30f3<\/a>, <a href=\"http:\/\/mit-musik-geht-reha-besser.de\/ja\/wachkoma-2\/\">\u690d\u7269\u72b6\u614b<\/a>, <a href=\"http:\/\/mit-musik-geht-reha-besser.de\/ja\/sht\/\">\u5916\u50b7\u6027\u8133\u640d\u50b7<\/a> \u306a\u3069\uff09\u306f\u3001\u3055\u307e\u3056\u307e\u306a\u5206\u91ce\u3067\u52b9\u679c\u7684\u306a\u5fdc\u7528\u306e\u53ef\u80fd\u6027\u3092\u63d0\u4f9b\u3057\u307e\u3059 <a href=\"http:\/\/mit-musik-geht-reha-besser.de\/ja\/neurologische-musiktherapie-motoriktraining\/\">\u611f\u899a\u904b\u52d5<\/a>, <a href=\"http:\/\/mit-musik-geht-reha-besser.de\/ja\/aphasie\/\">\u8a00\u8a9e\u7684<\/a>, <a href=\"http:\/\/mit-musik-geht-reha-besser.de\/ja\/neurologische-musiktherapie-hirnleistungstraining\/\">\u8a8d\u77e5<\/a> \u305d\u3057\u3066 <a href=\"http:\/\/mit-musik-geht-reha-besser.de\/ja\/musiktherapeutische-psychotherapie\/\">\u5fc3\u7406\u7684\u306a<\/a> \u30bb\u30e9\u30d4\u30fc\u3002\u7279\u306b\u3001\u80fd\u52d5\u7684\u306a\u97f3\u697d\u5236\u4f5c\u306f\u591a\u69d8\u306a\u795e\u7d4c\u30cd\u30c3\u30c8\u30ef\u30fc\u30af\u3092\u523a\u6fc0\u3057\u307e\u3059\u3002\u3053\u308c\u306b\u3088\u308a\u3001\u624b\u3084\u6307\u306e\u53ef\u52d5\u6027\u3084\u6b69\u884c\u3068\u3044\u3063\u305f\u904b\u52d5\u6a5f\u80fd\u3060\u3051\u3067\u306a\u304f\u3001\u767a\u8a71\u3084\u7406\u89e3\u3068\u3044\u3063\u305f\u8a00\u8a9e\u80fd\u529b\uff08\u2026\u306e\u5834\u5408\uff09\u3082\u5411\u4e0a\u3057\u307e\u3059\u3002 <a href=\"https:\/\/mit-musik-geht-reha-besser.de\/ja\/aphasie\/\" data-type=\"page\" data-id=\"216\">\u5931\u8a9e\u75c7<\/a>) \u3092\u4fc3\u9032\u3057\u3001\u6ce8\u610f\u529b\u3001\u884c\u52d5\u8a08\u753b\u3001\u8074\u899a\u77e5\u899a\u3001\u611f\u899a\u7d71\u5408\u306a\u3069\u306e\u8a8d\u77e5\u80fd\u529b\u3092\u5411\u4e0a\u3055\u305b\u307e\u3059\u3002. <\/p>\n\n\n\n<p>\u97f3\u697d\u7642\u6cd5\u3067\u306f\u3001\u30ea\u30ba\u30df\u30ab\u30eb\u306a\u52d5\u304d\u3001\u30e1\u30ed\u30c7\u30a3\u30fc\u306e\u767a\u58f0\u3001\u97f3\u697d\u306b\u5bfe\u3059\u308b\u611f\u60c5\u7684\u306a\u89aa\u548c\u6027\u306a\u3069\u306e\u57fa\u672c\u7684\u306a\u97f3\u697d\u30b9\u30ad\u30eb\u3092\u57fa\u306b\u3001\u97f3\u697d\u306b\u95a2\u9023\u3057\u305f\u5bfe\u8c61\u3092\u7d5e\u3063\u305f\u6d3b\u52d5\u304c\u958b\u767a\u3055\u308c\u307e\u3059\u3002.<\/p>\n\n\n<div class=\"wp-block-image\">\n<figure class=\"alignright is-resized\"><img loading=\"lazy\" decoding=\"async\" width=\"500\" height=\"667\" src=\"http:\/\/mit-musik-geht-reha-besser.de\/wp-content\/uploads\/2019\/01\/klavier-mit-therapeutin.jpg\" alt=\"\" class=\"wp-image-10\" style=\"width:90px;height:120px\" srcset=\"https:\/\/mit-musik-geht-reha-besser.de\/wp-content\/uploads\/2019\/01\/klavier-mit-therapeutin.jpg 500w, https:\/\/mit-musik-geht-reha-besser.de\/wp-content\/uploads\/2019\/01\/klavier-mit-therapeutin-225x300.jpg 225w\" sizes=\"auto, (max-width: 500px) 100vw, 500px\" \/><\/figure>\n<\/div>\n\n\n<p>\u4e0b <a href=\"http:\/\/mit-musik-geht-reha-besser.de\/ja\/musik\/\">\u97f3\u697d<\/a> \u3053\u3053\u3067\u306f\u3001\u904b\u52d5\u7642\u6cd5\u3084\u30ea\u30e9\u30af\u30bc\u30fc\u30b7\u30e7\u30f3\u904b\u52d5\u306e\u305f\u3081\u306b\u7279\u5225\u306b\u53b3\u9078\u3055\u308c\u305f\u97f3\u697d\u306e\u30c0\u30a6\u30f3\u30ed\u30fc\u30c9\u304c\u898b\u3064\u304b\u308a\u307e\u3059\u3002 <a href=\"https:\/\/mit-musik-geht-reha-besser.de\/ja\/musik\/\" data-type=\"page\" data-id=\"90\">\u30d7\u30ec\u30a4\u30ea\u30b9\u30c8<\/a> \u6cbb\u7642\u7684\u6b69\u884c\u8a13\u7df4\u304a\u3088\u3073\u611f\u60c5\u7684\u52d5\u6a5f\u3065\u3051\u306e\u6d3b\u6027\u5316\u306b\u3002.<\/p>\n\n\n\n<p>\u3053\u306e\u30bb\u30af\u30b7\u30e7\u30f3\u3067\u306f <a href=\"http:\/\/mit-musik-geht-reha-besser.de\/ja\/nachrichten\/\">\u30cb\u30e5\u30fc\u30b9<\/a> \u3053\u3053\u3067\u306f\u3001\u30ea\u30cf\u30d3\u30ea\u30c6\u30fc\u30b7\u30e7\u30f3\u97f3\u697d\u7642\u6cd5\u306b\u95a2\u3059\u308b\u7814\u7a76\u8a18\u4e8b\u3084\u6700\u65b0\u30cb\u30e5\u30fc\u30b9\u3092\u3054\u89a7\u3044\u305f\u3060\u3051\u307e\u3059\u3002.<\/p>\n\n\n<div class=\"wp-block-image\">\n<figure class=\"alignleft size-large is-resized\"><img loading=\"lazy\" decoding=\"async\" width=\"1024\" height=\"1024\" src=\"http:\/\/mit-musik-geht-reha-besser.de\/wp-content\/uploads\/2022\/11\/Schluck-Wecker-mp3-image-1024x1024.png\" alt=\"\" class=\"wp-image-817\" style=\"width:58px;height:58px\" srcset=\"https:\/\/mit-musik-geht-reha-besser.de\/wp-content\/uploads\/2022\/11\/Schluck-Wecker-mp3-image-1024x1024.png 1024w, https:\/\/mit-musik-geht-reha-besser.de\/wp-content\/uploads\/2022\/11\/Schluck-Wecker-mp3-image-300x300.png 300w, https:\/\/mit-musik-geht-reha-besser.de\/wp-content\/uploads\/2022\/11\/Schluck-Wecker-mp3-image-150x150.png 150w, https:\/\/mit-musik-geht-reha-besser.de\/wp-content\/uploads\/2022\/11\/Schluck-Wecker-mp3-image-768x768.png 768w, https:\/\/mit-musik-geht-reha-besser.de\/wp-content\/uploads\/2022\/11\/Schluck-Wecker-mp3-image-1536x1536.png 1536w, https:\/\/mit-musik-geht-reha-besser.de\/wp-content\/uploads\/2022\/11\/Schluck-Wecker-mp3-image-12x12.png 12w, https:\/\/mit-musik-geht-reha-besser.de\/wp-content\/uploads\/2022\/11\/Schluck-Wecker-mp3-image.png 1944w\" sizes=\"auto, (max-width: 1024px) 100vw, 1024px\" \/><\/figure>\n<\/div>\n\n\n<p>\u4e0b <a href=\"http:\/\/mit-musik-geht-reha-besser.de\/ja\/zubehoer\/\" data-type=\"page\" data-id=\"336\">\u30a2\u30af\u30bb\u30b5\u30ea\u30fc<\/a> \u30ea\u30cf\u30d3\u30ea\u97f3\u697d\u7642\u6cd5\u306e\u305f\u3081\u306e\u88dc\u52a9\u5177\u3084\u6750\u6599\u306f\u30ea\u30b9\u30c8\u3055\u308c\u3066\u3044\u307e\u3059\u304b\uff1f <a href=\"http:\/\/mit-musik-geht-reha-besser.de\/ja\/schluck-wecker\/\" data-type=\"page\" data-id=\"814\">\u30c4\u30d0\u30e1\u76ee\u899a\u307e\u3057\u6642\u8a08<\/a>. \u3053\u308c\u306f\u56a5\u4e0b\u969c\u5bb3\uff08\u56a5\u4e0b\u969c\u5bb3\uff09\u306e\u3042\u308b\u4eba\u3005\u306e\u6cbb\u7642\u30b5\u30dd\u30fc\u30c8\u306e\u305f\u3081\u306b\u958b\u767a\u3055\u308c\u307e\u3057\u305f\u3002.<\/p>\n\n\n\n\n\n<p><\/p>","protected":false},"excerpt":{"rendered":"<p>Auf dieser Internetseite finden Sie Informationen \u00fcber Musiktherapie in der neurologischen, geriatrischen und orthop\u00e4dischen Rehabilitation. Musiktherapie f\u00fcr neurologische, geriatrische und orthop\u00e4dische Patienten (Schlaganfall, Parkinson, Wachkoma, Sch\u00e4delhirntrauma usw.) bietet eine Vielzahl wirksamer Anwendungsm\u00f6glichkeiten in den Bereichen sensomotorischer, sprachlicher, kognitiver und psychologischer Therapie. Insbesondere das aktive Musizieren regt vielf\u00e4ltige neuronale Netzwerke an. Dadurch lassen sich motorische Funktionen, wie Hand- und Fingerbeweglichekeit oder auch das Gehen, sprachliche F\u00e4higkeiten wie Sprachproduktion und Sprachverst\u00e4ndnis (bei Aphasie) und geistige Leistungen wie Aufmerksamkeit, Handlungsplanung oder auditive Wahrnehmung und sensorische Integration verbessern. Daf\u00fcr werden in der Musiktherapie zielgenau musikbezogene Aktivit\u00e4ten entwickelt, die auf basalen musikalischen Kompetenzen wie rhythmisches Bewegen, melodi\u00f6ses Lautieren oder der emotionalen Affinit\u00e4t zur Musik aufbauen. [&hellip;]<\/p>\n","protected":false},"author":1,"featured_media":0,"parent":0,"menu_order":0,"comment_status":"closed","ping_status":"closed","template":"","meta":{"footnotes":""},"class_list":["post-143","page","type-page","status-publish","hentry"],"_links":{"self":[{"href":"https:\/\/mit-musik-geht-reha-besser.de\/ja\/wp-json\/wp\/v2\/pages\/143","targetHints":{"allow":["GET"]}}],"collection":[{"href":"https:\/\/mit-musik-geht-reha-besser.de\/ja\/wp-json\/wp\/v2\/pages"}],"about":[{"href":"https:\/\/mit-musik-geht-reha-besser.de\/ja\/wp-json\/wp\/v2\/types\/page"}],"author":[{"embeddable":true,"href":"https:\/\/mit-musik-geht-reha-besser.de\/ja\/wp-json\/wp\/v2\/users\/1"}],"replies":[{"embeddable":true,"href":"https:\/\/mit-musik-geht-reha-besser.de\/ja\/wp-json\/wp\/v2\/comments?post=143"}],"version-history":[{"count":17,"href":"https:\/\/mit-musik-geht-reha-besser.de\/ja\/wp-json\/wp\/v2\/pages\/143\/revisions"}],"predecessor-version":[{"id":1436,"href":"https:\/\/mit-musik-geht-reha-besser.de\/ja\/wp-json\/wp\/v2\/pages\/143\/revisions\/1436"}],"wp:attachment":[{"href":"https:\/\/mit-musik-geht-reha-besser.de\/ja\/wp-json\/wp\/v2\/media?parent=143"}],"curies":[{"name":"wp","href":"https:\/\/api.w.org\/{rel}","templated":true}]}}