{"id":254,"date":"2019-02-17T13:26:50","date_gmt":"2019-02-17T13:26:50","guid":{"rendered":"http:\/\/mit-musik-geht-reha-besser.de\/?page_id=254"},"modified":"2025-12-03T11:39:18","modified_gmt":"2025-12-03T11:39:18","slug":"links","status":"publish","type":"page","link":"https:\/\/mit-musik-geht-reha-besser.de\/ja\/links\/","title":{"rendered":"\u5de6"},"content":{"rendered":"<h4 class=\"wp-block-heading\"><strong>\u97f3\u697d\u7642\u6cd5<\/strong><\/h4>\n\n\n\n<p> <a href=\"http:\/\/www.musiktherapie.de\/\" target=\"_blank\" rel=\"noreferrer noopener\">www.musiktherapie.de<\/a> \u2013 \u30c9\u30a4\u30c4\u97f3\u697d\u7642\u6cd5\u5354\u4f1a<\/p>\n\n\n\n<p><a href=\"http:\/\/www.voices.no\/\" target=\"_blank\" rel=\"noreferrer noopener\">www.voices.no<\/a> \u2013 \u97f3\u697d\u7642\u6cd5\u306e\u30b8\u30e3\u30fc\u30ca\u30eb\u3068\u30aa\u30f3\u30e9\u30a4\u30f3\u30b3\u30df\u30e5\u30cb\u30c6\u30a3<\/p>\n\n\n\n<p><a rel=\"noreferrer noopener\" href=\"https:\/\/bag-musiktherapie.de\" target=\"_blank\">bag-musiktherapie.de<\/a> \u2013 \u97f3\u697d\u7642\u6cd5\u5354\u4f1a \u2013 \u30c9\u30a4\u30c4\u306b\u304a\u3051\u308b\u97f3\u697d\u7642\u6cd5\u7814\u4fee\u306e\u8cea\u57fa\u6e96\u306b\u95a2\u3059\u308b\u60c5\u5831&nbsp; <\/p>\n\n\n\n<p><a href=\"https:\/\/nationales-register.bag-musiktherapie.de\/\" target=\"_blank\" rel=\"noopener\">national-register.bag-musiktherapie.de<\/a> \u2013 \u534a\u5f84\u691c\u7d22\u306b\u3088\u308b\u8a8d\u5b9a\u97f3\u697d\u7642\u6cd5\u58eb\u306e\u30c9\u30a4\u30c4\u767b\u9332\u7c3f\uff08\u5916\u6765\u6cbb\u7642\u3082\u5bfe\u8c61\uff09&nbsp;<\/p>\n\n\n\n<p><a href=\"http:\/\/mt-spiele.npage.de\/\" target=\"_blank\" rel=\"noreferrer noopener\">mt-spiele.npage.de<\/a> \u2013 \u97f3\u697d\u7642\u6cd5\u30b2\u30fc\u30e0\u306e\u63d0\u6848 <\/p>\n\n\n\n<p><a href=\"https:\/\/www.youtube.com\/channel\/UCnkvbQIzTem2lq4aUPAOCkg\" target=\"_blank\" rel=\"noreferrer noopener\">www.youtube.com\/\u2026<\/a> \u2013 \u30c9\u30a4\u30c4\u97f3\u697d\u7642\u6cd5\u5354\u4f1a\u306eYouTube\u30c1\u30e3\u30f3\u30cd\u30eb &nbsp;<\/p>\n\n\n\n<h4 class=\"wp-block-heading\"><strong>\u97f3\u697d\u7642\u6cd5\u3068\u30ea\u30cf\u30d3\u30ea\u30c6\u30fc\u30b7\u30e7\u30f3<\/strong><\/h4>\n\n\n\n<p><a href=\"http:\/\/nmtacademy.co\/\" target=\"_blank\" rel=\"noreferrer noopener\">http:\/\/nmtacademy.co<\/a>&nbsp;\u2013 \u795e\u7d4c\u97f3\u697d\u7642\u6cd5\u30a2\u30ab\u30c7\u30df\u30fc<sup>\u00ae<\/sup><\/p>\n\n\n\n<p><a href=\"http:\/\/mit-musik-geht-reha-besser.de\/ja\/nmt-online-intervision\/\" data-type=\"page\" data-id=\"422\">www.mit-musik-geht-reha-besser.de\/nmt-online-intervision<\/a> \u2013 \u30c9\u30a4\u30c4\u8a9e\u570f\u5411\u3051NMT\u2122\u30aa\u30f3\u30e9\u30a4\u30f3\u30a4\u30f3\u30bf\u30fc\u30d3\u30b8\u30e7\u30f3<\/p>\n\n\n\n<h4 class=\"wp-block-heading\"><strong>\u795e\u7d4c\u5b66\u7684\u30ea\u30cf\u30d3\u30ea\u30c6\u30fc\u30b7\u30e7\u30f3<\/strong><\/h4>\n\n\n\n<p> <a href=\"http:\/\/www.awmf.org\/leitlinien\/detail\/ll\/053-011.html\" target=\"_blank\" rel=\"noreferrer noopener\">www.awmf.org\/leitlinien\/detail\/ll\/053-011.html<\/a> \u2013 S3\u8133\u5352\u4e2d \u2013 AWMF\u306e\u6cbb\u7642\u30ac\u30a4\u30c9\u30e9\u30a4\u30f3<\/p>\n\n\n\n<p><a href=\"http:\/\/www.schlaganfall-hilfe.de\/\" target=\"_blank\" rel=\"noreferrer noopener\">www.schlaganfall-hilfe.de<\/a> \u2013 \u30c9\u30a4\u30c4\u8133\u5352\u4e2d\u8ca1\u56e3\u304b\u3089\u306e\u30aa\u30f3\u30e9\u30a4\u30f3\u60c5\u5831\u63d0\u4f9b <\/p>\n\n\n\n<p> <a href=\"http:\/\/www.kompetenznetz-schlaganfall.de\/\" target=\"_blank\" rel=\"noreferrer noopener\">www.kompetenznetz-schlaganfall.de<\/a> \u2013 \u8133\u5352\u4e2d\u30b3\u30f3\u30d4\u30c6\u30f3\u30b9\u30cd\u30c3\u30c8\u30ef\u30fc\u30af<\/p>\n\n\n\n<p><a href=\"http:\/\/www.a-zieger.de\/\" target=\"_blank\" rel=\"noreferrer noopener\">www.a-zieger.de<\/a> \u2013 \u30a2\u30f3\u30c9\u30ec\u30a2\u30b9\u30fb\u30c4\u30a3\u30fc\u30ac\u30fc\u6559\u6388\uff08\u533b\u5b66\u535a\u58eb\uff09\u306e\u30a6\u30a7\u30d6\u30b5\u30a4\u30c8&nbsp;<\/p>\n\n\n\n<h4 class=\"wp-block-heading\"><strong>\u30d7\u30ed\u30b8\u30a7\u30af\u30c8\u3068\u53d6\u308a\u7d44\u307f<\/strong><\/h4>\n\n\n\n<p><a href=\"http:\/\/www.projekttanz.com\/\" target=\"_blank\" rel=\"noreferrer noopener\">www.projekttanz.com<\/a> \u2013 \u30cf\u30f3\u30d6\u30eb\u30af\u306e\u30d1\u30fc\u30ad\u30f3\u30bd\u30f3\u75c5\u60a3\u8005\u306e\u305f\u3081\u306e\u30c0\u30f3\u30b9\u30d7\u30ed\u30b8\u30a7\u30af\u30c8                                                    <\/p>\n\n\n\n<p><a rel=\"noreferrer noopener\" href=\"https:\/\/www.intodance.art\/\" target=\"_blank\">www.intodance.art<\/a> \u2013 \u30d9\u30eb\u30ea\u30f3\u30fb\u30c9\u30a4\u30c4\u30fb\u30aa\u30da\u30e9\u306b\u304a\u3051\u308b\u8eab\u4f53\u969c\u5bb3\u8005\u306e\u305f\u3081\u306e\u30c0\u30f3\u30b9\u30d7\u30ed\u30b8\u30a7\u30af\u30c8<\/p>\n\n\n\n<p><a href=\"https:\/\/www.together.audio\/\">www.together.audio\/<\/a> \u2013 \u690d\u7269\u72b6\u614b\u307e\u305f\u306f\u8a8d\u77e5\u75c7\u306e\u4eba\u306e\u305f\u3081\u306e\u97f3\u58f0\u304a\u3088\u3073\u97f3\u697d\u9332\u97f3<\/p>\n\n\n\n<h4 class=\"wp-block-heading\"><strong>\u30ea\u30cf\u30d3\u30ea\u306e\u305f\u3081\u306e\u97f3\u697d<\/strong><\/h4>\n\n\n\n<p><a href=\"http:\/\/www.singliesel.de\/\">www.singliesel.de<\/a> \u2013 \u8a8d\u77e5\u75c7\u306e\u4eba\u306e\u305f\u3081\u306e\u6b4c\u96c6                                 <\/p>\n\n\n\n<p><a href=\"http:\/\/www.liederlexikon.de\/\" target=\"_blank\" rel=\"noreferrer noopener\">www.liederlexikon.de<\/a> \u2013 \u6b74\u53f2\u6279\u8a55\u6b4c\u8b21\u8f9e\u5178\u3002\u30dd\u30d4\u30e5\u30e9\u30fc\u30bd\u30f3\u30b0\u3068\u4f1d\u7d71\u6b4c\u8b21<\/p>\n\n\n\n<p><a href=\"http:\/\/www.liederdatenbank.de\/songs\/a\">www.liederdatenbank.de\/songs\/a<\/a>&nbsp;\u2013 \u30ad\u30ea\u30b9\u30c8\u6559\u306e\u6b4c\u306e\u30c7\u30fc\u30bf\u30d9\u30fc\u30b9<\/p>\n\n\n\n<p><a href=\"http:\/\/www.liederprojekt.org\/\">www.liederprojekt.org<\/a>&nbsp;\u2013 Carus-Verlag\u306b\u3088\u308b\u6620\u50cf\u3068\u97f3\u58f0\u3067\u975e\u5e38\u306b\u4e01\u5be7\u306b\u8868\u73fe\u3055\u308c\u305f\u6c11\u8b21<\/p>\n\n\n\n<p><a href=\"https:\/\/deutschelieder.wordpress.com\/\">www.deutschelieder.wordpress.com<\/a> \u2013 \u30c9\u30a4\u30c4\u306e\u6b4c\u66f2\u96c6\u3002\u30d0\u30f3\u30d9\u30eb\u30af\u30fb\u30a2\u30f3\u30bd\u30ed\u30b8\u30fc\u3002\u30dd\u30c3\u30d7\u3001\u30ed\u30c3\u30af\u3001\u30d5\u30a9\u30fc\u30af\u2026\u306e\u89e3\u8aac\u4ed8\u304d\u3002       <\/p>\n\n\n\n<h4 class=\"wp-block-heading\"><strong>\u7814\u7a76<\/strong><\/h4>\n\n\n\n<p> <a href=\"http:\/\/www.mahrc.music.utoronto.ca\">www.mahrc.music.utoronto.ca<\/a> \u2013 \u97f3\u697d\u3068\u5065\u5eb7\u79d1\u5b66\u7814\u7a76\u5354\u50cd\u7814\u7a76\u6240\u3001\u30de\u30a4\u30b1\u30eb\u30fb\u30bf\u30a6\u30c8\u6559\u6388\u3001\u30c8\u30ed\u30f3\u30c8\/\u30ab\u30ca\u30c0<\/p>\n\n\n\n<p><a href=\"http:\/\/www.brams.org\/\" target=\"_blank\" rel=\"noreferrer noopener\">www.brams.org\/<\/a> \u2013 \u56fd\u969b\u8133\u30fb\u97f3\u697d\u30fb\u97f3\u97ff\u7814\u7a76\u7814\u7a76\u6240 <\/p>\n\n\n\n<p><a href=\"http:\/\/www.ganzohr.org\/\" target=\"_blank\" rel=\"noreferrer noopener\">www.ganzohr.org\/<\/a> \u2013 \u5b50\u4f9b\u5411\u3051\u306e\u97f3\u697d <\/p>\n\n\n\n<h4 class=\"wp-block-heading\"><strong>\u97f3\u697d\u30bd\u30d5\u30c8\u30a6\u30a7\u30a2<\/strong> \uff06\u30a2\u30d7\u30ea<\/h4>\n\n\n\n<p><a href=\"http:\/\/www.curaswing.de\" target=\"_blank\" rel=\"noreferrer noopener\">www.curaswing.de<\/a> \u2013 \u6b69\u884c\u4e2d\u306b\u97f3\u697d\u306e\u52d5\u304d\u3092\u30d5\u30a3\u30fc\u30c9\u30d0\u30c3\u30af\u3059\u308b\u30a2\u30d7\u30ea<\/p>\n\n\n\n<p><a href=\"http:\/\/www.audacity.de\/\" target=\"_blank\" rel=\"noreferrer noopener\">www.audacity.de<\/a> \u2013 Audacity \u2013 \u7de8\u96c6\u3001\u901f\u5ea6\u5909\u66f4\u3001\u30df\u30ad\u30b7\u30f3\u30b0\u306e\u305f\u3081\u306e\u30d5\u30ea\u30fc\u30a6\u30a7\u30a2<\/p>\n\n\n\n<p><a href=\"http:\/\/www.audiograbber.de\/\" target=\"_blank\" rel=\"noreferrer noopener\">www.audiograbber.de<\/a> \u2013 Audiograbber \u2013 MP3\u304a\u3088\u3073\u30e9\u30a4\u30f3\u5165\u529b\u9332\u97f3\u3092\u4f5c\u6210\u3059\u308b\u305f\u3081\u306e\u30d5\u30ea\u30fc\u30a6\u30a7\u30a2 <\/p>\n\n\n\n<p><a href=\"http:\/\/www.chip.de\/downloads\/No23-Recorder_13011558.html\">www.chip.de\/downloads\/No23-Recorder_13011558.html<\/a> \u2013 No. 23 \u30ec\u30b3\u30fc\u30c0\u30fc \u2013 MP3 \u2013 \u30d5\u30ea\u30fc\u30a6\u30a7\u30a2\u3002\u9332\u97f3\u30bd\u30d5\u30c8\u30a6\u30a7\u30a2 <\/p>\n\n\n\n<p><a href=\"https:\/\/www.anytune.app\/\">www.anytune.app<\/a> \u2013 iOS\u3068Android\u7528\u306eMP3\u30d5\u30a1\u30a4\u30eb\u306e\u79fb\u8abf\u3068\u901f\u5ea6\u5909\u66f4\u30a2\u30d7\u30ea<\/p>\n\n\n\n<p><a href=\"https:\/\/www.karafun.de\/apps\/\">www.karafun.de<\/a> \u2013 \u30ab\u30e9\u30aa\u30b1\u7528\u306e\u3055\u307e\u3056\u307e\u306a\u30d7\u30e9\u30c3\u30c8\u30d5\u30a9\u30fc\u30e0\u7528\u306e\u30a2\u30d7\u30ea\/\u30bd\u30d5\u30c8\u30a6\u30a7\u30a2\uff08\u79fb\u8abf\u6a5f\u80fd\u3092\u5b9f\u88c5\uff09<\/p>\n\n\n\n<h4 class=\"wp-block-heading\"><strong>\u8a55\u4fa1<\/strong><\/h4>\n\n\n\n<p><a href=\"https:\/\/www.kcgeriatrie.de\/assessments-in-der-geriatrie\" target=\"_blank\" rel=\"noreferrer noopener\">https:\/\/www.kcgeriatrie.de\/assessments-in-der-geriatrie<\/a> \u2013 \u8a55\u4fa1 kcgeriatire.de \u2013 Barthel Index\u3001Mini-Mental Sate\u3001DemTect \u306a\u3069\u3002.<\/p>\n\n\n\n<p><a href=\"https:\/\/www.testarchiv.eu\/\" target=\"_blank\" rel=\"noreferrer noopener\">https:\/\/www.testarchiv.eu\/<\/a> \u2013 \u30e9\u30a4\u30d7\u30cb\u30c3\u30c4\u5fc3\u7406\u5b66\u7814\u7a76\u6240\u306b\u3088\u308b\u5fc3\u7406\u691c\u67fb\u624b\u9806\u3002.<\/p>","protected":false},"excerpt":{"rendered":"<p>Musiktherapie www.musiktherapie.de &#8211; Deutsche Musiktherapeutische Gesellschaft www.voices.no &#8211; Journal and Online Community for Music Therapy bag-musiktherapie.de &#8211; Bundesarbeitsgemeinschaft Musiktherapie &#8211; Infos zu Qualit\u00e4tsstandards, Ausbildung Musiktherapie, BRD&nbsp; mt-spiele.npage.de &#8211; Musiktherapiespielvorschl\u00e4ge www.youtube.com\/&#8230; &#8211; Youtube Channel der Dt. Musiktherapeutischen Gesellschaft &nbsp; Musiktherapie und Rehabilitation http:\/\/nmtacademy.co&nbsp;&#8211; Academy for Neurologic Music Therapy\u00ae www.mit-musik-geht-reha-besser.de\/nmt-online-intervision &#8211; Die NMT\u2122 Online Intervision f\u00fcr den deutschsprachigen Raum Neurologische Rehabilitation www.awmf.org\/leitlinien\/detail\/ll\/053-011.html &#8211; S3 Schlaganfall &#8211; Behanldungsleitlinie der AWMF www.schlaganfall-hilfe.de &#8211; Info Onlineangebot von Stiftung Deutsche Schlaganfall-Hilfe www.kompetenznetz-schlaganfall.de &#8211; Kompetenznetz Schlaganfall www.a-zieger.de &#8211; Webseite Prof.apl.Dr.med. Andreas Zieger&nbsp; Projekte und Initiativen www.projekttanz.com &#8211; Tanzprojekt f\u00fcr Menschen mit Parkinson in Hamburg www.intodance.art &#8211; Tanzprojekt f\u00fcr Menschen k\u00f6rperlichen Einschr\u00e4nkungen an der Deutschen Oper Berlin www.together.audio\/ [&hellip;]<\/p>\n","protected":false},"author":1,"featured_media":0,"parent":0,"menu_order":3,"comment_status":"closed","ping_status":"closed","template":"","meta":{"footnotes":""},"class_list":["post-254","page","type-page","status-publish","hentry"],"_links":{"self":[{"href":"https:\/\/mit-musik-geht-reha-besser.de\/ja\/wp-json\/wp\/v2\/pages\/254","targetHints":{"allow":["GET"]}}],"collection":[{"href":"https:\/\/mit-musik-geht-reha-besser.de\/ja\/wp-json\/wp\/v2\/pages"}],"about":[{"href":"https:\/\/mit-musik-geht-reha-besser.de\/ja\/wp-json\/wp\/v2\/types\/page"}],"author":[{"embeddable":true,"href":"https:\/\/mit-musik-geht-reha-besser.de\/ja\/wp-json\/wp\/v2\/users\/1"}],"replies":[{"embeddable":true,"href":"https:\/\/mit-musik-geht-reha-besser.de\/ja\/wp-json\/wp\/v2\/comments?post=254"}],"version-history":[{"count":28,"href":"https:\/\/mit-musik-geht-reha-besser.de\/ja\/wp-json\/wp\/v2\/pages\/254\/revisions"}],"predecessor-version":[{"id":1406,"href":"https:\/\/mit-musik-geht-reha-besser.de\/ja\/wp-json\/wp\/v2\/pages\/254\/revisions\/1406"}],"wp:attachment":[{"href":"https:\/\/mit-musik-geht-reha-besser.de\/ja\/wp-json\/wp\/v2\/media?parent=254"}],"curies":[{"name":"wp","href":"https:\/\/api.w.org\/{rel}","templated":true}]}}