{"id":1261,"date":"2024-06-25T09:39:01","date_gmt":"2024-06-25T09:39:01","guid":{"rendered":"https:\/\/mit-musik-geht-reha-besser.de\/?page_id=1261"},"modified":"2024-06-25T09:39:01","modified_gmt":"2024-06-25T09:39:01","slug":"musik-als-therapieempfehlung-bei-bewusstseinsstoerung","status":"publish","type":"page","link":"https:\/\/mit-musik-geht-reha-besser.de\/zh\/musik-als-therapieempfehlung-bei-bewusstseinsstoerung\/","title":{"rendered":"\u97f3\u4e50\u7597\u6cd5\u4f5c\u4e3a\u6cbb\u7597\u610f\u8bc6\u969c\u788d\u7684\u5efa\u8bae"},"content":{"rendered":"<p>\u795e\u7ecf\u7cfb\u7edf\u75be\u75c5\u3001\u4e2d\u98ce\u3001\u8111\u5916\u4f24\u6216\u80bf\u7624\u5207\u9664\u7b49\u9020\u6210\u7684\u8111\u635f\u4f24\u540e\uff0c\u53ef\u80fd\u4f1a\u51fa\u73b0\u4e25\u91cd\u7684\u610f\u8bc6\u969c\u788d\u3002\u8fd9\u79cd\u60c5\u51b5\u4e5f\u79f0\u4e3a\u690d\u7269\u4eba\u72b6\u6001\u3002, <em>\u6700\u5c0f\u54cd\u5e94\u72b6\u6001 <\/em>\u6216\u8005 <em>\u690d\u7269\u4eba\u72b6\u6001<\/em> \u8fd9\u79cd\u60c5\u51b5\u63cf\u8ff0\u5982\u4e0b\uff1a\u53d7\u5f71\u54cd\u7684\u4eba\u5927\u591a\u5904\u4e8e\u6e05\u9192\u72b6\u6001\uff0c\u4f46\u5bf9\u5468\u56f4\u73af\u5883\u5b8c\u5168\u6ca1\u6709\u53cd\u5e94\u6216\u53ea\u6709\u6781\u5c0f\u7684\u53cd\u5e94\uff0c\u5305\u62ec\u5bf9\u5916\u754c\u8bf4\u8bdd\u6216\u63a5\u6536\u611f\u5b98\u523a\u6fc0\u7684\u53cd\u5e94\u3002.<\/p>\n\n\n<div class=\"wp-block-image\">\n<figure class=\"alignright size-full is-resized\"><img loading=\"lazy\" decoding=\"async\" width=\"350\" height=\"263\" src=\"https:\/\/mit-musik-geht-reha-besser.de\/wp-content\/uploads\/2019\/01\/wachkoma.jpg\" alt=\"\" class=\"wp-image-6\" style=\"width:238px;height:auto\" srcset=\"https:\/\/mit-musik-geht-reha-besser.de\/wp-content\/uploads\/2019\/01\/wachkoma.jpg 350w, https:\/\/mit-musik-geht-reha-besser.de\/wp-content\/uploads\/2019\/01\/wachkoma-300x225.jpg 300w\" sizes=\"auto, (max-width: 350px) 100vw, 350px\" \/><\/figure>\n<\/div>\n\n\n<p>\u5fb7\u56fd\u795e\u7ecf\u75c5\u5b66\u4f1a (DGN) \u7684\u6cbb\u7597\u6307\u5357\u73b0\u5728\u63a8\u8350\u5bf9\u8fd9\u4e9b\u60a3\u8005\u8fdb\u884c[\u6cbb\u7597\u6307\u5357]\u3002 <a href=\"https:\/\/mit-musik-geht-reha-besser.de\/zh\/wachkoma-2\/\" data-type=\"page\" data-id=\"205\">\u97f3\u4e50\u7597\u6cd5\u6cbb\u7597<\/a>. \u5728\u8fd9\u79cd\u7597\u6cd5\u4e2d\uff0c\u6cbb\u7597\u5e08\u4f1a\u4f7f\u7528\u60a3\u8005\u719f\u6089\u7684\u97f3\u6548\u3001\u6b4c\u58f0\u6216\u5bf9\u5176\u751f\u6d3b\u5177\u6709\u91cd\u8981\u610f\u4e49\u7684\u97f3\u4e50\u3002\u97f3\u4e50\u5bf9\u5927\u8111\u529f\u80fd\u6709\u7740\u663e\u8457\u4e14\u5f80\u5f80\u6301\u4e45\u7684\u5f71\u54cd\u3002\u5b83\u53ef\u4ee5\u63d0\u9ad8\u610f\u8bc6\u969c\u788d\u60a3\u8005\u7684\u53cd\u5e94\u80fd\u529b\uff0c\u4ece\u800c\u5e2e\u52a9\u4ed6\u4eec\u6062\u590d\u8b66\u89c9\u6027\u548c\u6c9f\u901a\u80fd\u529b\u3002.<\/p>\n\n\n\n<p> \u5fb7\u56fd\u795e\u7ecf\u75c5\u5b66\u4f1a (DGN) \u5bf9\u5176\u6307\u5357\u5efa\u8bae\u8bc4\u4f30\u4e86\u4e09\u9879\u4e34\u5e8a\u7814\u7a76\u3002\u8fd9\u4e09\u9879\u7814\u7a76\u5747\u5177\u6709\u8f83\u9ad8\u7684\u79d1\u5b66\u8d28\u91cf\uff0c\u5e76\u8bc1\u5b9e\u97f3\u4e50\u7597\u6cd5\u80fd\u591f\u6539\u5584\u60a3\u8005\u4e0e\u73af\u5883\u7684\u4e92\u52a8\u3002\u56e0\u6b64\uff0c\u8be5\u6307\u5357\u5efa\u8bae\u53d7\u5f71\u54cd\u7684\u60a3\u8005\u201e\u5e94\u8be5\u201c\u63a5\u53d7\u97f3\u4e50\u7597\u6cd5\u3002\u5728\u79d1\u5b66\u533b\u5b66\u7814\u7a76\u534f\u4f1a (AWMF) \u53d1\u5e03\u7684\u6307\u5357\u4e2d\uff0c\u5efa\u8bae\u901a\u5e38\u4ee5\u201e\u5e94\u8be5\u201c\u3001\u201e\u5efa\u8bae\u201c\u6216\u201e\u53ef\u4ee5\u201c\u7684\u5f62\u5f0f\u8868\u8fbe\u3002\u201c\u5e94\u8be5\u201d\u5efa\u8bae\u610f\u5473\u7740\u5927\u591a\u6570\u60a3\u8005\u5e94\u8be5\u63a5\u53d7\u6b64\u7c7b\u6cbb\u7597\u3002.<\/p>\n\n\n\n<p>\u8111\u79d1\u5b66\u7814\u7a76\u4eba\u5458\uff0c\u4f8b\u5982\u5fb7\u56fd\u97f3\u4e50\u795e\u7ecf\u79d1\u5b66\u5bb6\u65af\u7279\u51e1\u00b7\u79d1\u5c14\u65bd\u6559\u6388\uff0c\u8ba4\u4e3a\u97f3\u4e50\u7684\u72ec\u7279\u4e4b\u5904\u5728\u4e8e\u5b83\u80fd\u591f\u523a\u6fc0\u4eba\u8111\u4e2d\u590d\u6742\u7684\u795e\u7ecf\u7f51\u7edc\u3002\u8fd9\u4e0d\u4ec5\u80fd\u5524\u8d77\u60c5\u611f\u548c\u8bb0\u5fc6\uff0c\u8fd8\u80fd\u540c\u65f6\u89e6\u53d1\u8bf8\u5982\u8fd0\u52a8\u6216\u6ce8\u610f\u529b\u96c6\u4e2d\u7b49\u5fc3\u7406\u8fc7\u7a0b\u3002.<\/p>\n\n\n\n<p>\u8be5\u6307\u5357\u8ba4\u4e3a\u97f3\u4e50\u7597\u6cd5\u7684\u4f18\u70b9\u5728\u4e8e\u526f\u4f5c\u7528\u5c11\uff0c\u800c\u4e14\u76f8\u5bf9\u5bb9\u6613\u5b9e\u65bd\u3002.<\/p>\n\n\n\n<p class=\"has-text-align-right has-small-font-size\"><a href=\"https:\/\/register.awmf.org\/de\/leitlinien\/detail\/080-006\" data-type=\"link\" data-id=\"https:\/\/register.awmf.org\/de\/leitlinien\/detail\/080-006\" target=\"_blank\" rel=\"noreferrer noopener\">Andreas Bender \u7b49 (2022)\u3002S3 \u6307\u5357\uff1a\u6210\u4eba\u660f\u8ff7\u548c\u4e25\u91cd\u610f\u8bc6\u969c\u788d\u60a3\u8005\u7684\u795e\u7ecf\u5eb7\u590d\u3002\u8f7d\u4e8e\uff1a\u5fb7\u56fd\u795e\u7ecf\u5eb7\u590d\u5b66\u4f1a (DGNR) (\u7f16)\uff0c\u300a\u795e\u7ecf\u5eb7\u590d\u6307\u5357\u300b\u30022022 \u5e74\u7248 \/ 2022 \u5e74 12 \u6708 23 \u65e5<\/a><\/p>\n\n\n\n<p class=\"has-text-align-right has-small-font-size\">\u65af\u7279\u51e1\u00b7\u79d1\u5c14\u65bd (2019)\u3002\u826f\u597d\u7684\u632f\u52a8\uff1a\u97f3\u4e50\u7684\u6cbb\u6108\u529b\u91cf\u3002\u4e4c\u5c14\u65af\u5766\u51fa\u7248\u793e<\/p>\n\n\n\n<ol class=\"wp-block-list\"><\/ol>","protected":false},"excerpt":{"rendered":"<p>Nach Hirnsch\u00e4digung durch eine neurologische Erkrankung, einen Schlaganfall, ein Sch\u00e4delhirntrauma oder als Folge einer Tumorentfernung k\u00f6nnen schwerwiegende St\u00f6rungen des Bewusstseins auftreten. Diese werden auch als Wachkoma, minimal responsive state oder vegetative state bezeichnet. Die Betroffenen sind zumeist wach, reagieren jedoch gar nicht oder nur minimal auf ihre Umwelt, inklusive Ansprache oder sensorische Reize von au\u00dfen. [&hellip;]<\/p>\n","protected":false},"author":1,"featured_media":0,"parent":0,"menu_order":0,"comment_status":"closed","ping_status":"closed","template":"","meta":{"footnotes":""},"class_list":["post-1261","page","type-page","status-publish","hentry"],"_links":{"self":[{"href":"https:\/\/mit-musik-geht-reha-besser.de\/zh\/wp-json\/wp\/v2\/pages\/1261","targetHints":{"allow":["GET"]}}],"collection":[{"href":"https:\/\/mit-musik-geht-reha-besser.de\/zh\/wp-json\/wp\/v2\/pages"}],"about":[{"href":"https:\/\/mit-musik-geht-reha-besser.de\/zh\/wp-json\/wp\/v2\/types\/page"}],"author":[{"embeddable":true,"href":"https:\/\/mit-musik-geht-reha-besser.de\/zh\/wp-json\/wp\/v2\/users\/1"}],"replies":[{"embeddable":true,"href":"https:\/\/mit-musik-geht-reha-besser.de\/zh\/wp-json\/wp\/v2\/comments?post=1261"}],"version-history":[{"count":1,"href":"https:\/\/mit-musik-geht-reha-besser.de\/zh\/wp-json\/wp\/v2\/pages\/1261\/revisions"}],"predecessor-version":[{"id":1262,"href":"https:\/\/mit-musik-geht-reha-besser.de\/zh\/wp-json\/wp\/v2\/pages\/1261\/revisions\/1262"}],"wp:attachment":[{"href":"https:\/\/mit-musik-geht-reha-besser.de\/zh\/wp-json\/wp\/v2\/media?parent=1261"}],"curies":[{"name":"wp","href":"https:\/\/api.w.org\/{rel}","templated":true}]}}