{"id":173,"date":"2019-01-19T14:16:05","date_gmt":"2019-01-19T14:16:05","guid":{"rendered":"http:\/\/mit-musik-geht-reha-besser.de\/?page_id=173"},"modified":"2025-07-31T18:53:57","modified_gmt":"2025-07-31T18:53:57","slug":"impressum","status":"publish","type":"page","link":"https:\/\/mit-musik-geht-reha-besser.de\/zh\/impressum\/","title":{"rendered":"\u5370\u8bb0"},"content":{"rendered":"<figure class=\"wp-block-table aligncenter is-style-stripes\"><table><tbody><tr><td>\u8fd0\u8425\u3001\u5b9e\u65bd\u3001\u7f51\u9875\u8bbe\u8ba1\uff1a               <\/td><td>                                                                                                         <a href=\"http:\/\/mit-musik-geht-reha-besser.de\/zh\/stefan-mainka\/\">\u65af\u7279\u51e1\u00b7\u66fc\u5361\u535a\u58eb<\/a>            <br>                                                                                             \u6c49\u65af-\u683c\u96f7\u5fb7-\u73af 13<br> 14480 \u6ce2\u8328\u5766 <br> \u5fb7\u56fd   <br>frage@mit-musik-geht-reha-besser.de            <\/td><\/tr><tr><td>\u4f5c\u8005\uff1a<\/td><td>Stefan Mainka \u535a\u58eb\u3001Karin B\u00f6seler\uff08\u690d\u7269\u4eba\uff09\u3001Stephan Koslik\uff08\u521b\u4f24\u6027\u8111\u635f\u4f24\uff09\u3001Stefanie B\u00f6ttger\uff08NMT \u8111\u529f\u80fd\uff09\u3001Matthias Gr\u00fcn \u535a\u58eb\uff08\u65b0\u95fb\uff09\u3001Kathrin Mertel\uff08\u65b0\u95fb\uff09\u3001Monika Platten\u3001Elke Rohde\uff08\u65b0\u95fb\uff09\u3001Selma Gros\uff08\u65b0\u95fb\uff09<\/td><\/tr><tr><td>\u5efa\u8bae\uff1a <\/td><td>\u83ab\u59ae\u5361\u00b7\u9c8d\u66fc <\/td><\/tr><tr><td>\u7167\u7247\uff1a<\/td><td>Karin B\u00f6seler\u3001Stefan Mainka\uff0c\u4f7f\u7528 MS Copilot \u751f\u6210<\/td><\/tr><tr><td><strong>\u514d\u8d23\u58f0\u660e <\/strong><\/td><td>\n              \n              \n              \n              \n              \n              \n              \u5c3d\u7ba1\u6211\u4eec\u5df2\u4ed4\u7ec6\u5ba1\u6838\u5185\u5bb9\uff0c\u4f46\u6211\u4eec\u5bf9\u5916\u90e8\u94fe\u63a5\u7684\u5185\u5bb9\u4e0d\u627f\u62c5\u4efb\u4f55\u8d23\u4efb\u3002\u94fe\u63a5\u7f51\u7ad9\u7684\u8fd0\u8425\u8005\u5bf9\u5176\u5185\u5bb9\u8d1f\u5168\u90e8\u8d23\u4efb\u3002.\n\n\n\n\n\n\n\n              <\/td><\/tr><tr><td><strong>\u6240\u6709\u6743\u58f0\u660e<\/strong><\/td><td>\u6240\u6709\u4f7f\u7528\u7684\u7167\u7247\u3001\u56fe\u5f62\u548cMP3\u6587\u4ef6\u5747\u4e0d\u5f97\u7528\u4e8e\u5546\u4e1a\u7528\u9014\u6216\u4ee5\u5176\u4ed6\u65b9\u5f0f\u53d1\u5e03\u3002.<\/td><\/tr><\/tbody><\/table><\/figure>","protected":false},"excerpt":{"rendered":"<p>Betreiber,&nbsp;Umsetzung, Webdesign: Dr. Stefan Mainka Hans-Grade-Ring 13 14480 Potsdam DEUTSCHLAND frage@mit-musik-geht-reha-besser.de Autoren: Dr. phil. Stefan Mainka, Karin B\u00f6seler (Wachkoma), Stephan Koslik (Sch\u00e4delhirntrauma), Stefanie B\u00f6ttger (NMT-Hirnleistung), Dr.phil. Matthias Gr\u00fcn (Nachrichten), Kathrin Mertel (Nachrichten), Monika Platten, Elke Rohde (Nachrichten), Selma Gros (Nachrichten) Beratung: Monika Baumann Fotos: Karin B\u00f6seler, Stefan Mainka, generiert mit MS Copilot Haftungshinweis Trotz sorgf\u00e4ltiger [&hellip;]<\/p>\n","protected":false},"author":1,"featured_media":0,"parent":0,"menu_order":1,"comment_status":"closed","ping_status":"closed","template":"","meta":{"footnotes":""},"class_list":["post-173","page","type-page","status-publish","hentry"],"_links":{"self":[{"href":"https:\/\/mit-musik-geht-reha-besser.de\/zh\/wp-json\/wp\/v2\/pages\/173","targetHints":{"allow":["GET"]}}],"collection":[{"href":"https:\/\/mit-musik-geht-reha-besser.de\/zh\/wp-json\/wp\/v2\/pages"}],"about":[{"href":"https:\/\/mit-musik-geht-reha-besser.de\/zh\/wp-json\/wp\/v2\/types\/page"}],"author":[{"embeddable":true,"href":"https:\/\/mit-musik-geht-reha-besser.de\/zh\/wp-json\/wp\/v2\/users\/1"}],"replies":[{"embeddable":true,"href":"https:\/\/mit-musik-geht-reha-besser.de\/zh\/wp-json\/wp\/v2\/comments?post=173"}],"version-history":[{"count":10,"href":"https:\/\/mit-musik-geht-reha-besser.de\/zh\/wp-json\/wp\/v2\/pages\/173\/revisions"}],"predecessor-version":[{"id":1363,"href":"https:\/\/mit-musik-geht-reha-besser.de\/zh\/wp-json\/wp\/v2\/pages\/173\/revisions\/1363"}],"wp:attachment":[{"href":"https:\/\/mit-musik-geht-reha-besser.de\/zh\/wp-json\/wp\/v2\/media?parent=173"}],"curies":[{"name":"wp","href":"https:\/\/api.w.org\/{rel}","templated":true}]}}