{"id":209,"date":"2019-01-19T15:33:42","date_gmt":"2019-01-19T15:33:42","guid":{"rendered":"http:\/\/mit-musik-geht-reha-besser.de\/?page_id=209"},"modified":"2025-06-25T19:14:19","modified_gmt":"2025-06-25T19:14:19","slug":"neurologische-musiktherapie-motoriktraining","status":"publish","type":"page","link":"https:\/\/mit-musik-geht-reha-besser.de\/zh\/neurologische-musiktherapie-motoriktraining\/","title":{"rendered":"NMT\u2122 \u2013 \u8fd0\u52a8\u6280\u80fd\u8bad\u7ec3"},"content":{"rendered":"<p>\u8fd9\u91cc\uff0c\u7535\u673a\u5e94\u7528 <a href=\"http:\/\/mit-musik-geht-reha-besser.de\/zh\/neurologische-musiktherapie\/\">\u795e\u7ecf\u97f3\u4e50\u7597\u6cd5<\/a><sup>\u00ae<\/sup> \u6b63\u5982Thaut\u6240\u63cf\u8ff0\u7684\u90a3\u6837\u3002.<\/p>\n\n\n\n<h4 class=\"wp-block-heading\"><strong><a>\u97f3\u4e50\u8f85\u52a9\u6b65\u6001\u8bad\u7ec3 \u2013 RAS<\/a><\/strong><\/h4>\n\n\n<div class=\"wp-block-image\">\n<figure class=\"alignright is-resized\"><img loading=\"lazy\" decoding=\"async\" width=\"250\" height=\"333\" src=\"http:\/\/mit-musik-geht-reha-besser.de\/wp-content\/uploads\/2019\/01\/gang.jpg\" alt=\"\" class=\"wp-image-14\" style=\"width:111px;height:148px\" srcset=\"https:\/\/mit-musik-geht-reha-besser.de\/wp-content\/uploads\/2019\/01\/gang.jpg 250w, https:\/\/mit-musik-geht-reha-besser.de\/wp-content\/uploads\/2019\/01\/gang-225x300.jpg 225w\" sizes=\"auto, (max-width: 250px) 100vw, 250px\" \/><\/figure>\n<\/div>\n\n\n<p>\u5eb7\u590d\u6027\u6b65\u6001\u8bad\u7ec3<strong> <\/strong>\uff08\u4f8b\u5982\uff0c\u5728\u4e2d\u98ce\u3001\u5e15\u91d1\u68ee\u75c5\u3001\u8111\u5916\u4f24\u3001\u9acb\u5173\u8282\u624b\u672f\u7b49\u60c5\u51b5\u4e0b\uff09\u501f\u52a9\u97f3\u4e50\u53ef\u4ee5\u63d0\u9ad8\u5eb7\u590d\u6548\u7387\u3002\u8fd9\u6d89\u53ca\u5230\u4e00\u79cd\u540d\u4e3a RAS\u2122\uff08\u8282\u594f\u58f0\u523a\u6fc0\uff09\u7684\u6280\u672f\u3002\u8fd9\u79cd\u6280\u672f\u53ef\u4ee5\u901a\u8fc7\u8282\u62cd\u5668\u6216\u8033\u673a\u64ad\u653e\u97f3\u4e50\u6765\u5b9e\u73b0\u3002\u97f3\u4e50\u7684\u8282\u594f\u548c\u7ed3\u6784\u2026\u2026 <a href=\"http:\/\/mit-musik-geht-reha-besser.de\/zh\/musik\/\" target=\"_blank\" rel=\"noreferrer noopener\">\u8bad\u7ec3\u97f3\u4e50<\/a>\u00a0\u9002\u5e94\u5f02\u5e38\u7684\u6b65\u6001\u6a21\u5f0f\u3002.\u00a0<br>RAS\u2122\u6570\u5b57\u5316\u6cbb\u7597\u65b9\u6848\u2014\u2014\u6b65\u6001\u8bad\u7ec3\u3002\u5185\u7f6e\u516c\u5f0f\u7f16\u8f91\u5668\u3002.<\/p>\n\n\n\n<div class=\"wp-block-file\"><a href=\"http:\/\/mit-musik-geht-reha-besser.de\/wp-content\/uploads\/2019\/02\/RAS-Protokoll.xls\">RAS\u2122\u534f\u8bae<\/a><a href=\"http:\/\/mit-musik-geht-reha-besser.de\/wp-content\/uploads\/2019\/02\/RAS-Protokoll.xls\" class=\"wp-block-file__button wp-element-button\" download>\u4e0b\u8f7d<\/a><\/div>\n\n\n\n<figure class=\"wp-block-embed alignleft is-type-video is-provider-vimeo wp-block-embed-vimeo wp-embed-aspect-4-3 wp-has-aspect-ratio\"><div class=\"wp-block-embed__wrapper\">\n<iframe loading=\"lazy\" title=\"\u795e\u7ecf\u635f\u4f24\u540e\u7684\u6cbb\u7597\u6027\u4e50\u5668\u6f14\u594f\" src=\"https:\/\/player.vimeo.com\/video\/346514321?dnt=1&amp;app_id=122963\" width=\"640\" height=\"480\" frameborder=\"0\" allow=\"autoplay; fullscreen; picture-in-picture; clipboard-write; encrypted-media; web-share\"><\/iframe>\n<\/div><\/figure>\n\n\n\n<h4 class=\"wp-block-heading\"><a>\u5c06\u5668\u4e50\u6f14\u594f\u4f5c\u4e3a\u52a8\u4f5c\u8bad\u7ec3<\/a><\/h4>\n\n\n\n<p>\u6f14\u594f\u4e50\u5668\u53ef\u4ee5\u8ba9\u60a3\u8005\u2014\u2014\u5373\u4f7f\u662f\u90a3\u4e9b\u4ee5\u524d\u6ca1\u6709\u4efb\u4f55\u97f3\u4e50\u7ecf\u9a8c\u7684\u60a3\u8005\u2014\u2014\u6709\u6548\u5730\u8bad\u7ec3\u624b\u81c2\u3001\u8eaf\u5e72\u3001\u624b\u3001\u624b\u6307\u7b49\u90e8\u4f4d\u7684\u8fd0\u52a8\u3002<strong> <\/strong>\u4f7f\u7528\u9f13\u3001\u69cc\u51fb\u4e50\u5668\u3001\u94a2\u7434\u6216\u53e3\u98ce\u7434\u7b49\u4e50\u5668\uff0c\u4f7f\u8fd0\u52a8\u7ec3\u4e60\u5177\u6709\u97f3\u4e50\u6027\u3002<strong> <\/strong>\u4e3a\u4e86\u8fbe\u5230\u6700\u4f73\u6548\u679c\uff0c\u4e50\u5668\u7684\u6446\u653e\u548c\u97f3\u4e50\u523a\u6fc0\u2014\u2014\u7531\u6cbb\u7597\u5e08\u73b0\u573a\u5f39\u594f\u94a2\u7434\u2014\u2014\u786e\u4fdd\u76f8\u540c\u7684\u52a8\u4f5c\u88ab\u53cd\u590d\u7ec3\u4e60\u3002.&nbsp;<\/p>\n\n\n\n<figure class=\"wp-block-embed alignleft is-type-video is-provider-vimeo wp-block-embed-vimeo wp-embed-aspect-4-3 wp-has-aspect-ratio\"><div class=\"wp-block-embed__wrapper\">\n<iframe loading=\"lazy\" title=\"\u4e3a\u5e15\u91d1\u68ee\u75c5\u60a3\u8005\u63d0\u4f9b\u94a2\u7434\u624b\u90e8\u8bad\u7ec3\" src=\"https:\/\/player.vimeo.com\/video\/112469229?dnt=1&amp;app_id=122963\" width=\"720\" height=\"576\" frameborder=\"0\" allow=\"autoplay; fullscreen; picture-in-picture; clipboard-write; encrypted-media; web-share\"><\/iframe>\n<\/div><\/figure>\n\n\n\n<p>\u94a2\u7434\u7cbe\u7ec6\u52a8\u4f5c\u6280\u80fd\u8bad\u7ec3\u5bf9\u4e8e\u5e15\u91d1\u68ee\u75c5\u60a3\u8005\u6765\u8bf4\u662f\u4e00\u79cd\u6781\u4f73\u7684\u65b9\u5f0f\uff0c\u80fd\u591f\u7ef4\u6301\u548c\u8bad\u7ec3\u624b\u6307\u548c\u624b\u90e8\u7684\u7075\u5de7\u6027\u3002\u8fd9\u79cd\u94a2\u7434\u8bad\u7ec3\u6ce8\u91cd\u8282\u594f\u63a7\u5236\uff0c\u4fc3\u8fdb\u624b\u6307\u7684\u6700\u4f73\u548c\u9009\u62e9\u6027\u8fd0\u52a8\uff0c\u540c\u65f6\u6291\u5236\u4f4e\u6548\u8fd0\u52a8\u548c\u50f5\u786c\u3002.<\/p>\n\n\n\n<p>\u8fd9\u79cd\u91cd\u590d\u8bad\u7ec3\u5728\u5eb7\u590d\u6cbb\u7597\u9886\u57df\u662f\u4e00\u79cd\u975e\u5e38\u6709\u524d\u666f\u7684\u65b9\u6cd5\uff0c\u5c24\u5176\u9002\u7528\u4e8e\u5b58\u5728\u5176\u4ed6\u7f3a\u9677\uff08\u5982\u5ffd\u89c6\u75c7\u3001\u75c9\u631b\u3001\u6ce8\u610f\u529b\u7f3a\u9677\u7b49\uff09\u963b\u788d\u8bad\u7ec3\u8fdb\u5c55\u7684\u60c5\u51b5\u3002\u5728\u6cbb\u7597\u5e08\u7684\u6307\u5bfc\u4e0b\uff0c\u5373\u4f7f\u662f\u4e25\u91cd\u762b\u75ea\u7684\u808c\u8089\u4e5f\u80fd\u5f97\u5230\u6709\u6548\u8bad\u7ec3\u3002\u5728\u795e\u7ecf\u97f3\u4e50\u7597\u6cd5\u4e2d\uff0c\u8fd9\u79cd\u6280\u672f\u88ab\u79f0\u4e3aTIMP\u2122\uff08\u6cbb\u7597\u6027\u5668\u4e50\u6f14\u594f\uff09\u3002.<\/p>\n\n\n\n<h4 class=\"wp-block-heading\"><strong><a>\u97f3\u4e50\u7597\u6cd5\u5e8f\u5217\u8bad\u7ec3<\/a><\/strong><\/h4>\n\n\n<div class=\"wp-block-image\">\n<figure class=\"alignleft is-resized\"><img loading=\"lazy\" decoding=\"async\" width=\"350\" height=\"233\" src=\"http:\/\/mit-musik-geht-reha-besser.de\/wp-content\/uploads\/2019\/01\/Chimes_handson.jpg\" alt=\"\" class=\"wp-image-18\" style=\"width:126px;height:84px\" srcset=\"https:\/\/mit-musik-geht-reha-besser.de\/wp-content\/uploads\/2019\/01\/Chimes_handson.jpg 350w, https:\/\/mit-musik-geht-reha-besser.de\/wp-content\/uploads\/2019\/01\/Chimes_handson-300x200.jpg 300w\" sizes=\"auto, (max-width: 350px) 100vw, 350px\" \/><\/figure>\n<\/div>\n\n\n<p>\u5728\u8fd9\u79cd\u8bad\u7ec3\u4e2d\uff0c\u60a3\u8005\u5728\u4e13\u95e8\u521b\u4f5c\u7684\u97f3\u4e50\u4f34\u594f\u4e0b\u7ec3\u4e60\u590d\u6742\u7684\u52a8\u4f5c\u6216\u4e00\u7cfb\u5217\u52a8\u4f5c\uff08\u4f8b\u5982\uff0c\u4ece\u5750\u5230\u7ad9\u3001\u64cd\u4f5c\u7269\u4f53\u7b49\uff09\u3002\u6240\u6709\u5355\u72ec\u7684\u52a8\u4f5c\u90fd\u88ab\u878d\u5165\u5230\u6240\u8c13\u7684\u8fd0\u52a8\u65cb\u5f8b\u4e2d\u3002\u8fd9\u79cd\u6cbb\u7597\u6280\u672f\u88ab\u79f0\u4e3a <em>\u6a21\u5f0f\u5316\u611f\u5b98\u589e\u5f3a<\/em>\u2122\u3002\u5728\u8fd9\u4e2a\u8fc7\u7a0b\u4e2d\uff0c\u97f3\u4e50\u6a21\u5f0f\u652f\u6301\u52a8\u4f5c\u7684\u7279\u5b9a\u65b9\u9762\u2014\u2014\u4f8b\u5982\u8fd0\u52a8\u8303\u56f4\u3002.<\/p>\n\n\n\n<p>\u8fd9\u79cd\u7279\u6b8a\u7684\u97f3\u4e50\u6709\u52a9\u4e8e\u63d0\u9ad8\u8fd0\u52a8\u63a7\u5236\u80fd\u529b\u3002\u6b64\u5916\uff0c\u5b83\u8fd8\u80fd\u5c06\u8bad\u7ec3\u53d8\u6210\u4e00\u79cd\u542c\u89c9\u548c\u5ba1\u7f8e\u4f53\u9a8c\uff0c\u4ece\u800c\u8f85\u52a9\u5fc3\u7406\u5b66\u4e60\u8fc7\u7a0b\u3002\u6700\u540e\uff0c\u5b83\u8fd8\u80fd\u8ba9\u8bad\u7ec3\u66f4\u52a0\u6109\u60a6\uff0c\u589e\u5f3a\u8010\u529b\u548c\u79ef\u6781\u6027\u3002\u53e6\u8bf7\u53c2\u9605 <a href=\"https:\/\/www.youtube.com\/channel\/UCKS1ewyg0UOHv3E1AiK3TVw\" target=\"_blank\" rel=\"noreferrer noopener\">\u8d1d\u5229\u8328\u97f3\u4e50\u4f53\u64cd\u3002.<\/a><\/p>","protected":false},"excerpt":{"rendered":"<p>Hier werden motorische Anwendungen der Neurologischen Musiktherapie\u00ae nach Thaut beschrieben. Gangtraining mit Musik &#8211; RAS Das rehabilitative Gangtraining (z.Bsp. bei Schlaganfall, Parkinson, Sch\u00e4delhirntrauma, H\u00fcft-OP etc.) wird mittels Musik effizienter. Dabei wird eine sogenannte RAS\u2122 (Rhythmisch-akustische Stimulation) verwendet. Diese wird von einem Metronom oder\u00a0als Musik \u00fcber Kopfh\u00f6rer pr\u00e4sentiert. Dabei m\u00fcssen Tempo und Struktur der Trainingsmusik\u00a0an das [&hellip;]<\/p>\n","protected":false},"author":1,"featured_media":0,"parent":0,"menu_order":4,"comment_status":"closed","ping_status":"closed","template":"","meta":{"footnotes":""},"class_list":["post-209","page","type-page","status-publish","hentry"],"_links":{"self":[{"href":"https:\/\/mit-musik-geht-reha-besser.de\/zh\/wp-json\/wp\/v2\/pages\/209","targetHints":{"allow":["GET"]}}],"collection":[{"href":"https:\/\/mit-musik-geht-reha-besser.de\/zh\/wp-json\/wp\/v2\/pages"}],"about":[{"href":"https:\/\/mit-musik-geht-reha-besser.de\/zh\/wp-json\/wp\/v2\/types\/page"}],"author":[{"embeddable":true,"href":"https:\/\/mit-musik-geht-reha-besser.de\/zh\/wp-json\/wp\/v2\/users\/1"}],"replies":[{"embeddable":true,"href":"https:\/\/mit-musik-geht-reha-besser.de\/zh\/wp-json\/wp\/v2\/comments?post=209"}],"version-history":[{"count":13,"href":"https:\/\/mit-musik-geht-reha-besser.de\/zh\/wp-json\/wp\/v2\/pages\/209\/revisions"}],"predecessor-version":[{"id":1339,"href":"https:\/\/mit-musik-geht-reha-besser.de\/zh\/wp-json\/wp\/v2\/pages\/209\/revisions\/1339"}],"wp:attachment":[{"href":"https:\/\/mit-musik-geht-reha-besser.de\/zh\/wp-json\/wp\/v2\/media?parent=209"}],"curies":[{"name":"wp","href":"https:\/\/api.w.org\/{rel}","templated":true}]}}