{"id":236,"date":"2019-01-20T10:35:25","date_gmt":"2019-01-20T10:35:25","guid":{"rendered":"http:\/\/mit-musik-geht-reha-besser.de\/?page_id=236"},"modified":"2026-01-07T15:39:28","modified_gmt":"2026-01-07T15:39:28","slug":"parkinson","status":"publish","type":"page","link":"https:\/\/mit-musik-geht-reha-besser.de\/zh\/parkinson\/","title":{"rendered":"\u5e15\u91d1\u68ee\u75c5"},"content":{"rendered":"<div class=\"wp-block-image\">\n<figure class=\"alignright is-resized\"><img loading=\"lazy\" decoding=\"async\" width=\"250\" height=\"333\" src=\"http:\/\/mit-musik-geht-reha-besser.de\/wp-content\/uploads\/2019\/01\/gang.jpg\" alt=\"\" class=\"wp-image-14\" style=\"width:133px;height:177px\" srcset=\"https:\/\/mit-musik-geht-reha-besser.de\/wp-content\/uploads\/2019\/01\/gang.jpg 250w, https:\/\/mit-musik-geht-reha-besser.de\/wp-content\/uploads\/2019\/01\/gang-225x300.jpg 225w\" sizes=\"auto, (max-width: 250px) 100vw, 250px\" \/><\/figure>\n<\/div>\n\n\n<p>\u5e15\u91d1\u68ee\u75c5\u76ee\u524d\u5c1a\u65e0\u6cd5\u6cbb\u6108\u3002\u5982\u679c\u836f\u7269\u6cbb\u7597\u65e0\u6548\u6216\u7597\u6548\u4e0d\u4f73\uff0c\u60a3\u8005\u53ef\u4ee5\u524d\u5f80\u4e13\u79d1\u8bca\u6240\u5bfb\u6c42\u6cbb\u7597\u3002\u8fd9\u4e9b\u4e13\u79d1\u533b\u9662\u6216\u795e\u7ecf\u5eb7\u590d\u8bca\u6240\u6709\u65f6\u4e5f\u4f1a\u63d0\u4f9b\u97f3\u4e50\u7597\u6cd5\uff0c\u97f3\u4e50\u7597\u6cd5\u662f\u5e15\u91d1\u68ee\u75c5\u7684\u91cd\u8981\u8f85\u52a9\u7597\u6cd5\u3002.<\/p>\n\n\n<div class=\"wp-block-image\">\n<figure class=\"alignleft is-resized\"><img loading=\"lazy\" decoding=\"async\" width=\"500\" height=\"667\" src=\"http:\/\/mit-musik-geht-reha-besser.de\/wp-content\/uploads\/2019\/01\/klavier-mit-therapeutin.jpg\" alt=\"\" class=\"wp-image-10\" style=\"width:119px;height:159px\" srcset=\"https:\/\/mit-musik-geht-reha-besser.de\/wp-content\/uploads\/2019\/01\/klavier-mit-therapeutin.jpg 500w, https:\/\/mit-musik-geht-reha-besser.de\/wp-content\/uploads\/2019\/01\/klavier-mit-therapeutin-225x300.jpg 225w\" sizes=\"auto, (max-width: 500px) 100vw, 500px\" \/><\/figure>\n<\/div>\n\n\n<p>\u901a\u8fc7 <a href=\"file:\/\/\/G:\/web%20site\/WEB%20SPACE%201&amp;1\/Mit-Musik-geht-Reha-besser\/html\/nmt-motor.html#ras\"><strong>RAS \u2013 <\/strong><\/a><strong><a href=\"http:\/\/mit-musik-geht-reha-besser.de\/zh\/neurologische-musiktherapie-motoriktraining\/\">\u6b65\u6001\u8bad\u7ec3 <\/a><\/strong>\u5e15\u91d1\u68ee\u75c5\u60a3\u8005\u53ef\u4ee5\u901a\u8fc7\u97f3\u4e50\u6216\u8282\u62cd\u5668\u6765\u6539\u5584\u884c\u8d70\u80fd\u529b\u3002\u6839\u636e\u4e0d\u540c\u7684\u76ee\u6807\uff0c\u53ef\u4ee5\u7ec3\u4e60\u8fc8\u5927\u6b65\u5e45\u3001\u589e\u5f3a\u6446\u81c2\u529b\u91cf\u6216\u6539\u5584\u6b65\u6001\u7a33\u5b9a\u6027\u3002\u6b63\u786e\u7684\u65b9\u6cd5\u5bf9\u6cbb\u7597\u7684\u6210\u529f\u81f3\u5173\u91cd\u8981\u3002 <a href=\"http:\/\/mit-musik-geht-reha-besser.de\/zh\/musik\/\">\u8bad\u7ec3\u97f3\u4e50<\/a>. \u8fd0\u52a8\u5f3a\u5ea6\u4f1a\u6839\u636e\u4e2a\u4eba\u60c5\u51b5\u8fdb\u884c\u8c03\u6574\uff0c\u4ee5\u8fbe\u5230\u6cbb\u7597\u6548\u679c\u3002\u5982\u679c\u60a8\u7684\u6b65\u884c\u901f\u5ea6\u8f83\u6162\uff0c\u6211\u4eec\u4f1a\u52a0\u5feb\u901f\u5ea6\u3002\u76f8\u53cd\uff0c\u5982\u679c\u60a8\u6b65\u6001\u4e0d\u7a33\uff0c\u5219\u5e94\u9009\u62e9\u8f83\u6162\u7684\u901f\u5ea6\uff0c\u6bcf\u5206\u949f 95 \u6b21\uff0c\u6700\u591a\u4e0d\u8d85\u8fc7 105 \u6b21\u3002 <a href=\"https:\/\/mit-musik-geht-reha-besser.de\/zh\/musik\/\" data-type=\"page\" data-id=\"90\">\u97f3\u4e50<\/a> \u627e\u5230\u91cf\u8eab\u5b9a\u5236\u7684\u64ad\u653e\u5217\u8868\u548c\u4e0b\u8f7d\u5185\u5bb9\uff0c\u4e30\u5bcc\u548c\u6539\u5584\u60a8\u7684\u65e5\u5e38\u953b\u70bc\u3002.<\/p>\n\n\n\n<p>\u8d1d\u5229\u8328\u97f3\u4e50\u4f53\u64cd\u4e5f\u662f\u5982\u6b64\u3002\u5b83\u7531\u8d1d\u5229\u8328-\u6d77\u5c14\u65af\u6cf0\u6ed5\u5e15\u91d1\u68ee\u4e2d\u5fc3\u7684\u6cbb\u7597\u5e08\u5f00\u53d1\uff0c\u65e8\u5728\u5e2e\u52a9\u5e15\u91d1\u68ee\u75c5\u60a3\u8005\u5728\u5bb6\u4e2d\u8fdb\u884c\u81ea\u6211\u8bad\u7ec3\u3002\u60a8\u53ef\u4ee5\u901a\u8fc7\u5e15\u91d1\u68ee\u4e2d\u5fc3\u4e86\u89e3\u66f4\u591a\u4fe1\u606f\u3002 <a href=\"https:\/\/www.parkinson-beelitz.de\/search-kbgp\/leistungsspektrum\/musiktherapie-27.html\" data-type=\"link\" data-id=\"https:\/\/www.parkinson-beelitz.de\/parkinson-infos\/links.html\" target=\"_blank\" rel=\"noreferrer noopener\">2\u5f20CD\uff0c\u9644\u7167\u7247\u518c<\/a> \u6d89\u53ca\u3002.<\/p>\n\n\n\n<figure class=\"wp-block-embed is-type-video is-provider-youtube wp-block-embed-youtube wp-embed-aspect-16-9 wp-has-aspect-ratio\"><div class=\"wp-block-embed__wrapper\">\n<iframe loading=\"lazy\" title=\"\u8d1d\u5229\u8328\u97f3\u4e50\u4f53\u64cd\u4f5c\u4e3a\u5e15\u91d1\u68ee\u75c5\u60a3\u8005\u7684\u5bb6\u5ead\u8bad\u7ec3\" width=\"768\" height=\"432\" src=\"https:\/\/www.youtube.com\/embed\/TbougNQt_pM?feature=oembed\" frameborder=\"0\" allow=\"accelerometer; autoplay; clipboard-write; encrypted-media; gyroscope; picture-in-picture; web-share\" referrerpolicy=\"strict-origin-when-cross-origin\" allowfullscreen><\/iframe>\n<\/div><figcaption class=\"wp-element-caption\"><a href=\"https:\/\/www.youtube.com\/watch?v=kxkVUIPqRYA\">\u82f1\u6587\u7248<\/a><\/figcaption><\/figure>\n\n\n\n<p>\u5728\u8d1d\u5229\u8328-\u6d77\u5c14\u65af\u6cf0\u6ed5\u7684\u5e15\u91d1\u68ee\u75c5\u4e2d\u5fc3\uff0c\u8fd8\u5f00\u53d1\u4e86\u4e00\u6b3e\u5e94\u7528\u7a0b\u5e8f\uff0c\u53ef\u4ee5\u751f\u6210\u7528\u4e8e\u6b65\u6001\u8bad\u7ec3\u7684\u97f3\u4e50\u8fd0\u52a8\u53cd\u9988\u3002\u8fd9\u6b3e\u5e94\u7528\u7a0b\u5e8f\u540d\u4e3a <a href=\"http:\/\/www.curaswing.de\" data-type=\"link\" data-id=\"https:\/\/apps.apple.com\/de\/app\/curaswing\/id1350473198\" target=\"_blank\" rel=\"noreferrer noopener\">CuraSwing<\/a>, \u8fd9\u6b3e\u5e94\u7528\u4e13\u4e3a\u5e15\u91d1\u68ee\u75c5\u60a3\u8005\u91cf\u8eab\u5b9a\u5236\uff0c\u63d0\u4f9b\u4e2a\u6027\u5316\u7684\u97f3\u4e50\u6b65\u6001\u8bad\u7ec3\uff0c\u5e2e\u52a9\u7528\u6237\u4fdd\u6301\u6bcf\u65e5\u6d3b\u529b\u3002.<\/p>\n\n\n\n<p>\u5728\u6b65\u6001\u963b\u585e\u7684\u60c5\u51b5\u4e0b\u2014\u2014\u5373\u6240\u8c13\u7684 <em>\u51b7\u51bb<\/em> \u4f7f\u7528\u8282\u62cd\u5668\u8fdb\u884c\u8282\u594f\u8bad\u7ec3\u901a\u5e38\u6709\u52a9\u4e8e\u6062\u590d\u6d41\u7545\u7684\u6b65\u6001\u3002\u8fd9\u79cd\u8bad\u7ec3\u9700\u8981\u4ee5\u660e\u663e\u8f83\u6162\u7684\u901f\u5ea6\u8fdb\u884c\u3002\u514b\u670d\u6b65\u6001\u969c\u788d\u7684\u53e6\u4e00\u79cd\u65b9\u6cd5\u662f\u6240\u8c13\u7684\u201e\u8fb9\u8d70\u8fb9\u5531\u201c\u3002\u60a3\u8005\u9700\u8981\u5b66\u4e60\u5728\u884c\u8d70\u65f6\u4e13\u6ce8\u4e8e\u4e00\u9996\u4e3a\u4ed6\u4eec\u9009\u62e9\u7684\u7279\u5b9a\u6b4c\u66f2\u3002\u540c\u6837\uff0c\u8f83\u6162\u7684\u8282\u594f\u81f3\u5173\u91cd\u8981\u3002\u5bf9\u4e8e\u660e\u663e\u7684\u8d77\u6b65\u969c\u788d\uff0c\u4e00\u9996\u7b80\u5355\u4f46\u7ed3\u6784\u6e05\u6670\u7684\u5fb7\u56fd\u7ae5\u8c23\u300a\u5c0f\u6c49\u5b50\u300b\uff08H\u00e4nschen klein\uff09\u5c24\u5176\u9002\u7528\u3002. <\/p>\n\n\n\n<p>\u901a\u8fc7 <strong>\u6cbb\u7597\u6027\u6b4c\u5531<\/strong> \u5e15\u91d1\u68ee\u75c5\u60a3\u8005\u53ef\u4ee5\u8fdb\u884c\u5f3a\u5316\u53d1\u58f0\u548c\u547c\u5438\u8bad\u7ec3\uff0c\u4ece\u800c\u6539\u5584\u97f3\u8d28\u548c\u547c\u5438\u534f\u8c03\u6027\uff0c\u5e76\u5bf9\u8a00\u8bed\u8868\u8fbe\u548c\u6c9f\u901a\u80fd\u529b\u4ea7\u751f\u79ef\u6781\u5f71\u54cd\u3002\u8bad\u7ec3\u6b4c\u66f2\u4f1a\u6839\u636e\u60a3\u8005\u7684\u97f3\u57df\u548c\u5177\u4f53\u53d1\u58f0\u75c7\u72b6\u8fdb\u884c\u8c03\u6574\uff0c\u56e0\u6b64\uff0c\u5373\u4f7f\u662f\u5e15\u91d1\u68ee\u75c5\u76f8\u5173\u7684\u53d1\u58f0\u56f0\u96be\uff0c\u4e5f\u80fd\u901a\u8fc7\u6709\u6548\u7684\u8bad\u7ec3\u83b7\u5f97\u76ca\u5904\u3002 <a href=\"http:\/\/mit-musik-geht-reha-besser.de\/zh\/zubehoer\/\" data-type=\"page\" data-id=\"336\">\u914d\u4ef6<\/a> \u60a8\u53ef\u4ee5\u627e\u5230\u53ef\u4f9b\u81ea\u884c\u6253\u5370\u7684LiLa\u6b4c\u672c\uff0c\u5176\u4e2d\u8fd8\u5305\u542b\u7528\u4e8e\u6cbb\u7597\u6027\u5361\u62c9OK\u7684\u94fe\u63a5\u3002Karafun\u5e94\u7528\u7a0b\u5e8f\u4e5f\u9002\u7528\u4e8e\u6b64\u76ee\u7684\uff0c\u5b83\u5141\u8bb8\u60a8\u5355\u72ec\u8c03\u6574\u901f\u5ea6\u548c\u97f3\u8c03\u3002.<\/p>\n\n\n\n<p><br>\u5728 <strong>\u821e\u8e48\u97f3\u4e50\u7597\u6cd5<\/strong> \u8fd9\u4e9b\u52a8\u4f5c\u4ee5\u8da3\u5473\u7684\u65b9\u5f0f\u8fdb\u884c\uff0c\u4f8b\u5982\u56f4\u6210\u5706\u5708\u3001\u56f4\u6210\u65b9\u5757\u6216\u4e0e\u540c\u4f34\u4e00\u8d77\u8df3\u821e\u3002\u9664\u4e86\u5bf9\u6d3b\u52a8\u80fd\u529b\u548c\u534f\u8c03\u6027\u6709\u663e\u8457\u7684\u6cbb\u7597\u6548\u679c\u5916\uff0c\u5e15\u91d1\u68ee\u75c5\u60a3\u8005\u8fd8\u53ef\u4ee5\u91cd\u65b0\u53d1\u73b0\u8fd0\u52a8\u7684\u4e50\u8da3\u3002\uff08\u53e6\u89c1\u2026\u2026\uff09 <a href=\"file:\/\/\/G:\/web%20site\/WEB%20SPACE%201&amp;1\/Mit-Musik-geht-Reha-besser\/html\/publik\/publik012008.html\">\u65b0\u95fb\uff1a\u8df3\u821e\u6709\u76ca <\/a><a href=\"http:\/\/mit-musik-geht-reha-besser.de\/zh\/nachrichten\/\">\u5728 <\/a><a href=\"file:\/\/\/G:\/web%20site\/WEB%20SPACE%201&amp;1\/Mit-Musik-geht-Reha-besser\/html\/publik\/publik012008.html\">\u5e15\u91d1\u68ee<\/a>)<\/p>\n\n\n\n<p>\u5728 <strong><a href=\"http:\/\/mit-musik-geht-reha-besser.de\/zh\/neurologische-musiktherapie-sprach-sprech-und-stimmtraining\/\">\u8282\u594f\u6027\u8a00\u8bed\u8bad\u7ec3<\/a><\/strong> \u4ee5\u524d\u7406\u89e3\u80fd\u529b\u6709\u56f0\u96be\u7684\u60a3\u8005\u5b66\u4f1a\u4e86\u66f4\u6e05\u6670\u3001\u66f4\u6709\u8282\u594f\u5730\u53d1\u97f3\u3002\u8bb8\u591a\u53d7\u5f71\u54cd\u7684\u4eba\u541e\u54bd\u9891\u7387\u964d\u4f4e\u3002\u4e3a\u6b64\uff0c <a href=\"http:\/\/mit-musik-geht-reha-besser.de\/zh\/schluck-wecker\/\" data-type=\"page\" data-id=\"814\">\u71d5\u5b50\u95f9\u949f <\/a>\u5df2\u53d1\u5c55\u3002\u5728 <strong>\u5668\u4e50\u5373\u5174\u6f14\u594f<\/strong> \u5373\u4f7f\u662f\u6ca1\u6709\u4efb\u4f55\u97f3\u4e50\u57fa\u7840\u7684\u5e15\u91d1\u68ee\u75c5\u60a3\u8005\u4e5f\u53ef\u4ee5\u5c1d\u8bd5\u6f14\u594f\u4e50\u5668\u3002\u5728\u4e2a\u4f53\u6216\u56e2\u4f53\u6cbb\u7597\u4e2d\uff0c\u8fd9\u79cd\u65b9\u6cd5\u4e0d\u4ec5\u80fd\u4fc3\u8fdb\u8fd0\u52a8\u6280\u80fd\u7684\u53d1\u5c55\uff0c\u8fd8\u80fd\u5e2e\u52a9\u60a3\u8005\u66f4\u597d\u5730\u5e94\u5bf9\u75be\u75c5\u3002\u56e0\u6b64\uff0c\u5b83\u7b26\u5408\u2026\u2026 <a href=\"file:\/\/\/G:\/web%20site\/WEB%20SPACE%201&amp;1\/Mit-Musik-geht-Reha-besser\/html\/psyche.html\">\u97f3\u4e50\u7597\u6cd5 <\/a><a href=\"http:\/\/mit-musik-geht-reha-besser.de\/zh\/musiktherapeutische-psychotherapie\/\">\u5fc3\u7406\u6cbb\u7597<\/a>.\u5728 <a href=\"file:\/\/\/G:\/web%20site\/WEB%20SPACE%201&amp;1\/Mit-Musik-geht-Reha-besser\/html\/nmt-motor.html#timp\">\u97f3\u4e50\u652f\u6301 <\/a><a href=\"http:\/\/mit-musik-geht-reha-besser.de\/zh\/neurologische-musiktherapie-motoriktraining\/\">\u7cbe\u7ec6\u52a8\u4f5c\u6280\u80fd\u8bad\u7ec3<\/a> \u901a\u8fc7\u8bad\u7ec3\uff0c\u53ef\u4ee5\u589e\u5f3a\u624b\u90e8\u548c\u624b\u6307\u7684\u529f\u80fd\uff0c\u4ece\u800c\u4f7f\u65e5\u5e38\u6d3b\u52a8\u518d\u6b21\u53d8\u5f97\u8f7b\u677e\u3002.<\/p>\n\n\n\n<p>\u97f3\u4e50\u5bf9\u653e\u677e\u8eab\u5fc3\u3001\u6539\u5584\u60c5\u7eea\u548c\u63d0\u5347\u52a8\u529b\u3001\u4fc3\u8fdb\u5e15\u91d1\u68ee\u75c5\u60a3\u8005\u7684\u6d3b\u52a8\u80fd\u529b\u548c\u884c\u8d70\u80fd\u529b\u5177\u6709\u591a\u79cd\u76ca\u5904\uff0c\u8fd9\u4e9b\u76ca\u5904\u53ef\u88ab\u4ee5\u4e0b\u673a\u6784\u5229\u7528\u2026\u2026 <a href=\"https:\/\/mit-musik-geht-reha-besser.de\/zh\/playlists\/\" data-type=\"page\" data-id=\"1233\">\u4e2a\u4eba\u64ad\u653e\u5217\u8868<\/a> \u521b\u5efa\u8fd9\u6837\u4e00\u4e2a\u64ad\u653e\u5217\u8868\u3002\u6709\u4e86\u8fd9\u6837\u7684\u64ad\u653e\u5217\u8868\uff0c\u5c31\u53ef\u4ee5\u4e13\u95e8\u2026\u2026 <a href=\"https:\/\/mit-musik-geht-reha-besser.de\/zh\/musik\/\" data-type=\"page\" data-id=\"90\">\u6b65\u6001<\/a> \u6216\u8005\u5f71\u54cd\u5f53\u524d\u7684\u60c5\u7eea\u3002\u5bf9\u4e8e\u540e\u8005\uff0c\u6211\u4eec\u6709\u2026\u2026 <a href=\"https:\/\/open.spotify.com\/playlist\/37MZev9u0s1AlYljQRPRBX?si=ziQ0t4wjTOCud5dQx5qZlw\" target=\"_blank\" rel=\"noreferrer noopener\">\u64ad\u653e\u5217\u8868\u201e\u5feb\u4e50\u8d77\u6765\u201c<\/a> \u5df2\u7f16\u8bd1\u3002.<\/p>\n\n\n\n<p>\u6709\u5173\u5e15\u91d1\u68ee\u75c5\u60a3\u8005\u8fb9\u542c\u97f3\u4e50\u8fb9\u884c\u8d70\u7684\u66f4\u591a\u4fe1\u606f\uff0c\u8bf7\u53c2\u9605\u8fd9\u7bc7\u82f1\u6587\u6982\u8ff0\u6587\u7ae0\u3002 <a href=\"https:\/\/www.frontiersin.org\/journals\/psychology\/articles\/10.3389\/fpsyg.2015.01547\/full\" data-type=\"link\" data-id=\"https:\/\/www.frontiersin.org\/journals\/psychology\/articles\/10.3389\/fpsyg.2015.01547\/full\" target=\"_blank\" rel=\"noreferrer noopener\">\u201e\u97f3\u4e50\u80fd\u540c\u65f6\u523a\u6fc0\u808c\u8089\u3001\u601d\u7ef4\u548c\u60c5\u611f\u3002\u201c<\/a>. \u5728 2025 \u5e74 3 \u6708 11 \u65e5\u7684 BR \u64ad\u5ba2 IQ Science \u8282\u76ee\u4e2d\uff0c\u5609\u5bbe\u662f Stefan Mainka \u6559\u6388\uff1a<\/p>\n\n\n\n<figure class=\"wp-block-audio\"><audio controls src=\"https:\/\/mit-musik-geht-reha-besser.de\/wp-content\/uploads\/2025\/03\/250311_1815_IQ-Wissenschaft-und-Forschung_PODCAST-Musiktherapie-Kann-Musik-Medizin-.mp3\"><\/audio><\/figure>\n\n\n\n<p><br><\/p>","protected":false},"excerpt":{"rendered":"<p>Die Parkinsonerkrankung l\u00e4sst sich bis heute nicht urs\u00e4chlich heilen. Wenn medikament\u00f6se Therapien nicht oder nicht mehr ausreichend helfen, k\u00f6nnen Betroffene sich in Spezialkliniken behandeln lassen. Diese Fachkrankenh\u00e4user oder Neuro-Reha-Kliniken bieten teilweise auch Musiktherapie an. Dies ist bei Morbus Parkinson eine wichtige begleitende Therapie. Durch RAS &#8211; Gangtraining mit Musik oder Metronom k\u00f6nnen Parkinsonkranke ihre Gehf\u00e4higkeit [&hellip;]<\/p>\n","protected":false},"author":1,"featured_media":14,"parent":0,"menu_order":3,"comment_status":"closed","ping_status":"closed","template":"","meta":{"footnotes":""},"class_list":["post-236","page","type-page","status-publish","has-post-thumbnail","hentry"],"_links":{"self":[{"href":"https:\/\/mit-musik-geht-reha-besser.de\/zh\/wp-json\/wp\/v2\/pages\/236","targetHints":{"allow":["GET"]}}],"collection":[{"href":"https:\/\/mit-musik-geht-reha-besser.de\/zh\/wp-json\/wp\/v2\/pages"}],"about":[{"href":"https:\/\/mit-musik-geht-reha-besser.de\/zh\/wp-json\/wp\/v2\/types\/page"}],"author":[{"embeddable":true,"href":"https:\/\/mit-musik-geht-reha-besser.de\/zh\/wp-json\/wp\/v2\/users\/1"}],"replies":[{"embeddable":true,"href":"https:\/\/mit-musik-geht-reha-besser.de\/zh\/wp-json\/wp\/v2\/comments?post=236"}],"version-history":[{"count":29,"href":"https:\/\/mit-musik-geht-reha-besser.de\/zh\/wp-json\/wp\/v2\/pages\/236\/revisions"}],"predecessor-version":[{"id":1423,"href":"https:\/\/mit-musik-geht-reha-besser.de\/zh\/wp-json\/wp\/v2\/pages\/236\/revisions\/1423"}],"wp:featuredmedia":[{"embeddable":true,"href":"https:\/\/mit-musik-geht-reha-besser.de\/zh\/wp-json\/wp\/v2\/media\/14"}],"wp:attachment":[{"href":"https:\/\/mit-musik-geht-reha-besser.de\/zh\/wp-json\/wp\/v2\/media?parent=236"}],"curies":[{"name":"wp","href":"https:\/\/api.w.org\/{rel}","templated":true}]}}