{"id":266,"date":"2019-02-17T13:51:10","date_gmt":"2019-02-17T13:51:10","guid":{"rendered":"http:\/\/mit-musik-geht-reha-besser.de\/?page_id=266"},"modified":"2026-01-09T13:25:55","modified_gmt":"2026-01-09T13:25:55","slug":"sht","status":"publish","type":"page","link":"https:\/\/mit-musik-geht-reha-besser.de\/zh\/sht\/","title":{"rendered":"\u521b\u4f24\u6027\u8111\u635f\u4f24"},"content":{"rendered":"<div class=\"wp-block-image\">\n<figure class=\"alignright is-resized\"><img loading=\"lazy\" decoding=\"async\" width=\"652\" height=\"1000\" src=\"http:\/\/mit-musik-geht-reha-besser.de\/wp-content\/uploads\/2019\/01\/flur_neurologie.jpg\" alt=\"\" class=\"wp-image-51\" style=\"width:78px;height:118px\" srcset=\"https:\/\/mit-musik-geht-reha-besser.de\/wp-content\/uploads\/2019\/01\/flur_neurologie.jpg 652w, https:\/\/mit-musik-geht-reha-besser.de\/wp-content\/uploads\/2019\/01\/flur_neurologie-196x300.jpg 196w\" sizes=\"auto, (max-width: 652px) 100vw, 652px\" \/><\/figure>\n<\/div>\n\n\n<p>Ein Sch\u00e4delhirntrauma (SHT) ist eine Verletzung des Gehirns durch eine mechanische Einwirkung. Diese hat schwerwiegende Folgen f\u00fcr den Betroffenen. Die Inhalte und Ziele einer musiktherapeutischen Behandlung richten sich nach der Behandlungsphase, in welcher die Therapie beginnt.<\/p>\n\n\n<div class=\"wp-block-image\">\n<figure class=\"alignleft is-resized\"><img loading=\"lazy\" decoding=\"async\" width=\"1000\" height=\"665\" src=\"http:\/\/mit-musik-geht-reha-besser.de\/wp-content\/uploads\/2019\/01\/haende_kind-im-bett.jpg\" alt=\"\" class=\"wp-image-57\" style=\"width:117px;height:77px\" srcset=\"https:\/\/mit-musik-geht-reha-besser.de\/wp-content\/uploads\/2019\/01\/haende_kind-im-bett.jpg 1000w, https:\/\/mit-musik-geht-reha-besser.de\/wp-content\/uploads\/2019\/01\/haende_kind-im-bett-300x200.jpg 300w, https:\/\/mit-musik-geht-reha-besser.de\/wp-content\/uploads\/2019\/01\/haende_kind-im-bett-768x511.jpg 768w\" sizes=\"auto, (max-width: 1000px) 100vw, 1000px\" \/><\/figure>\n<\/div>\n\n\n<p>\u5728\u521d\u59cb\u9636\u6bb5\uff0c\u9885\u5185\u538b\u901a\u5e38\u4f1a\u5347\u9ad8\uff0c\u8fd9\u662f\u7531\u51fa\u8840\u6216\u6c34\u80bf\u5f15\u8d77\u7684\u3002\u5728\u6b64\u9636\u6bb5\uff0c\u60a3\u8005\u5e38\u5e38\u5904\u4e8e\u660f\u8ff7\u72b6\u6001\u6216\u610f\u8bc6\u969c\u788d\u3002\u8fd9\u4e9b\u60a3\u8005\u7684\u6cbb\u7597\u65b9\u6cd5\u662f\u2026\u2026 <a href=\"http:\/\/mit-musik-geht-reha-besser.de\/zh\/wachkoma-2\/\">\u65e0\u610f\u8bc6\u7efc\u5408\u5f81\/\u690d\u7269\u72b6\u6001 <\/a> \u63cf\u8ff0\u5982\u4e0b\u3002\u968f\u7740\u6e05\u9192\u7a0b\u5ea6\u7684\u63d0\u9ad8\uff0c\u8111\u5916\u4f24\u7684\u8ba4\u77e5\u548c\u8fd0\u52a8\u5f71\u54cd\u9010\u6e10\u663e\u73b0\uff0c\u4ece\u800c\u5177\u6709\u6cbb\u7597\u610f\u4e49\u3002.<\/p>\n\n\n<div class=\"wp-block-image\">\n<figure class=\"alignright is-resized\"><img loading=\"lazy\" decoding=\"async\" width=\"1000\" height=\"665\" src=\"http:\/\/mit-musik-geht-reha-besser.de\/wp-content\/uploads\/2019\/01\/verschwommene_punkte.jpg\" alt=\"\" class=\"wp-image-69\" style=\"width:108px;height:71px\" srcset=\"https:\/\/mit-musik-geht-reha-besser.de\/wp-content\/uploads\/2019\/01\/verschwommene_punkte.jpg 1000w, https:\/\/mit-musik-geht-reha-besser.de\/wp-content\/uploads\/2019\/01\/verschwommene_punkte-300x200.jpg 300w, https:\/\/mit-musik-geht-reha-besser.de\/wp-content\/uploads\/2019\/01\/verschwommene_punkte-768x511.jpg 768w\" sizes=\"auto, (max-width: 1000px) 100vw, 1000px\" \/><\/figure>\n<\/div>\n\n\n<p>\u8111\u5916\u4f24\uff08TBI\uff09\u901a\u5e38\u4f1a\u5f71\u54cd\u5927\u8111\u989d\u53f6\u533a\u57df\uff0c\u8fdb\u800c\u5bfc\u81f4\u6267\u884c\u529f\u80fd\u969c\u788d\u7efc\u5408\u5f81\u3002\u60a3\u8005\u5728\u793e\u4ea4\u884c\u4e3a\u3001\u60c5\u7eea\u63a7\u5236\u548c\u89e3\u51b3\u65e5\u5e38\u95ee\u9898\u65b9\u9762\u90fd\u4f1a\u9047\u5230\u56f0\u96be\u3002.<\/p>\n\n\n<div class=\"wp-block-image\">\n<figure class=\"alignleft is-resized\"><img loading=\"lazy\" decoding=\"async\" width=\"600\" height=\"371\" src=\"http:\/\/mit-musik-geht-reha-besser.de\/wp-content\/uploads\/2019\/01\/rahmentrommel.jpg\" alt=\"\" class=\"wp-image-66\" style=\"width:100px;height:61px\" srcset=\"https:\/\/mit-musik-geht-reha-besser.de\/wp-content\/uploads\/2019\/01\/rahmentrommel.jpg 600w, https:\/\/mit-musik-geht-reha-besser.de\/wp-content\/uploads\/2019\/01\/rahmentrommel-300x186.jpg 300w\" sizes=\"auto, (max-width: 600px) 100vw, 600px\" \/><\/figure>\n<\/div>\n\n\n<p>In einer musiktherapeutischen Gruppentherapie kann das Sozialverhalten trainiert werden (gemeinsames Musizieren nach Regeln). Musik und Emotionalit\u00e4t stehen in engem Zusammenhang. Somit bietet in der Arbeit mit den Emotionen der Patienten Musiktherapie einen guten Zugang. St\u00f6rungen des Antriebs, der Aufmerksamkeit und der Probleml\u00f6sestrategien lassen sich im aktiven musikalischen Spiel &#8222;quasi&#8220; live abbilden und be\u00fcben. Dies kann in einer kleineren Gruppe von 3 &#8211; 6 Patienten geschehen, die mitainder auf einfach handhabbaren Instrumenten musizieren. Dabei werden von Therapeuten Musikspiele und musikalische Abl\u00e4ufe initiiert, die gezielt auf die individuellen Bed\u00fcrfnisse der Betroffenen eingehen. Der aktive Einbezug, das Hantieren mit Instrumenten und die vorgegebene Struktur der musikalischen Interaktion stellen sicher, dass die Patienten bestm\u00f6glich in ihrer Rehabilitation unterst\u00fctzt werden.<\/p>\n\n\n\n<p>Auch an Sehst\u00f6rungen (Gesichtsfeldausf\u00e4lle) muss gedacht werden, da das Gehirn bei frontaler Gewalteinwirkung m\u00f6glicherweise hinten an den Sch\u00e4delknochen gedr\u00fcckt wurde und sich somit auch dort Verletzungen ereignen k\u00f6nnen. Hierf\u00fcr bietet das Instrumentarium in der Musiktherapie mannigfaltige Optionen der Einbeziehung, der Kompentation und auch des gezielten Trainings.<\/p>\n\n\n\n<p>\u5de6\u4fa7\u524d\u8111\u635f\u4f24\u5f88\u53ef\u80fd\u5bfc\u81f4\u5931\u8bed\u75c7\uff08\u8bed\u8a00\u969c\u788d\uff09\u3002\u8fd9\u79cd\u60c5\u51b5\u901a\u5e38\u53ef\u4ee5\u901a\u8fc7\u4ee5\u4e0b\u65b9\u5f0f\u6cbb\u7597\uff1a <a href=\"http:\/\/mit-musik-geht-reha-besser.de\/zh\/aphasie\/\">\u97f3\u4e50\u7597\u6cd5\u6cbb\u7597\u5931\u8bed\u75c7<\/a> \u6cbb\u7597\u3002.<\/p>\n\n\n\n<p>H\u00e4ufig leiden Patienten mit einem SHT an Beeintr\u00e4chtigungen ihres Ged\u00e4chtnisses. Musikalische Erinnerungen sind oft tief verankert und k\u00f6nnen bei der Therapie dieser sogenannten Amnesien genutzt werden. Man kann mit Musik &#8222;Anker&#8220; setzen oder an \u00e4ltere &#8222;Anker&#8220; (z.B. altbekannte Lieder) ankn\u00fcpfen.<\/p>\n\n\n\n<p>Die gute Erinnerbarkeit an musikalische Aktivit\u00e4t erleichtert den Transfer des Be\u00fcbten in den Alltag des Patienten &#8211; was schlie\u00dflich das Ziel der Behandlung darstellt. Das betrifft motorische Probleme, genauso wie die genannten kognitiven Schwierigkeiten oder die Symptome, welche die Sprache betreffen.  <\/p>\n\n\n\n<p>Auch die psychischen Belastungen durch eine so pl\u00f6tzliche k\u00f6rperliche Verletzung mit all ihren Auswirkungen f\u00fcr das Leben der Patienten sind immens. Es wird eine tiefgreifende Krankheitsverarbeitung notwendig. Hierbei k\u00f6nnen <a href=\"http:\/\/mit-musik-geht-reha-besser.de\/zh\/musiktherapeutische-psychotherapie\/\">\u97f3\u4e50\u5fc3\u7406\u6cbb\u7597\u65b9\u6cd5<\/a> \u53d1\u6325\u4f5c\u7528\u3002.\u00a0<\/p>\n\n\n\n<p><\/p>","protected":false},"excerpt":{"rendered":"<p>Ein Sch\u00e4delhirntrauma (SHT) ist eine Verletzung des Gehirns durch eine mechanische Einwirkung. Diese hat schwerwiegende Folgen f\u00fcr den Betroffenen. Die Inhalte und Ziele einer musiktherapeutischen Behandlung richten sich nach der Behandlungsphase, in welcher die Therapie beginnt. In der Anfangsphase kommt es oft zu einem Druckanstieg im Gehirn, verursacht durch Blutungen oder \u00d6deme. In dieser Phase [&hellip;]<\/p>\n","protected":false},"author":1,"featured_media":0,"parent":0,"menu_order":3,"comment_status":"closed","ping_status":"closed","template":"","meta":{"footnotes":""},"class_list":["post-266","page","type-page","status-publish","hentry"],"_links":{"self":[{"href":"https:\/\/mit-musik-geht-reha-besser.de\/zh\/wp-json\/wp\/v2\/pages\/266","targetHints":{"allow":["GET"]}}],"collection":[{"href":"https:\/\/mit-musik-geht-reha-besser.de\/zh\/wp-json\/wp\/v2\/pages"}],"about":[{"href":"https:\/\/mit-musik-geht-reha-besser.de\/zh\/wp-json\/wp\/v2\/types\/page"}],"author":[{"embeddable":true,"href":"https:\/\/mit-musik-geht-reha-besser.de\/zh\/wp-json\/wp\/v2\/users\/1"}],"replies":[{"embeddable":true,"href":"https:\/\/mit-musik-geht-reha-besser.de\/zh\/wp-json\/wp\/v2\/comments?post=266"}],"version-history":[{"count":5,"href":"https:\/\/mit-musik-geht-reha-besser.de\/zh\/wp-json\/wp\/v2\/pages\/266\/revisions"}],"predecessor-version":[{"id":1425,"href":"https:\/\/mit-musik-geht-reha-besser.de\/zh\/wp-json\/wp\/v2\/pages\/266\/revisions\/1425"}],"wp:attachment":[{"href":"https:\/\/mit-musik-geht-reha-besser.de\/zh\/wp-json\/wp\/v2\/media?parent=266"}],"curies":[{"name":"wp","href":"https:\/\/api.w.org\/{rel}","templated":true}]}}