{"id":422,"date":"2019-04-29T18:34:39","date_gmt":"2019-04-29T18:34:39","guid":{"rendered":"http:\/\/mit-musik-geht-reha-besser.de\/?page_id=422"},"modified":"2025-11-17T10:11:07","modified_gmt":"2025-11-17T10:11:07","slug":"nmt-online-intervision","status":"publish","type":"page","link":"https:\/\/mit-musik-geht-reha-besser.de\/zh\/nmt-online-intervision\/","title":{"rendered":"\u5728\u7ebf\u795e\u7ecf\u97f3\u4e50\u7597\u6cd5\u00ae\u5e72\u9884"},"content":{"rendered":"\n<p>Die Mitglieder der Academy for Neurologic Music Therapy<sup>\u00ae<\/sup> (NMT\u2122) Toronto bilden weltweit ein Netzwerk aus Neurologischen Musiktherapeut*innen (NMT\u2122\/NMT-F\u2122), und zugeh\u00f6rigen Berufsgruppen (NMTAP\u2122 \/ NMTAP-F\u2122), die regelm\u00e4\u00dfig von der Neurologic Music Therapy Academy\u2122 zertifiziert werden. Etliche dieser Mitglieder organisieren sogenannte Support Chapter, die auf regionaler Ebene der Unterst\u00fctzung und dem Austausch \u00fcber Neurologic Music Therapy\u00ae (NMT\u2122) dienen. <\/p>\n\n\n\n<p>F\u00fcr Deutschland, \u00d6sterreich und die Schweiz finden die <strong>NMT\u2122 German Support Chapter<\/strong> als wiederkehrende Online Intervisionsgruppe statt. In Deutschland wurden diese Treffen bereits 2017 gegr\u00fcndet und bieten eine gute M\u00f6glichkeit, Kontakte zu anderen NMT\u2122 \/ NMT-F\u2122 \/ NMTAP\u2122 \/ NMTAP-F\u2122 zu kn\u00fcpfen, sich \u00fcber Erfahrungen aus der klinischen Praxis auszutauschen, Fragen zu stellen oder \u00fcber aktuelle Fachliteratur zu diskutieren. Au\u00dferdem besteht die M\u00f6glichkeit, einen Fall aus der eigenen Arbeit per Videoausschnitt vorzustellen.<\/p>\n\n\n\n<p>Die <em>NMT\u2122 German Support Chapter<\/em> Treffen finden vier Mal j\u00e4hrlich als Videokonferenz statt, immer am vierten Dienstag im Januar, Mai, September und November von 16:30 &#8211; 17:30 Uhr (MEZ). Ein Schnuppertermin zum Kennenlernen unserer Treffen ist f\u00fcr angehende NMT\u2122 \/ NMTAP\u2122 bzw. f\u00fcr bereits zertifizierte NMT\u2122 \/ NMT-F\u2122 \/ NMTAP\u2122 \/ NMTAP-F\u2122 unverbindlich und ohne weitere Verpflichtungen m\u00f6glich. Die NMT\u2122 German Support Chapter finden \u00fcber die Video-Plattform GoTo statt. Eine Teilnahme \u00fcber den Browser ist m\u00f6glich.<\/p>\n\n\n\n<p>Um regelm\u00e4\u00dfig an unseren Meetings teilnehmen zu k\u00f6nnen, ist es erforderlich bei der <a href=\"https:\/\/nmtacademy.co\/findannmt\/\">NMT\u2122 Academy Toronto<\/a> als zertifiziertes Mitglied registriert zu sein. Sobald Du das hast, kontaktiere Elke Rohde unter Elke.Rohde[at]Diana-Klinik.de<\/p>\n\n\n\n<p>Hier kannst Du Dich <strong>anmelden<\/strong>: <a href=\"https:\/\/docs.google.com\/forms\/d\/e\/1FAIpQLSd7Uu8NhH_oChiMrwcuXLhWsTKKLagOVp5b59HAoYMAn52QMw\/viewform\" target=\"_blank\" rel=\"noreferrer noopener\">https:\/\/docs.google.com\/forms\/d\/e\/1FAIpQLSd7Uu8NhH_oChiMrwcuXLhWsTKKLagOVp5b59HAoYMAn52QMw\/viewform<\/a><\/p>\n\n\n\n<p>Alle Mitglieder aus dem deutschsprachigen Raum, die bei der Neurologic Music Therapy Academy\u2122 registriert sind, erhalten etwa eine Woche vor jedem NMT\u2122 German Support Chapter eine Einladung per Rundmail mit einem Zugangslink zur Videokonferenz.<\/p>\n\n\n\n<p>Hier kannst Du schon mal die <strong>Termine<\/strong> abrufen: <a href=\"https:\/\/docs.google.com\/document\/d\/1BW_a_jX3gocil2qxZwUdF3EaaafL1tbIhzoNl0zxRho\/edit?tab=t.0#heading=h.roni0zk8d3q0\" target=\"_blank\" rel=\"noreferrer noopener\">https:\/\/docs.google.com\/document\/d\/1BW_a_jX3gocil2qxZwUdF3EaaafL1tbIhzoNl0zxRho\/edit?tab=t.0#heading=h.roni0zk8d3q0<\/a><\/p>\n\n\n\n<p>Die Teilnahme an den NMT\u2122 German Support Chapter ist kostenfrei und kann deinerseits jederzeit durch eine Nachricht an die Organisatoren beendet werden. Die Treffen werden schriftlich protokolliert.<\/p>\n\n\n\n<p>Alle teilnehmenden Mitglieder erhalten anschlie\u00dfend per E-Mail eine Teilnahmebescheinigung (60min = 1FB), die du zum Beispiel als Intervisionsnachweis f\u00fcr eine Re-Zertifizierung bei deinem Fachverband verwenden kannst. F\u00fcr eine Re-Zertifizierung bei der Neurologic Music Therapy Academy\u2122 tr\u00e4gst du zus\u00e4tzlich den Nachweis f\u00fcr die Teilnahme am NMT\u2122 German Support Chapter in deinem CE App Account ein.<\/p>\n\n\n\n<p>Wir freuen uns auf dich und sehen uns online!<\/p>\n\n\n\n<p>Elke Rohde &amp; Stefan Mainka, November 2025<\/p>\n","protected":false},"excerpt":{"rendered":"<p>Die Mitglieder der Academy for Neurologic Music Therapy\u00ae (NMT\u2122) Toronto bilden weltweit ein Netzwerk aus Neurologischen Musiktherapeut*innen (NMT\u2122\/NMT-F\u2122), und zugeh\u00f6rigen Berufsgruppen (NMTAP\u2122 \/ NMTAP-F\u2122), die regelm\u00e4\u00dfig von der Neurologic Music Therapy Academy\u2122 zertifiziert werden. Etliche dieser Mitglieder organisieren sogenannte Support Chapter, die auf regionaler Ebene der Unterst\u00fctzung und dem Austausch \u00fcber Neurologic Music Therapy\u00ae (NMT\u2122) [&hellip;]<\/p>\n","protected":false},"author":1,"featured_media":0,"parent":0,"menu_order":70,"comment_status":"closed","ping_status":"closed","template":"","meta":{"footnotes":""},"class_list":["post-422","page","type-page","status-publish","hentry"],"_links":{"self":[{"href":"https:\/\/mit-musik-geht-reha-besser.de\/zh\/wp-json\/wp\/v2\/pages\/422","targetHints":{"allow":["GET"]}}],"collection":[{"href":"https:\/\/mit-musik-geht-reha-besser.de\/zh\/wp-json\/wp\/v2\/pages"}],"about":[{"href":"https:\/\/mit-musik-geht-reha-besser.de\/zh\/wp-json\/wp\/v2\/types\/page"}],"author":[{"embeddable":true,"href":"https:\/\/mit-musik-geht-reha-besser.de\/zh\/wp-json\/wp\/v2\/users\/1"}],"replies":[{"embeddable":true,"href":"https:\/\/mit-musik-geht-reha-besser.de\/zh\/wp-json\/wp\/v2\/comments?post=422"}],"version-history":[{"count":16,"href":"https:\/\/mit-musik-geht-reha-besser.de\/zh\/wp-json\/wp\/v2\/pages\/422\/revisions"}],"predecessor-version":[{"id":1381,"href":"https:\/\/mit-musik-geht-reha-besser.de\/zh\/wp-json\/wp\/v2\/pages\/422\/revisions\/1381"}],"wp:attachment":[{"href":"https:\/\/mit-musik-geht-reha-besser.de\/zh\/wp-json\/wp\/v2\/media?parent=422"}],"curies":[{"name":"wp","href":"https:\/\/api.w.org\/{rel}","templated":true}]}}