{"id":438,"date":"2019-06-10T07:16:10","date_gmt":"2019-06-10T07:16:10","guid":{"rendered":"http:\/\/mit-musik-geht-reha-besser.de\/?page_id=438"},"modified":"2019-06-22T04:06:01","modified_gmt":"2019-06-22T04:06:01","slug":"musik-verbessert-laufbandtraining-nach-schlaganfall","status":"publish","type":"page","link":"https:\/\/mit-musik-geht-reha-besser.de\/zh\/musik-verbessert-laufbandtraining-nach-schlaganfall\/","title":{"rendered":"\u4e2d\u98ce\u540e\u4ecd\u80fd\u5728\u8dd1\u6b65\u673a\u4e0a\u4f7f\u7528\u97f3\u4e50"},"content":{"rendered":"\n<p><em>30-10-2018.<\/em> 60% aller Schlaganfallpatienten leiden unter St\u00f6rungen der Gehf\u00e4higkeit. \u00a0Dies f\u00fchrt zu Einschr\u00e4nkungen der Teilhabe, beispielsweise Verlust von Arbeit oder \u00a0Freizeitaktivit\u00e4ten. Die Behandlung der Folgen des <a href=\"http:\/\/mit-musik-geht-reha-besser.de\/stroke\">Schlaganfalls <\/a>steht die Wiederherstellung von sensomotorischen Funktionen, insbesondere der Gehf\u00e4higkeit, und der gesellschaftlichen Teilhabe im Vordergrund. <\/p>\n\n\n\n<figure class=\"wp-block-embed-vimeo wp-block-embed is-type-video is-provider-vimeo wp-embed-aspect-4-3 wp-has-aspect-ratio\"><div class=\"wp-block-embed__wrapper\">\n<iframe loading=\"lazy\" src=\"https:\/\/player.vimeo.com\/video\/341289026?dnt=1&#038;app_id=122963\" width=\"320\" height=\"240\" frameborder=\"0\" title=\"RAS-Laufbandtraining nach Schlaganfall\" allow=\"autoplay; fullscreen\" allowfullscreen><\/iframe>\n<\/div><figcaption>Rehabilitatives Gangtraining mit Hemiparese nach Schlaganfall mit Musik 93 bpm<\/figcaption><\/figure>\n\n\n\n<p>In Behandlungsleitlinien wird das Laufbandtraining empfohlen (z.Bsp. DGN 2018). F\u00fcr diese Therapie liegen Wirknachweise f\u00fcr Verbesserungen in Gehgeschwindigkeit und Gehausdauer vor (Mehrholz et al. 2017). Auch f\u00fcr die <a href=\"http:\/\/mit-musik-geht-reha-besser.de\/neurologische-musiktherapie-motoriktraining\">Rhythmisch-auditive Stimulation (RAS)<\/a>, dem ebenerdigen Gangtraining mit akustischer Stimulation liegt vergleichbare Evidenz f\u00fcr Schlaganfallpatienten vor (Yoo et al. 2016).<\/p>\n\n\n\n<p>Eine neue Studie aus einer Neuro-Reha-Klinik in Beelitz-Heilst\u00e4tten in Brandenburg liefert nun erste Hinweise, dass sich die Laufbandtherapie durch Musik effektiver gestalten l\u00e4sst. Es wurden die Auswirkungen eines 4-w\u00f6chigen musikgest\u00fctzten Laufbandtrainings auf die Gangrehabilitation von Schlaganfallpatienten untersucht (<a href=\"http:\/\/mit-musik-geht-reha-besser.de\/stefan-mainka\">Mainka<\/a> et al. 2018). <\/p>\n\n\n\n<p>F\u00fcr die Kombinationstherapie RAS mit Laufbandtraining wurde daf\u00fcr spezielle <a href=\"http:\/\/mit-musik-geht-reha-besser.de\/musik\">Trainingsmusik<\/a> entwickelt. Diese wurde an die individuelle Laufbandkadenz des Patienten angepasst und in Abstimmung mit der Bandgeschwindigkeit systematisch gesteigert. Bei der klinischen Studie mit 45 Patienten nach Schlaganfall trainierten die Teilnehmen 5 mal pro Woche bis zu 20 min mit und ohne Musik auf dem Laufband. Dabei stellten die Forscher fest, dass Musik die Effekte der Therapie steigert. <\/p>\n\n\n\n<p>Die Studie liefert damit erstmals Anhaltspunkte f\u00fcr eine klinische \u00dcberlegenheit von RAS-Laufbandtherapie gegen\u00fcber den Standardtherapien. Die weitere Entwicklung und Beforschung dieses innovativen Therapieansatzes k\u00f6nnen in Zukunft zu einer verbesserten Gangrehabilitation von Patienten nach Schlaganfall beitragen.<\/p>\n\n\n\n<p style=\"text-align:right\" class=\"has-small-font-size\">MEHRHOLZ, J.,\nPOHL, M. &amp; ELSNER, B. (2017). Treadmill training and body weight support\nfor walking after stroke. Cochrane Database Syst Rev, CD002840<\/p>\n\n\n\n<p style=\"text-align:right\" class=\"has-small-font-size\">DGN, DEUTSCHE\nGESELLSCHAFT F\u00dcR NEUROLOGIE (2018). Behandlungsleitlinie Rehabilitation von\nsensomotorischen St\u00f6rungen. Abruf: 2018-08-28 von www.awmf.de<\/p>\n\n\n\n<p style=\"text-align:right\" class=\"has-small-font-size\">YOO, G. &amp;\nKim, S. (2016). Rhythmic Auditory Cueing in Motor Rehabilitation for Stroke\nPatients: Systematic Review and Meta-Analysis. J Mus Ther. 53(2). S. 149-77<\/p>\n\n\n\n<p style=\"text-align:right\" class=\"has-small-font-size\"><strong>MAINKA, S., WISSEL, J., V\u00d6LLER, H. EVERS, S. (2018). The use of rhythmic auditory stimulation to optimize treadmill training for stroke patients: a randomized controlled trial. Front Neurol, <a href=\"https:\/\/doi.org\/10.3389\/fneur.2018.00755\">https:\/\/doi.org\/10.3389\/fneur.2018.00755<\/a><\/strong><\/p>\n\n\n\n<p style=\"text-align:center\"><a href=\"http:\/\/mit-musik-geht-reha-besser.de\/nachrichten\">[Nachrichten im \u00dcberblick]<\/a><\/p>\n","protected":false},"excerpt":{"rendered":"<p>30-10-2018. 60% aller Schlaganfallpatienten leiden unter St\u00f6rungen der Gehf\u00e4higkeit. \u00a0Dies f\u00fchrt zu Einschr\u00e4nkungen der Teilhabe, beispielsweise Verlust von Arbeit oder \u00a0Freizeitaktivit\u00e4ten. Die Behandlung der Folgen des Schlaganfalls steht die Wiederherstellung von sensomotorischen Funktionen, insbesondere der Gehf\u00e4higkeit, und der gesellschaftlichen Teilhabe im Vordergrund. In Behandlungsleitlinien wird das Laufbandtraining empfohlen (z.Bsp. DGN 2018). F\u00fcr diese Therapie liegen [&hellip;]<\/p>\n","protected":false},"author":1,"featured_media":0,"parent":0,"menu_order":100,"comment_status":"closed","ping_status":"closed","template":"","meta":{"footnotes":""},"class_list":["post-438","page","type-page","status-publish","hentry"],"_links":{"self":[{"href":"https:\/\/mit-musik-geht-reha-besser.de\/zh\/wp-json\/wp\/v2\/pages\/438","targetHints":{"allow":["GET"]}}],"collection":[{"href":"https:\/\/mit-musik-geht-reha-besser.de\/zh\/wp-json\/wp\/v2\/pages"}],"about":[{"href":"https:\/\/mit-musik-geht-reha-besser.de\/zh\/wp-json\/wp\/v2\/types\/page"}],"author":[{"embeddable":true,"href":"https:\/\/mit-musik-geht-reha-besser.de\/zh\/wp-json\/wp\/v2\/users\/1"}],"replies":[{"embeddable":true,"href":"https:\/\/mit-musik-geht-reha-besser.de\/zh\/wp-json\/wp\/v2\/comments?post=438"}],"version-history":[{"count":5,"href":"https:\/\/mit-musik-geht-reha-besser.de\/zh\/wp-json\/wp\/v2\/pages\/438\/revisions"}],"predecessor-version":[{"id":508,"href":"https:\/\/mit-musik-geht-reha-besser.de\/zh\/wp-json\/wp\/v2\/pages\/438\/revisions\/508"}],"wp:attachment":[{"href":"https:\/\/mit-musik-geht-reha-besser.de\/zh\/wp-json\/wp\/v2\/media?parent=438"}],"curies":[{"name":"wp","href":"https:\/\/api.w.org\/{rel}","templated":true}]}}