{"id":89,"date":"2019-01-13T12:38:21","date_gmt":"2019-01-13T12:38:21","guid":{"rendered":"http:\/\/mit-musik-geht-reha-besser.de\/?page_id=89"},"modified":"2019-06-22T03:33:17","modified_gmt":"2019-06-22T03:33:17","slug":"anwendung","status":"publish","type":"page","link":"https:\/\/mit-musik-geht-reha-besser.de\/zh\/anwendung\/","title":{"rendered":"\u5e94\u7528"},"content":{"rendered":"<p>\u97f3\u4e50\u7597\u6cd5\u5728\u5eb7\u590d\u9886\u57df\u7684\u5e94\u7528\u6781\u5176\u5e7f\u6cdb\u3002\u97f3\u4e50\u53ef\u4ee5\u5bf9\u591a\u79cd\u75c7\u72b6\u4ea7\u751f\u79ef\u6781\u5f71\u54cd\u3002\u8bb8\u591a\u97f3\u4e50\u7597\u6cd5\u7684\u5e94\u7528\u90fd\u6709\u79d1\u5b66\u7814\u7a76\u8bc1\u5b9e\u5176\u6301\u4e45\u7597\u6548\u3002. <\/p>\n\n\n\n<p><strong><a href=\"http:\/\/mit-musik-geht-reha-besser.de\/zh\/wachkoma-2\/\">\u97f3\u4e50\u7597\u6cd5\u5bf9\u690d\u7269\u4eba\u60a3\u8005\u7684\u5f71\u54cd<\/a><\/strong> \u8fd9\u53d1\u751f\u5728\u5904\u4e8e\u690d\u7269\u4eba\u72b6\u6001\u7684\u75c5\u4eba\u5e8a\u8fb9\u3002.<\/p>\n\n\n\n<p><strong><a href=\"http:\/\/mit-musik-geht-reha-besser.de\/zh\/neurologische-musiktherapie\/\">\u795e\u7ecf\u97f3\u4e50\u7597\u6cd5 <\/a><\/strong>\u5305\u62ec\u79d1\u5b66\u5408\u7406\u7684\u5e94\u7528 <a href=\"http:\/\/mit-musik-geht-reha-besser.de\/zh\/neurologische-musiktherapie-motoriktraining\/\">\u611f\u89c9\u8fd0\u52a8<\/a> \uff08\u6b65\u6001\u8bad\u7ec3\u3001\u624b\u81c2\u548c\u624b\u90e8\u8bad\u7ec3\u7b49\uff09, <a href=\"http:\/\/mit-musik-geht-reha-besser.de\/zh\/neurologische-musiktherapie-sprach-sprech-und-stimmtraining\/\">\u8bed\u8a00\u548c\u8bed\u97f3\u76f8\u5173<\/a> (<a href=\"http:\/\/mit-musik-geht-reha-besser.de\/zh\/aphasie\/\">\u5931\u8bed\u75c7<\/a> ua) \u548c <a href=\"http:\/\/mit-musik-geht-reha-besser.de\/zh\/neurologische-musiktherapie-hirnleistungstraining\/\">\u8ba4\u77e5\u8bad\u7ec3\u6280\u5de7<\/a>.<\/p>\n\n\n\n<p><a href=\"file:\/\/\/G:\/web%20site\/WEB%20SPACE%201&amp;1\/Mit-Musik-geht-Reha-besser\/html\/psyche.html\"><strong>\u97f3\u4e50\u7597\u6cd5\u5fc3\u7406\u6cbb\u7597<\/strong><\/a>\n\u8fd9\u4ee3\u8868\u4e86\u97f3\u4e50\u7597\u6cd5\u5728\u5eb7\u590d\u9886\u57df\u7684\u53e6\u4e00\u4e2a\u5e94\u7528\u65b9\u5411\u3002\u5728\u4ee5\u5173\u7cfb\u4e3a\u5bfc\u5411\u7684\u6cbb\u7597\u65b9\u6848\u6846\u67b6\u5185\u521b\u4f5c\u548c\u4f53\u9a8c\u97f3\u4e50\uff0c\u5bf9\u5eb7\u590d\u7684\u6210\u529f\u5177\u6709\u91cd\u8981\u610f\u4e49\u3002.<a href=\"http:\/\/mit-musik-geht-reha-besser.de\/zh\/neurologische-musiktherapie\/\">I<\/a><\/p>\n\n\n\n<p><\/p>","protected":false},"excerpt":{"rendered":"<p>Die Anwendungsm\u00f6glichkeiten von Musiktherapie in der Rehabilitation sind enorm vielf\u00e4ltig. Dabei lassen sich die verschiedensten Symptome mit Musik positiv beeinflussen. F\u00fcr viele musiktherapeutische Anwendungen liegen wissenschaftliche Studien vor, welche eine nachhaltige Wirksamkeit dokumentieren. Musiktherapie bei Wachkoma findet bei Wachkomapatienten am Bett statt. Neurologische Musiktherapie beinhaltet wissenschaftlich fundierte Anwendungen f\u00fcr sensomotorische (Gangtraining, Arm- und Handtraining etc.), [&hellip;]<\/p>\n","protected":false},"author":1,"featured_media":0,"parent":0,"menu_order":1,"comment_status":"closed","ping_status":"closed","template":"","meta":{"footnotes":""},"class_list":["post-89","page","type-page","status-publish","hentry"],"_links":{"self":[{"href":"https:\/\/mit-musik-geht-reha-besser.de\/zh\/wp-json\/wp\/v2\/pages\/89","targetHints":{"allow":["GET"]}}],"collection":[{"href":"https:\/\/mit-musik-geht-reha-besser.de\/zh\/wp-json\/wp\/v2\/pages"}],"about":[{"href":"https:\/\/mit-musik-geht-reha-besser.de\/zh\/wp-json\/wp\/v2\/types\/page"}],"author":[{"embeddable":true,"href":"https:\/\/mit-musik-geht-reha-besser.de\/zh\/wp-json\/wp\/v2\/users\/1"}],"replies":[{"embeddable":true,"href":"https:\/\/mit-musik-geht-reha-besser.de\/zh\/wp-json\/wp\/v2\/comments?post=89"}],"version-history":[{"count":5,"href":"https:\/\/mit-musik-geht-reha-besser.de\/zh\/wp-json\/wp\/v2\/pages\/89\/revisions"}],"predecessor-version":[{"id":499,"href":"https:\/\/mit-musik-geht-reha-besser.de\/zh\/wp-json\/wp\/v2\/pages\/89\/revisions\/499"}],"wp:attachment":[{"href":"https:\/\/mit-musik-geht-reha-besser.de\/zh\/wp-json\/wp\/v2\/media?parent=89"}],"curies":[{"name":"wp","href":"https:\/\/api.w.org\/{rel}","templated":true}]}}